{"id":2759,"date":"2021-01-15T10:38:49","date_gmt":"2021-01-15T09:38:49","guid":{"rendered":"https:\/\/www.reservit.com\/spa-gestion-de-planning\/"},"modified":"2021-08-10T11:49:55","modified_gmt":"2021-08-10T09:49:55","slug":"spa-gestao-de-planejamento","status":"publish","type":"page","link":"https:\/\/reservit.wagaia.com\/pt-br\/spa-gestao-de-planejamento\/","title":{"rendered":""},"content":{"rendered":"<div class=\"vce-row-container\" data-vce-boxed-width=\"true\"><div class=\"vce-row vce-element--has-background vce-row--col-gap-30 page-banner vce-row-content--top\" id=\"el-94b67783\" data-vce-do-apply=\"all el-94b67783\"><div class=\"vce-content-background-container\"><div class=\"vce-asset-background-simple-container vce-visible-all-only vce-asset-background-simple--style-cover vce-asset-background-simple--position-center-bottom\"><div class=\"vce-asset-background-simple\">\n              <div class=\"vce-asset-background-simple-item vcv-lozad\" data-background-image=\"https:\/\/www.reservit.com\/wp-content\/uploads\/2021\/02\/jess-bailey-q10VITrVYUM-unsplash-scaled.jpg\"><\/div>\n              <noscript>\n                <div class=\"vce-asset-background-simple-item\" style=\"background-image: url(https:\/\/www.reservit.com\/wp-content\/uploads\/2021\/02\/jess-bailey-q10VITrVYUM-unsplash-scaled.jpg)\"><\/div>\n              <\/noscript>\n            <\/div><\/div><\/div><div class=\"vce-row-content\" data-vce-element-content=\"true\"><div class=\"vce-col vce-col--md-auto vce-col--xs-1 vce-col--xs-last vce-col--xs-first vce-col--sm-last vce-col--sm-first vce-col--md-last vce-col--lg-last vce-col--xl-last vce-col--md-first vce-col--lg-first vce-col--xl-first\" id=\"el-d252c871\"><div class=\"vce-col-inner\" data-vce-do-apply=\"border margin background  el-d252c871\"><div class=\"vce-col-content\" data-vce-element-content=\"true\" data-vce-do-apply=\"padding el-d252c871\"><div class=\"vce-text-block banner-arrows\"><div class=\"vce-text-block-wrapper vce\" id=\"el-c450b284\" data-vce-do-apply=\"all el-c450b284\"><h1>Gest\u00e3o de planejamento<\/h1><p>Gerenciar suas atividades por vagas hor\u00e1rias em um planejamento eletr\u00f4nico<\/p><\/div><\/div><\/div><\/div><\/div><\/div><\/div><\/div><div class=\"vce-row-container\" data-vce-boxed-width=\"true\"><div class=\"vce-row vce-row--has-col-background vce-row--col-gap-70 vce-row-equal-height vce-row-content--top\" id=\"el-dd8b2c8e\" data-vce-do-apply=\"all el-dd8b2c8e\"><div class=\"vce-content-background-container\"><\/div><div class=\"vce-row-content\" data-vce-element-content=\"true\"><div class=\"vce-col vce-element--has-background vce-col--md-56-73p vce-col--xs-1 vce-col--xs-last vce-col--xs-first vce-col--sm-last vce-col--sm-first vce-col--md-first vce-col--lg-first vce-col--xl-first\" id=\"el-309d95f4\"><div class=\"vce-col-inner\" data-vce-do-apply=\"border margin background  el-309d95f4\"><div class=\"vce-content-background-container\"><div class=\"vce-asset-background-simple-container vce-visible-all-only vce-asset-background-simple--style-cover vce-asset-background-simple--position-center-top\"><div class=\"vce-asset-background-simple\">\n              <div class=\"vce-asset-background-simple-item vcv-lozad\" data-background-image=\"https:\/\/www.reservit.com\/wp-content\/uploads\/2021\/01\/spas_soin_visage-1030x644-2.jpeg\"><\/div>\n              <noscript>\n                <div class=\"vce-asset-background-simple-item\" style=\"background-image: url(https:\/\/www.reservit.com\/wp-content\/uploads\/2021\/01\/spas_soin_visage-1030x644-2.jpeg)\"><\/div>\n              <\/noscript>\n            <\/div><\/div><\/div><div class=\"vce-col-content\" data-vce-element-content=\"true\" data-vce-do-apply=\"padding el-309d95f4\"><\/div><\/div><\/div><div class=\"vce-col vce-col--md-43-25p vce-col--xs-1 vce-col--xs-last vce-col--xs-first vce-col--sm-last vce-col--sm-first vce-col--md-last vce-col--lg-last vce-col--xl-last\" id=\"el-b151a1a8\"><div class=\"vce-col-inner\" data-vce-do-apply=\"border margin background  el-b151a1a8\"><div class=\"vce-col-content\" data-vce-element-content=\"true\" data-vce-do-apply=\"padding el-b151a1a8\"><div class=\"vce-text-block\"><div class=\"vce-text-block-wrapper vce\" id=\"el-bcc24724\" data-vce-do-apply=\"all el-bcc24724\"><h2 style=\"text-align: center;\">Gest\u00e3o de atividades<\/h2><p>M\u00f3dulos de reservas para todas as estruturas que desejam gerenciar reservas de atividades incorporando a no\u00e7\u00e3o de vagas hor\u00e1rias. Pode gerenciar seu planejamento em \u201cback office\u201d para todas as suas atividades.<\/p><p>Um planejamento est\u00e1 assim \u00e0 disposi\u00e7\u00e3o da estrutura para uma visibilidade das reservas, por recurso (sala, terreno, quarto, etc.), por dia e por hora (possibilidade de distribuir a visibilidade do planejamento em metade do dia), com dois separadores para uma melhor visibilidade.<\/p><\/div><\/div><div class=\"vce-empty-space-container\" id=\"el-0386f107\" data-vce-do-apply=\"margin el-0386f107\"><div class=\"vce vce-empty-space vce-empty-space--height-30px--400px--400px--400px--400px--400px\" data-vce-do-apply=\"border padding background  el-0386f107\"><\/div><\/div><\/div><\/div><\/div><div class=\"vce-col vce-col--md-auto vce-col--xs-1 vce-col--xs-last vce-col--xs-first vce-col--sm-last vce-col--sm-first vce-col--md-last vce-col--lg-last vce-col--xl-last vce-col--md-first vce-col--lg-first vce-col--xl-first\" id=\"el-3db36286\"><div class=\"vce-col-inner\" data-vce-do-apply=\"border margin background  el-3db36286\"><div class=\"vce-col-content\" data-vce-element-content=\"true\" data-vce-do-apply=\"padding el-3db36286\"><div class=\"vce-text-block\"><div class=\"vce-text-block-wrapper vce\" id=\"el-b33a44c7\" data-vce-do-apply=\"all el-b33a44c7\"><\/div><\/div><\/div><\/div><\/div><\/div><\/div><\/div><div class=\"vce-row-container\" data-vce-boxed-width=\"true\"><div class=\"vce-row vce-row--has-col-background vce-row--col-gap-70 vce-row-equal-height vce-row-content--top\" id=\"el-d246aba8\" data-vce-do-apply=\"all el-d246aba8\"><div class=\"vce-row-content\" data-vce-element-content=\"true\"><div class=\"vce-col vce-col--md-43-35p vce-col--xs-1 vce-col--xs-last vce-col--xs-first vce-col--sm-last vce-col--sm-first vce-col--md-first vce-col--lg-first vce-col--xl-first\" id=\"el-376874ee\"><div class=\"vce-col-inner\" data-vce-do-apply=\"border margin background  el-376874ee\"><div class=\"vce-col-content\" data-vce-element-content=\"true\" data-vce-do-apply=\"padding el-376874ee\"><div class=\"vce-text-block\"><div class=\"vce-text-block-wrapper vce\" id=\"el-f2adaf45\" data-vce-do-apply=\"all el-f2adaf45\"><h2 style=\"text-align: center;\">Gerenciar suas reservas<\/h2><p>N\u00e3o h\u00e1 necessidade de planejamento em papel!<\/p><p>Horas de pico, horas vagas, vagas de 15, 30, 60, 90, 120 min. Tudo \u00e9 ajust\u00e1vel de acordo com sua atividade e suas necessidades. Pode gerenciar suas reservas durante todo o ano e suas tarifas consoante a vaga.<\/p><p>Controle, a partir da mesma tela, as localiza\u00e7\u00f5es de suas salas e espa\u00e7os de atividade.<\/p><\/div><\/div><\/div><\/div><\/div><div class=\"vce-col vce-element--has-background vce-col--md-56-65p vce-col--xs-1 vce-col--xs-last vce-col--xs-first vce-col--sm-last vce-col--sm-first vce-col--md-last vce-col--lg-last vce-col--xl-last\" id=\"el-fba5445d\"><div class=\"vce-col-inner\" data-vce-do-apply=\"border margin background  el-fba5445d\"><div class=\"vce-content-background-container\"><div class=\"vce-asset-background-simple-container vce-visible-all-only vce-asset-background-simple--style-cover vce-asset-background-simple--position-center-center\"><div class=\"vce-asset-background-simple\">\n              <div class=\"vce-asset-background-simple-item vcv-lozad\" data-background-image=\"https:\/\/www.reservit.com\/wp-content\/uploads\/2021\/02\/brooke-lark-kXQ3J7_2fpc-unsplash-scaled.jpg\"><\/div>\n              <noscript>\n                <div class=\"vce-asset-background-simple-item\" style=\"background-image: url(https:\/\/www.reservit.com\/wp-content\/uploads\/2021\/02\/brooke-lark-kXQ3J7_2fpc-unsplash-scaled.jpg)\"><\/div>\n              <\/noscript>\n            <\/div><\/div><\/div><div class=\"vce-col-content\" data-vce-element-content=\"true\" data-vce-do-apply=\"padding el-fba5445d\"><\/div><\/div><\/div><\/div><\/div><\/div>\n","protected":false},"excerpt":{"rendered":"<p>Gest\u00e3o de planejamentoGerenciar suas atividades por vagas hor\u00e1rias em um planejamento eletr\u00f4nico Gest\u00e3o de atividadesM\u00f3dulos de reservas para todas as estruturas que desejam gerenciar reservas de atividades incorporando a no\u00e7\u00e3o de vagas hor\u00e1rias. Pode gerenciar seu planejamento em \u201cback office\u201d para todas as suas atividades.Um planejamento est\u00e1 assim \u00e0 disposi\u00e7\u00e3o da estrutura para uma visibilidade [&hellip;]<\/p>\n","protected":false},"author":3,"featured_media":0,"parent":0,"menu_order":0,"comment_status":"closed","ping_status":"closed","template":"","meta":{"footnotes":""},"class_list":["post-2759","page","type-page","status-publish","hentry"],"yoast_head":"<!-- This site is optimized with the Yoast SEO plugin v24.1 - https:\/\/yoast.com\/wordpress\/plugins\/seo\/ -->\n<title>Spa | Gest\u00e3o de planejamento<\/title>\n<meta name=\"description\" content=\"Gest\u00e3o de planejamentoGerenciar suas atividades por vagas hor\u00e1rias em um planejamento eletr\u00f4nico Gest\u00e3o de atividadesM\u00f3dulos de reservas para todas as\" \/>\n<meta name=\"robots\" content=\"index, follow, max-snippet:-1, max-image-preview:large, max-video-preview:-1\" \/>\n<link rel=\"canonical\" href=\"https:\/\/reservit.wagaia.com\/pt-br\/spa-gestao-de-planejamento\/\" \/>\n<meta property=\"og:locale\" content=\"pt_BR\" \/>\n<meta property=\"og:type\" content=\"article\" \/>\n<meta property=\"og:title\" content=\"Spa | Gest\u00e3o de planejamento\" \/>\n<meta property=\"og:description\" content=\"Gest\u00e3o de planejamentoGerenciar suas atividades por vagas hor\u00e1rias em um planejamento eletr\u00f4nico Gest\u00e3o de atividadesM\u00f3dulos de reservas para todas as\" \/>\n<meta property=\"og:url\" content=\"https:\/\/reservit.wagaia.com\/pt-br\/spa-gestao-de-planejamento\/\" \/>\n<meta property=\"og:site_name\" content=\"Reservit\" \/>\n<meta property=\"article:modified_time\" content=\"2021-08-10T09:49:55+00:00\" \/>\n<meta name=\"twitter:card\" content=\"summary_large_image\" \/>\n<meta name=\"twitter:label1\" content=\"Est. tempo de leitura\" \/>\n\t<meta name=\"twitter:data1\" content=\"1 minuto\" \/>\n<script type=\"application\/ld+json\" class=\"yoast-schema-graph\">{\"@context\":\"https:\/\/schema.org\",\"@graph\":[{\"@type\":\"WebPage\",\"@id\":\"https:\/\/reservit.wagaia.com\/pt-br\/spa-gestao-de-planejamento\/\",\"url\":\"https:\/\/reservit.wagaia.com\/pt-br\/spa-gestao-de-planejamento\/\",\"name\":\"Spa | Gest\u00e3o de planejamento\",\"isPartOf\":{\"@id\":\"https:\/\/reservit.wagaia.com\/pt-br\/#website\"},\"datePublished\":\"2021-01-15T09:38:49+00:00\",\"dateModified\":\"2021-08-10T09:49:55+00:00\",\"description\":\"Gest\u00e3o de planejamentoGerenciar suas atividades por vagas hor\u00e1rias em um planejamento eletr\u00f4nico Gest\u00e3o de atividadesM\u00f3dulos de reservas para todas as\",\"breadcrumb\":{\"@id\":\"https:\/\/reservit.wagaia.com\/pt-br\/spa-gestao-de-planejamento\/#breadcrumb\"},\"inLanguage\":\"pt-BR\",\"potentialAction\":[{\"@type\":\"ReadAction\",\"target\":[\"https:\/\/reservit.wagaia.com\/pt-br\/spa-gestao-de-planejamento\/\"]}]},{\"@type\":\"BreadcrumbList\",\"@id\":\"https:\/\/reservit.wagaia.com\/pt-br\/spa-gestao-de-planejamento\/#breadcrumb\",\"itemListElement\":[{\"@type\":\"ListItem\",\"position\":1,\"name\":\"Accueil\",\"item\":\"https:\/\/reservit.wagaia.com\/pt-br\/\"},{\"@type\":\"ListItem\",\"position\":2,\"name\":\"Spa | Gest\u00e3o de planejamento\"}]},{\"@type\":\"WebSite\",\"@id\":\"https:\/\/reservit.wagaia.com\/pt-br\/#website\",\"url\":\"https:\/\/reservit.wagaia.com\/pt-br\/\",\"name\":\"Reservit\",\"description\":\"Un site utilisant WordPress\",\"potentialAction\":[{\"@type\":\"SearchAction\",\"target\":{\"@type\":\"EntryPoint\",\"urlTemplate\":\"https:\/\/reservit.wagaia.com\/pt-br\/?s={search_term_string}\"},\"query-input\":{\"@type\":\"PropertyValueSpecification\",\"valueRequired\":true,\"valueName\":\"search_term_string\"}}],\"inLanguage\":\"pt-BR\"}]}<\/script>\n<!-- \/ Yoast SEO plugin. -->","yoast_head_json":{"title":"Spa | Gest\u00e3o de planejamento","description":"Gest\u00e3o de planejamentoGerenciar suas atividades por vagas hor\u00e1rias em um planejamento eletr\u00f4nico Gest\u00e3o de atividadesM\u00f3dulos de reservas para todas as","robots":{"index":"index","follow":"follow","max-snippet":"max-snippet:-1","max-image-preview":"max-image-preview:large","max-video-preview":"max-video-preview:-1"},"canonical":"https:\/\/reservit.wagaia.com\/pt-br\/spa-gestao-de-planejamento\/","og_locale":"pt_BR","og_type":"article","og_title":"Spa | Gest\u00e3o de planejamento","og_description":"Gest\u00e3o de planejamentoGerenciar suas atividades por vagas hor\u00e1rias em um planejamento eletr\u00f4nico Gest\u00e3o de atividadesM\u00f3dulos de reservas para todas as","og_url":"https:\/\/reservit.wagaia.com\/pt-br\/spa-gestao-de-planejamento\/","og_site_name":"Reservit","article_modified_time":"2021-08-10T09:49:55+00:00","twitter_card":"summary_large_image","twitter_misc":{"Est. tempo de leitura":"1 minuto"},"schema":{"@context":"https:\/\/schema.org","@graph":[{"@type":"WebPage","@id":"https:\/\/reservit.wagaia.com\/pt-br\/spa-gestao-de-planejamento\/","url":"https:\/\/reservit.wagaia.com\/pt-br\/spa-gestao-de-planejamento\/","name":"Spa | Gest\u00e3o de planejamento","isPartOf":{"@id":"https:\/\/reservit.wagaia.com\/pt-br\/#website"},"datePublished":"2021-01-15T09:38:49+00:00","dateModified":"2021-08-10T09:49:55+00:00","description":"Gest\u00e3o de planejamentoGerenciar suas atividades por vagas hor\u00e1rias em um planejamento eletr\u00f4nico Gest\u00e3o de atividadesM\u00f3dulos de reservas para todas as","breadcrumb":{"@id":"https:\/\/reservit.wagaia.com\/pt-br\/spa-gestao-de-planejamento\/#breadcrumb"},"inLanguage":"pt-BR","potentialAction":[{"@type":"ReadAction","target":["https:\/\/reservit.wagaia.com\/pt-br\/spa-gestao-de-planejamento\/"]}]},{"@type":"BreadcrumbList","@id":"https:\/\/reservit.wagaia.com\/pt-br\/spa-gestao-de-planejamento\/#breadcrumb","itemListElement":[{"@type":"ListItem","position":1,"name":"Accueil","item":"https:\/\/reservit.wagaia.com\/pt-br\/"},{"@type":"ListItem","position":2,"name":"Spa | Gest\u00e3o de planejamento"}]},{"@type":"WebSite","@id":"https:\/\/reservit.wagaia.com\/pt-br\/#website","url":"https:\/\/reservit.wagaia.com\/pt-br\/","name":"Reservit","description":"Un site utilisant WordPress","potentialAction":[{"@type":"SearchAction","target":{"@type":"EntryPoint","urlTemplate":"https:\/\/reservit.wagaia.com\/pt-br\/?s={search_term_string}"},"query-input":{"@type":"PropertyValueSpecification","valueRequired":true,"valueName":"search_term_string"}}],"inLanguage":"pt-BR"}]}},"_links":{"self":[{"href":"https:\/\/reservit.wagaia.com\/pt-br\/wp-json\/wp\/v2\/pages\/2759","targetHints":{"allow":["GET"]}}],"collection":[{"href":"https:\/\/reservit.wagaia.com\/pt-br\/wp-json\/wp\/v2\/pages"}],"about":[{"href":"https:\/\/reservit.wagaia.com\/pt-br\/wp-json\/wp\/v2\/types\/page"}],"author":[{"embeddable":true,"href":"https:\/\/reservit.wagaia.com\/pt-br\/wp-json\/wp\/v2\/users\/3"}],"replies":[{"embeddable":true,"href":"https:\/\/reservit.wagaia.com\/pt-br\/wp-json\/wp\/v2\/comments?post=2759"}],"version-history":[{"count":0,"href":"https:\/\/reservit.wagaia.com\/pt-br\/wp-json\/wp\/v2\/pages\/2759\/revisions"}],"wp:attachment":[{"href":"https:\/\/reservit.wagaia.com\/pt-br\/wp-json\/wp\/v2\/media?parent=2759"}],"curies":[{"name":"wp","href":"https:\/\/api.w.org\/{rel}","templated":true}]}}