{"id":2752,"date":"2021-01-14T16:25:52","date_gmt":"2021-01-14T15:25:52","guid":{"rendered":"https:\/\/www.reservit.com\/connectivites-pms-hebergement\/"},"modified":"2023-02-09T15:02:13","modified_gmt":"2023-02-09T14:02:13","slug":"alojamento-conectividade-pms","status":"publish","type":"page","link":"https:\/\/reservit.wagaia.com\/pt-br\/alojamento-conectividade-pms\/","title":{"rendered":""},"content":{"rendered":"<div class=\"vce-row-container\" data-vce-boxed-width=\"true\"><div class=\"vce-row vce-element--has-background vce-row--col-gap-30 page-banner vce-row-content--top\" id=\"el-94b67783\" data-vce-do-apply=\"all el-94b67783\"><div class=\"vce-content-background-container\"><div class=\"vce-asset-background-simple-container vce-visible-all-only vce-asset-background-simple--style-cover vce-asset-background-simple--position-center-top\"><div class=\"vce-asset-background-simple\">\n              <div class=\"vce-asset-background-simple-item vcv-lozad\" data-background-image=\"http:\/\/www.reservit.com\/wp-content\/uploads\/2021\/01\/iStock_68516781_MEDIUM-1500x630-1.jpg\"><\/div>\n              <noscript>\n                <div class=\"vce-asset-background-simple-item\" style=\"background-image: url(http:\/\/www.reservit.com\/wp-content\/uploads\/2021\/01\/iStock_68516781_MEDIUM-1500x630-1.jpg)\"><\/div>\n              <\/noscript>\n            <\/div><\/div><\/div><div class=\"vce-row-content\" data-vce-element-content=\"true\"><div class=\"vce-col vce-col--md-auto vce-col--xs-1 vce-col--xs-last vce-col--xs-first vce-col--sm-last vce-col--sm-first vce-col--md-last vce-col--lg-last vce-col--xl-last vce-col--md-first vce-col--lg-first vce-col--xl-first\" id=\"el-d252c871\"><div class=\"vce-col-inner\" data-vce-do-apply=\"border margin background  el-d252c871\"><div class=\"vce-col-content\" data-vce-element-content=\"true\" data-vce-do-apply=\"padding el-d252c871\"><div class=\"vce-text-block banner-arrows\"><div class=\"vce-text-block-wrapper vce\" id=\"el-c450b284\" data-vce-do-apply=\"all el-c450b284\"><h1>Associar o software PMS ao motor de reservas Reservit<\/h1><p>A implementa\u00e7\u00e3o da conectividade PMS permite at\u00e9 25% em ganhos no volume de reservas<\/p><\/div><\/div><\/div><\/div><\/div><\/div><\/div><\/div><div class=\"vce-row-container\" data-vce-boxed-width=\"true\"><div class=\"vce-row vce-row--col-gap-70 vce-row-equal-height vce-row-content--top\" id=\"el-dd8b2c8e\" data-vce-do-apply=\"all el-dd8b2c8e\"><div class=\"vce-content-background-container\"><\/div><div class=\"vce-row-content\" data-vce-element-content=\"true\"><div class=\"vce-col vce-col--md-42-85p vce-col--xs-1 vce-col--xs-last vce-col--xs-first vce-col--sm-last vce-col--sm-first vce-col--md-first vce-col--lg-first vce-col--xl-first\" id=\"el-309d95f4\"><div class=\"vce-col-inner\" data-vce-do-apply=\"border margin background  el-309d95f4\"><div class=\"vce-col-content\" data-vce-element-content=\"true\" data-vce-do-apply=\"padding el-309d95f4\"><div class=\"vce-text-block\"><div class=\"vce-text-block-wrapper vce\" id=\"el-bcc24724\" data-vce-do-apply=\"all el-bcc24724\"><h2 style=\"text-align: center;\">A conectividade PMS com Reservit Hotels<\/h2><p>Todas as interfaces PMS permitem, pelo menos, a troca das seguintes informa\u00e7\u00f5es :<\/p><ul><li>A conectividade PMS permite alimentar, diretamente a partir do software de gest\u00e3o do hotel (PMS), as disponibilidades no Reservit Hotels e recuperar as reservas diretamente no PMS.<\/li><li>Os principais PMS no mercado est\u00e3o j\u00e1 ligados. Mais de 750 estabelecimentos interligaram o respectivo software de gest\u00e3o com o Reservit.<\/li><li>A conectividade PMS permite implementar interfaces verdadeiramente de 2 vias, garantindo a rastreabilidade e a fiabilidade das trocas de informa\u00e7\u00e3o.<\/li><li>A comercializa\u00e7\u00e3o on-line do hotel \u00e9, assim, gerenciada diretamente a partir do software utilizado diariamente no estabelecimento. Assim \u00e9 poss\u00edvel deixar os canais de comercializa\u00e7\u00e3o on-line abertos at\u00e9 ao \u00faltimo quarto, sem o risco de excesso de reservas.<\/li><li>A implementa\u00e7\u00e3o da conectividade PMS permite at\u00e9 25% em ganhos no volume de reservas.<\/li><\/ul><\/div><\/div><\/div><\/div><\/div><div class=\"vce-col vce-col--md-57-13p vce-col--xs-1 vce-col--xs-last vce-col--xs-first vce-col--sm-last vce-col--sm-first vce-col--md-last vce-col--lg-last vce-col--xl-last\" id=\"el-b151a1a8\"><div class=\"vce-col-inner\" data-vce-do-apply=\"border margin background  el-b151a1a8\"><div class=\"vce-content-background-container\"><\/div><div class=\"vce-col-content\" data-vce-element-content=\"true\" data-vce-do-apply=\"padding el-b151a1a8\"><div class=\"vce-single-image-container vce-single-image--align-left\"><div class=\"vce vce-single-image-wrapper\" id=\"el-7d02af65\" data-vce-do-apply=\"all el-7d02af65\"><figure><div class=\"vce-single-image-figure-inner\" style=\"width: 548px;\"><div class=\"vce-single-image-inner vce-single-image--absolute\" style=\"width: 100%; padding-bottom: 43.7956%;\"><img loading=\"lazy\" decoding=\"async\" class=\"vce-single-image\"  width=\"548\" height=\"240\" src=\"https:\/\/www.reservit.com\/wp-content\/uploads\/2021\/01\/connectivite_pms-2.jpg\" data-img-src=\"https:\/\/www.reservit.com\/wp-content\/uploads\/2021\/01\/connectivite_pms-2.jpg\" data-attachment-id=\"169\"  alt=\"\" title=\"connectivit\u00e9_pms\" \/><\/div><\/div><figcaption hidden=\"\"><\/figcaption><\/figure><\/div><\/div><\/div><\/div><\/div><\/div><\/div><\/div><div class=\"vce-row-container\" data-vce-boxed-width=\"true\"><div class=\"vce-row vce-row--col-gap-30 vce-row-equal-height vce-row-content--top\" id=\"el-54d473c7\" data-vce-do-apply=\"all el-54d473c7\"><div class=\"vce-row-content\" data-vce-element-content=\"true\"><div class=\"vce-col vce-col--md-auto vce-col--xs-1 vce-col--xs-last vce-col--xs-first vce-col--sm-last vce-col--sm-first vce-col--md-last vce-col--lg-last vce-col--xl-last vce-col--md-first vce-col--lg-first vce-col--xl-first\" id=\"el-fe1bd923\"><div class=\"vce-col-inner\" data-vce-do-apply=\"border margin background  el-fe1bd923\"><div class=\"vce-col-content\" data-vce-element-content=\"true\" data-vce-do-apply=\"padding el-fe1bd923\"><div class=\"vce-button--style-basic-container vce-button--style-basic-container--align-center\"><span class=\"vce-button--style-basic-wrapper vce\" id=\"el-26ed6220\" data-vce-do-apply=\"margin el-26ed6220\"><a class=\"vce-button vce-button--style-basic vce-button--style-basic--border-round vce-button--style-basic--size-medium vce-button--style-basic--color-empty--b-215-21-92\" href=\"https:\/\/www.reservit.com\/pt-br\/parceiros-pms-tms\/\" title=\"\" data-vce-do-apply=\"padding border background  el-26ed6220\">Veja nossos parceiros PMS<\/a><\/span><\/div><\/div><\/div><\/div><\/div><\/div><\/div><div class=\"vce-row-container\" data-vce-boxed-width=\"true\"><div class=\"vce-row vce-row--has-col-background vce-row--col-gap-70 vce-row-equal-height vce-row-content--top\" id=\"el-fbdf9faf\" data-vce-do-apply=\"all el-fbdf9faf\"><div class=\"vce-content-background-container\"><\/div><div class=\"vce-row-content\" data-vce-element-content=\"true\"><div class=\"vce-col vce-element--has-background vce-col--md-57-32p vce-col--xs-1 vce-col--xs-last vce-col--xs-first vce-col--sm-last vce-col--sm-first vce-col--md-first vce-col--lg-first vce-col--xl-first\" id=\"el-967df686\"><div class=\"vce-col-inner\" data-vce-do-apply=\"border margin background  el-967df686\"><div class=\"vce-content-background-container\"><div class=\"vce-asset-background-simple-container vce-visible-all-only vce-asset-background-simple--style-cover vce-asset-background-simple--position-center-top\"><div class=\"vce-asset-background-simple\">\n              <div class=\"vce-asset-background-simple-item vcv-lozad\" data-background-image=\"https:\/\/www.reservit.com\/wp-content\/uploads\/2021\/01\/OAV9EA0-1030x740-1.jpg\"><\/div>\n              <noscript>\n                <div class=\"vce-asset-background-simple-item\" style=\"background-image: url(https:\/\/www.reservit.com\/wp-content\/uploads\/2021\/01\/OAV9EA0-1030x740-1.jpg)\"><\/div>\n              <\/noscript>\n            <\/div><\/div><\/div><div class=\"vce-col-content\" data-vce-element-content=\"true\" data-vce-do-apply=\"padding el-967df686\"><div><\/div><\/div><\/div><\/div><div class=\"vce-col vce-col--md-42-66p vce-col--xs-1 vce-col--xs-last vce-col--xs-first vce-col--sm-last vce-col--sm-first vce-col--md-last vce-col--lg-last vce-col--xl-last\" id=\"el-7d64941f\"><div class=\"vce-col-inner\" data-vce-do-apply=\"border margin background  el-7d64941f\"><div class=\"vce-content-background-container\"><\/div><div class=\"vce-col-content\" data-vce-element-content=\"true\" data-vce-do-apply=\"padding el-7d64941f\"><div class=\"vce-text-block\"><div class=\"vce-text-block-wrapper vce\" id=\"el-efba6a15\" data-vce-do-apply=\"all el-efba6a15\"><h2 style=\"text-align: center;\">O que \u00e9 um PMS ?&nbsp;<\/h2><p>\u00c9 um sistema global de gest\u00e3o de seu hotel. A conex\u00e3o com nossos parceiros PMS permite poupar tempo e uma excelente atualiza\u00e7\u00e3o.<\/p><h2 style=\"text-align: center;\">As vantagens Reservit&nbsp;<\/h2><p>\u2022 Cria\u00e7\u00e3o de quartos<br>\u2022 Atualiza\u00e7\u00e3o autom\u00e1tica dos pre\u00e7os<br>\u2022 Atualiza\u00e7\u00e3o autom\u00e1tica das disponibilidades<br>\u2022 Cria\u00e7\u00e3o da reserva<br>\u2022 Altera\u00e7\u00e3o da reserva<\/p><\/div><\/div><\/div><\/div><\/div><\/div><\/div><\/div>","protected":false},"excerpt":{"rendered":"<p>Associar o software PMS ao motor de reservas ReservitA implementa\u00e7\u00e3o da conectividade PMS permite at\u00e9 25% em ganhos no volume de reservasA conectividade PMS com Reservit HotelsTodas as interfaces PMS permitem, pelo menos, a troca das seguintes informa\u00e7\u00f5es :A conectividade PMS permite alimentar, diretamente a partir do software de gest\u00e3o do hotel (PMS), as disponibilidades [&hellip;]<\/p>\n","protected":false},"author":5,"featured_media":0,"parent":0,"menu_order":0,"comment_status":"closed","ping_status":"closed","template":"","meta":{"footnotes":""},"class_list":["post-2752","page","type-page","status-publish","hentry"],"yoast_head":"<!-- This site is optimized with the Yoast SEO plugin v24.1 - https:\/\/yoast.com\/wordpress\/plugins\/seo\/ -->\n<title>Alojamento | Conectividade PMS<\/title>\n<meta name=\"description\" content=\"Associar o software PMS ao motor de reservas ReservitA implementa\u00e7\u00e3o da conectividade PMS permite at\u00e9 25% em ganhos no volume de reservasA conectividade\" \/>\n<meta name=\"robots\" content=\"index, follow, max-snippet:-1, max-image-preview:large, max-video-preview:-1\" \/>\n<link rel=\"canonical\" href=\"https:\/\/reservit.wagaia.com\/pt-br\/alojamento-conectividade-pms\/\" \/>\n<meta property=\"og:locale\" content=\"pt_BR\" \/>\n<meta property=\"og:type\" content=\"article\" \/>\n<meta property=\"og:title\" content=\"Alojamento | Conectividade PMS\" \/>\n<meta property=\"og:description\" content=\"Associar o software PMS ao motor de reservas ReservitA implementa\u00e7\u00e3o da conectividade PMS permite at\u00e9 25% em ganhos no volume de reservasA conectividade\" \/>\n<meta property=\"og:url\" content=\"https:\/\/reservit.wagaia.com\/pt-br\/alojamento-conectividade-pms\/\" \/>\n<meta property=\"og:site_name\" content=\"Reservit\" \/>\n<meta property=\"article:modified_time\" content=\"2023-02-09T14:02:13+00:00\" \/>\n<meta property=\"og:image\" content=\"https:\/\/www.reservit.com\/wp-content\/uploads\/2021\/01\/connectivite_pms-2.jpg\" \/>\n<meta name=\"twitter:card\" content=\"summary_large_image\" \/>\n<meta name=\"twitter:label1\" content=\"Est. tempo de leitura\" \/>\n\t<meta name=\"twitter:data1\" content=\"1 minuto\" \/>\n<script type=\"application\/ld+json\" class=\"yoast-schema-graph\">{\"@context\":\"https:\/\/schema.org\",\"@graph\":[{\"@type\":\"WebPage\",\"@id\":\"https:\/\/reservit.wagaia.com\/pt-br\/alojamento-conectividade-pms\/\",\"url\":\"https:\/\/reservit.wagaia.com\/pt-br\/alojamento-conectividade-pms\/\",\"name\":\"Alojamento | Conectividade PMS\",\"isPartOf\":{\"@id\":\"https:\/\/reservit.wagaia.com\/pt-br\/#website\"},\"primaryImageOfPage\":{\"@id\":\"https:\/\/reservit.wagaia.com\/pt-br\/alojamento-conectividade-pms\/#primaryimage\"},\"image\":{\"@id\":\"https:\/\/reservit.wagaia.com\/pt-br\/alojamento-conectividade-pms\/#primaryimage\"},\"thumbnailUrl\":\"https:\/\/www.reservit.com\/wp-content\/uploads\/2021\/01\/connectivite_pms-2.jpg\",\"datePublished\":\"2021-01-14T15:25:52+00:00\",\"dateModified\":\"2023-02-09T14:02:13+00:00\",\"description\":\"Associar o software PMS ao motor de reservas ReservitA implementa\u00e7\u00e3o da conectividade PMS permite at\u00e9 25% em ganhos no volume de reservasA conectividade\",\"breadcrumb\":{\"@id\":\"https:\/\/reservit.wagaia.com\/pt-br\/alojamento-conectividade-pms\/#breadcrumb\"},\"inLanguage\":\"pt-BR\",\"potentialAction\":[{\"@type\":\"ReadAction\",\"target\":[\"https:\/\/reservit.wagaia.com\/pt-br\/alojamento-conectividade-pms\/\"]}]},{\"@type\":\"ImageObject\",\"inLanguage\":\"pt-BR\",\"@id\":\"https:\/\/reservit.wagaia.com\/pt-br\/alojamento-conectividade-pms\/#primaryimage\",\"url\":\"https:\/\/www.reservit.com\/wp-content\/uploads\/2021\/01\/connectivite_pms-2.jpg\",\"contentUrl\":\"https:\/\/www.reservit.com\/wp-content\/uploads\/2021\/01\/connectivite_pms-2.jpg\"},{\"@type\":\"BreadcrumbList\",\"@id\":\"https:\/\/reservit.wagaia.com\/pt-br\/alojamento-conectividade-pms\/#breadcrumb\",\"itemListElement\":[{\"@type\":\"ListItem\",\"position\":1,\"name\":\"Accueil\",\"item\":\"https:\/\/reservit.wagaia.com\/pt-br\/\"},{\"@type\":\"ListItem\",\"position\":2,\"name\":\"Alojamento | Conectividade PMS\"}]},{\"@type\":\"WebSite\",\"@id\":\"https:\/\/reservit.wagaia.com\/pt-br\/#website\",\"url\":\"https:\/\/reservit.wagaia.com\/pt-br\/\",\"name\":\"Reservit\",\"description\":\"Un site utilisant WordPress\",\"potentialAction\":[{\"@type\":\"SearchAction\",\"target\":{\"@type\":\"EntryPoint\",\"urlTemplate\":\"https:\/\/reservit.wagaia.com\/pt-br\/?s={search_term_string}\"},\"query-input\":{\"@type\":\"PropertyValueSpecification\",\"valueRequired\":true,\"valueName\":\"search_term_string\"}}],\"inLanguage\":\"pt-BR\"}]}<\/script>\n<!-- \/ Yoast SEO plugin. -->","yoast_head_json":{"title":"Alojamento | Conectividade PMS","description":"Associar o software PMS ao motor de reservas ReservitA implementa\u00e7\u00e3o da conectividade PMS permite at\u00e9 25% em ganhos no volume de reservasA conectividade","robots":{"index":"index","follow":"follow","max-snippet":"max-snippet:-1","max-image-preview":"max-image-preview:large","max-video-preview":"max-video-preview:-1"},"canonical":"https:\/\/reservit.wagaia.com\/pt-br\/alojamento-conectividade-pms\/","og_locale":"pt_BR","og_type":"article","og_title":"Alojamento | Conectividade PMS","og_description":"Associar o software PMS ao motor de reservas ReservitA implementa\u00e7\u00e3o da conectividade PMS permite at\u00e9 25% em ganhos no volume de reservasA conectividade","og_url":"https:\/\/reservit.wagaia.com\/pt-br\/alojamento-conectividade-pms\/","og_site_name":"Reservit","article_modified_time":"2023-02-09T14:02:13+00:00","og_image":[{"url":"https:\/\/www.reservit.com\/wp-content\/uploads\/2021\/01\/connectivite_pms-2.jpg","type":"","width":"","height":""}],"twitter_card":"summary_large_image","twitter_misc":{"Est. tempo de leitura":"1 minuto"},"schema":{"@context":"https:\/\/schema.org","@graph":[{"@type":"WebPage","@id":"https:\/\/reservit.wagaia.com\/pt-br\/alojamento-conectividade-pms\/","url":"https:\/\/reservit.wagaia.com\/pt-br\/alojamento-conectividade-pms\/","name":"Alojamento | Conectividade PMS","isPartOf":{"@id":"https:\/\/reservit.wagaia.com\/pt-br\/#website"},"primaryImageOfPage":{"@id":"https:\/\/reservit.wagaia.com\/pt-br\/alojamento-conectividade-pms\/#primaryimage"},"image":{"@id":"https:\/\/reservit.wagaia.com\/pt-br\/alojamento-conectividade-pms\/#primaryimage"},"thumbnailUrl":"https:\/\/www.reservit.com\/wp-content\/uploads\/2021\/01\/connectivite_pms-2.jpg","datePublished":"2021-01-14T15:25:52+00:00","dateModified":"2023-02-09T14:02:13+00:00","description":"Associar o software PMS ao motor de reservas ReservitA implementa\u00e7\u00e3o da conectividade PMS permite at\u00e9 25% em ganhos no volume de reservasA conectividade","breadcrumb":{"@id":"https:\/\/reservit.wagaia.com\/pt-br\/alojamento-conectividade-pms\/#breadcrumb"},"inLanguage":"pt-BR","potentialAction":[{"@type":"ReadAction","target":["https:\/\/reservit.wagaia.com\/pt-br\/alojamento-conectividade-pms\/"]}]},{"@type":"ImageObject","inLanguage":"pt-BR","@id":"https:\/\/reservit.wagaia.com\/pt-br\/alojamento-conectividade-pms\/#primaryimage","url":"https:\/\/www.reservit.com\/wp-content\/uploads\/2021\/01\/connectivite_pms-2.jpg","contentUrl":"https:\/\/www.reservit.com\/wp-content\/uploads\/2021\/01\/connectivite_pms-2.jpg"},{"@type":"BreadcrumbList","@id":"https:\/\/reservit.wagaia.com\/pt-br\/alojamento-conectividade-pms\/#breadcrumb","itemListElement":[{"@type":"ListItem","position":1,"name":"Accueil","item":"https:\/\/reservit.wagaia.com\/pt-br\/"},{"@type":"ListItem","position":2,"name":"Alojamento | Conectividade PMS"}]},{"@type":"WebSite","@id":"https:\/\/reservit.wagaia.com\/pt-br\/#website","url":"https:\/\/reservit.wagaia.com\/pt-br\/","name":"Reservit","description":"Un site utilisant WordPress","potentialAction":[{"@type":"SearchAction","target":{"@type":"EntryPoint","urlTemplate":"https:\/\/reservit.wagaia.com\/pt-br\/?s={search_term_string}"},"query-input":{"@type":"PropertyValueSpecification","valueRequired":true,"valueName":"search_term_string"}}],"inLanguage":"pt-BR"}]}},"_links":{"self":[{"href":"https:\/\/reservit.wagaia.com\/pt-br\/wp-json\/wp\/v2\/pages\/2752","targetHints":{"allow":["GET"]}}],"collection":[{"href":"https:\/\/reservit.wagaia.com\/pt-br\/wp-json\/wp\/v2\/pages"}],"about":[{"href":"https:\/\/reservit.wagaia.com\/pt-br\/wp-json\/wp\/v2\/types\/page"}],"author":[{"embeddable":true,"href":"https:\/\/reservit.wagaia.com\/pt-br\/wp-json\/wp\/v2\/users\/5"}],"replies":[{"embeddable":true,"href":"https:\/\/reservit.wagaia.com\/pt-br\/wp-json\/wp\/v2\/comments?post=2752"}],"version-history":[{"count":0,"href":"https:\/\/reservit.wagaia.com\/pt-br\/wp-json\/wp\/v2\/pages\/2752\/revisions"}],"wp:attachment":[{"href":"https:\/\/reservit.wagaia.com\/pt-br\/wp-json\/wp\/v2\/media?parent=2752"}],"curies":[{"name":"wp","href":"https:\/\/api.w.org\/{rel}","templated":true}]}}