{"id":2749,"date":"2021-01-15T15:03:31","date_gmt":"2021-01-15T14:03:31","guid":{"rendered":"https:\/\/www.reservit.com\/hebergement-recommandation-tarifaire\/"},"modified":"2021-08-10T11:39:54","modified_gmt":"2021-08-10T09:39:54","slug":"alojamento-recomendacao-tarifaria","status":"publish","type":"page","link":"https:\/\/reservit.wagaia.com\/pt-br\/alojamento-recomendacao-tarifaria\/","title":{"rendered":""},"content":{"rendered":"<div class=\"vce-row-container\" data-vce-boxed-width=\"true\"><div class=\"vce-row vce-element--has-background vce-row--col-gap-30 page-banner vce-row-content--top\" id=\"el-94b67783\" data-vce-do-apply=\"all el-94b67783\"><div class=\"vce-content-background-container\"><div class=\"vce-asset-background-simple-container vce-visible-all-only vce-asset-background-simple--style-cover vce-asset-background-simple--position-center-top\"><div class=\"vce-asset-background-simple\">\n              <div class=\"vce-asset-background-simple-item vcv-lozad\" data-background-image=\"https:\/\/www.reservit.com\/wp-content\/uploads\/2021\/01\/OBFBUP0_petit-1500x630-1.jpg\"><\/div>\n              <noscript>\n                <div class=\"vce-asset-background-simple-item\" style=\"background-image: url(https:\/\/www.reservit.com\/wp-content\/uploads\/2021\/01\/OBFBUP0_petit-1500x630-1.jpg)\"><\/div>\n              <\/noscript>\n            <\/div><\/div><\/div><div class=\"vce-row-content\" data-vce-element-content=\"true\"><div class=\"vce-col vce-col--md-auto vce-col--xs-1 vce-col--xs-last vce-col--xs-first vce-col--sm-last vce-col--sm-first vce-col--md-last vce-col--lg-last vce-col--xl-last vce-col--md-first vce-col--lg-first vce-col--xl-first\" id=\"el-d252c871\"><div class=\"vce-col-inner\" data-vce-do-apply=\"border margin background  el-d252c871\"><div class=\"vce-col-content\" data-vce-element-content=\"true\" data-vce-do-apply=\"padding el-d252c871\"><div class=\"vce-text-block banner-arrows\"><div class=\"vce-text-block-wrapper vce\" id=\"el-c450b284\" data-vce-do-apply=\"all el-c450b284\"><h1 style=\"text-align: left;\">Apostar nos pre\u00e7os para maior sucesso<\/h1><p style=\"text-align: left;\">60% dos clientes que reservam on-line fazem uma&nbsp; escolha com base nas tarifas<\/p><\/div><\/div><\/div><\/div><\/div><\/div><\/div><\/div><div class=\"vce-row-container\" data-vce-boxed-width=\"true\"><div class=\"vce-row vce-row--col-gap-30 vce-row-equal-height vce-row-content--top\" id=\"el-5588d8e5\" data-vce-do-apply=\"all el-5588d8e5\"><div class=\"vce-row-content\" data-vce-element-content=\"true\"><div class=\"vce-col vce-col--md-auto vce-col--xs-1 vce-col--xs-last vce-col--xs-first vce-col--sm-last vce-col--sm-first vce-col--md-last vce-col--lg-last vce-col--xl-last vce-col--md-first vce-col--lg-first vce-col--xl-first\" id=\"el-8c8836f8\"><div class=\"vce-col-inner\" data-vce-do-apply=\"border margin background  el-8c8836f8\"><div class=\"vce-col-content\" data-vce-element-content=\"true\" data-vce-do-apply=\"padding el-8c8836f8\"><div class=\"vce-text-block\"><div class=\"vce-text-block-wrapper vce\" id=\"el-332669f5\" data-vce-do-apply=\"all el-332669f5\"><h2 style=\"text-align: center;\">Optimizar as suas tarifas de reserva com a recomenda\u00e7\u00e3o tarif\u00e1ria<\/h2><\/div><\/div><\/div><\/div><\/div><\/div><\/div><\/div><div class=\"vce-row-container\" data-vce-boxed-width=\"true\"><div class=\"vce-row vce-row--col-gap-30 fancy-bloc vce-row-equal-height vce-row-content--top\" id=\"el-d4d50a17\" data-vce-do-apply=\"all el-d4d50a17\"><div class=\"vce-content-background-container\"><\/div><div class=\"vce-row-content\" data-vce-element-content=\"true\"><div class=\"vce-col vce-col--md-auto vce-col--xs-1 vce-col--xs-last vce-col--xs-first vce-col--sm-last vce-col--sm-first vce-col--md-first vce-col--lg-first vce-col--xl-first\" id=\"el-7446bb71\"><div class=\"vce-col-inner\" data-vce-do-apply=\"border margin background  el-7446bb71\"><div class=\"vce-col-content\" data-vce-element-content=\"true\" data-vce-do-apply=\"padding el-7446bb71\"><div class=\"vce-text-block\"><div class=\"vce-text-block-wrapper vce\" id=\"el-d6c21835\" data-vce-do-apply=\"all el-d6c21835\"><p><img loading=\"lazy\" decoding=\"async\" class=\"alignnone size-full wp-image-1645\" src=\"https:\/\/www.reservit.com\/wp-content\/uploads\/2021\/02\/PictoD.png\" alt=\"\" width=\"90\" height=\"85\">&nbsp; Algoritmo estudado para os hot\u00e9is<\/p><\/div><\/div><\/div><\/div><\/div><div class=\"vce-col vce-col--md-auto vce-col--xs-1 vce-col--xs-last vce-col--xs-first vce-col--sm-last vce-col--sm-first\" id=\"el-27af1a10\"><div class=\"vce-col-inner\" data-vce-do-apply=\"border margin background  el-27af1a10\"><div class=\"vce-col-content\" data-vce-element-content=\"true\" data-vce-do-apply=\"padding el-27af1a10\"><div class=\"vce-text-block\"><div class=\"vce-text-block-wrapper vce\" id=\"el-fe539976\" data-vce-do-apply=\"all el-fe539976\"><p><img loading=\"lazy\" decoding=\"async\" class=\"alignnone size-full wp-image-1645\" src=\"https:\/\/www.reservit.com\/wp-content\/uploads\/2021\/02\/PictoD.png\" alt=\"\" width=\"90\" height=\"85\">&nbsp; Fiabilidade do c\u00e1lculo com base em diversos crit\u00e9rios (oferta dos concorrentes reputa\u00e7\u00e3o electr\u00f4nica, taxa de ocupa\u00e7\u00e3o, etc).<\/p><\/div><\/div><\/div><\/div><\/div><div class=\"vce-col vce-col--md-auto vce-col--xs-1 vce-col--xs-last vce-col--xs-first vce-col--sm-last vce-col--sm-first vce-col--md-last vce-col--lg-last vce-col--xl-last\" id=\"el-48bed2b3\"><div class=\"vce-col-inner\" data-vce-do-apply=\"border margin background  el-48bed2b3\"><div class=\"vce-col-content\" data-vce-element-content=\"true\" data-vce-do-apply=\"padding el-48bed2b3\"><div class=\"vce-text-block\"><div class=\"vce-text-block-wrapper vce\" id=\"el-3c25dbce\" data-vce-do-apply=\"all el-3c25dbce\"><p><img loading=\"lazy\" decoding=\"async\" class=\"alignnone size-full wp-image-1657\" src=\"https:\/\/www.reservit.com\/wp-content\/uploads\/2021\/02\/PictoG.png\" alt=\"\" width=\"90\" height=\"85\">&nbsp; Ferramenta 100% personalizada com a concorr\u00eancia e o tipo de quartos<\/p><\/div><\/div><\/div><\/div><\/div><\/div><\/div><\/div><div class=\"vce-row-container\" data-vce-boxed-width=\"true\"><div class=\"vce-row vce-row--col-gap-30 fancy-bloc vce-row-equal-height vce-row-content--top\" id=\"el-b8ca4b7b\" data-vce-do-apply=\"all el-b8ca4b7b\"><div class=\"vce-row-content\" data-vce-element-content=\"true\"><div class=\"vce-col vce-col--md-auto vce-col--xs-1 vce-col--xs-last vce-col--xs-first vce-col--sm-last vce-col--sm-first vce-col--md-first vce-col--lg-first vce-col--xl-first\" id=\"el-bb671d69\"><div class=\"vce-col-inner\" data-vce-do-apply=\"border margin background  el-bb671d69\"><div class=\"vce-col-content\" data-vce-element-content=\"true\" data-vce-do-apply=\"padding el-bb671d69\"><div class=\"vce-text-block\"><div class=\"vce-text-block-wrapper vce\" id=\"el-f098374e\" data-vce-do-apply=\"all el-f098374e\"><p><img loading=\"lazy\" decoding=\"async\" class=\"alignnone size-full wp-image-1657\" src=\"https:\/\/www.reservit.com\/wp-content\/uploads\/2021\/02\/PictoG.png\" alt=\"\" width=\"90\" height=\"85\">&nbsp; Compat\u00edvel com a intelig\u00eancia competitiva<\/p><\/div><\/div><\/div><\/div><\/div><div class=\"vce-col vce-col--md-auto vce-col--xs-1 vce-col--xs-last vce-col--xs-first vce-col--sm-last vce-col--sm-first\" id=\"el-a2e9dd6a\"><div class=\"vce-col-inner\" data-vce-do-apply=\"border margin background  el-a2e9dd6a\"><div class=\"vce-col-content\" data-vce-element-content=\"true\" data-vce-do-apply=\"padding el-a2e9dd6a\"><div class=\"vce-text-block\"><div class=\"vce-text-block-wrapper vce\" id=\"el-b3ca829e\" data-vce-do-apply=\"all el-b3ca829e\"><p><img loading=\"lazy\" decoding=\"async\" class=\"alignnone size-full wp-image-29\" src=\"https:\/\/reservit.wagaia.fr\/zeeptapo\/2021\/01\/contenu.png\" alt=\"\" width=\"81\" height=\"57\"><img loading=\"lazy\" decoding=\"async\" class=\"alignnone size-full wp-image-1593\" src=\"https:\/\/www.reservit.com\/wp-content\/uploads\/2021\/02\/PictoE.png\" alt=\"\" width=\"90\" height=\"85\">&nbsp; Uma ferramenta dedicada autom\u00e1tica ou manual<\/p><\/div><\/div><\/div><\/div><\/div><div class=\"vce-col vce-col--md-auto vce-col--xs-1 vce-col--xs-last vce-col--xs-first vce-col--sm-last vce-col--sm-first vce-col--md-last vce-col--lg-last vce-col--xl-last\" id=\"el-d6c62b80\"><div class=\"vce-col-inner\" data-vce-do-apply=\"border margin background  el-d6c62b80\"><div class=\"vce-col-content\" data-vce-element-content=\"true\" data-vce-do-apply=\"padding el-d6c62b80\"><div class=\"vce-text-block\"><div class=\"vce-text-block-wrapper vce\" id=\"el-08a935d1\" data-vce-do-apply=\"all el-08a935d1\"><p><img loading=\"lazy\" decoding=\"async\" class=\"alignnone size-full wp-image-1639\" src=\"https:\/\/www.reservit.com\/wp-content\/uploads\/2021\/02\/PictoC.png\" alt=\"\" width=\"90\" height=\"85\">&nbsp; Uma for\u00e7a de marketing sobre a sua pol\u00edtica tarif\u00e1ria<\/p><\/div><\/div><\/div><\/div><\/div><\/div><\/div><\/div><div class=\"vce-row-container\" data-vce-boxed-width=\"true\"><div class=\"vce-row vce-row--col-gap-30 vce-row-equal-height vce-row-content--top\" id=\"el-25451781\" data-vce-do-apply=\"all el-25451781\"><div class=\"vce-content-background-container\"><\/div><div class=\"vce-row-content\" data-vce-element-content=\"true\"><div class=\"vce-col vce-col--md-56-51p vce-col--xs-1 vce-col--xs-last vce-col--xs-first vce-col--sm-last vce-col--sm-first vce-col--md-first vce-col--lg-first vce-col--xl-first\" id=\"el-82c02f04\"><div class=\"vce-col-inner\" data-vce-do-apply=\"border margin background  el-82c02f04\"><div class=\"vce-content-background-container\"><\/div><div class=\"vce-col-content\" data-vce-element-content=\"true\" data-vce-do-apply=\"padding el-82c02f04\"><div class=\"vce-single-image-container vce-single-image--align-left\"><div class=\"vce vce-single-image-wrapper\" id=\"el-9d5a2c7d\" data-vce-do-apply=\"all el-9d5a2c7d\"><figure><div class=\"vce-single-image-inner vce-single-image--absolute\" style=\"padding-bottom: 84.9609%; width: 1024px;\"><img loading=\"lazy\" decoding=\"async\" class=\"vce-single-image vcv-lozad\" data-src=\"https:\/\/www.reservit.com\/wp-content\/uploads\/2021\/01\/mise_en_scene_RIT_veille-1030x876-2.png\" width=\"1024\" height=\"870\" src=\"\" data-img-src=\"https:\/\/www.reservit.com\/wp-content\/uploads\/2021\/01\/mise_en_scene_RIT_veille-1030x876-2.png\" alt=\"\" title=\"mise_en_scene_RIT_veille-1030x876\" \/><noscript>\n        <img loading=\"lazy\" decoding=\"async\" class=\"vce-single-image\" src=\"https:\/\/www.reservit.com\/wp-content\/uploads\/2021\/01\/mise_en_scene_RIT_veille-1030x876-2.png\" width=\"1024\" height=\"870\" alt=\"\" title=\"mise_en_scene_RIT_veille-1030x876\" \/>\n      <\/noscript><\/div><figcaption hidden=\"\"><\/figcaption><\/figure><\/div><\/div><\/div><\/div><\/div><div class=\"vce-col vce-col--md-43-48p vce-col--xs-1 vce-col--xs-last vce-col--xs-first vce-col--sm-last vce-col--sm-first vce-col--md-last vce-col--lg-last vce-col--xl-last\" id=\"el-11c1b85c\"><div class=\"vce-col-inner\" data-vce-do-apply=\"border margin background  el-11c1b85c\"><div class=\"vce-col-content\" data-vce-element-content=\"true\" data-vce-do-apply=\"padding el-11c1b85c\"><div class=\"vce-text-block\"><div class=\"vce-text-block-wrapper vce\" id=\"el-530f338f\" data-vce-do-apply=\"all el-530f338f\"><h2 style=\"text-align: center;\">&nbsp;<\/h2><h2 style=\"text-align: center;\">Como funciona ?&nbsp;<\/h2><p>A recomenda\u00e7\u00e3o tarif\u00e1ria \u00e9 a ferramenta incontorn\u00e1vel do Reservit para otimizar seus pre\u00e7os de venda e maximizar a taxa de ocupa\u00e7\u00e3o.<\/p><p>Ela permite o seu posicionamento perante os principais concorrentes e implementar uma estrat\u00e9gia de marketing pertinente para as suas tarifas.<\/p><p>Para garantir a m\u00e1xima fiabilidade, este m\u00f3dulo \u00e9 baseado em um algoritmo completo e complexo que tem em considera\u00e7\u00e3o diversos crit\u00e9rios (taxa de ocupa\u00e7\u00e3o do seu hotel e dos seus concorrentes, estacionalidade, etc.).<\/p><\/div><\/div><\/div><\/div><\/div><\/div><\/div><\/div><div class=\"vce-row-container\" data-vce-boxed-width=\"true\"><div class=\"vce-row vce-row--col-gap-30 vce-row-equal-height vce-row-content--top\" id=\"el-01f21aaa\" data-vce-do-apply=\"all el-01f21aaa\"><div class=\"vce-row-content\" data-vce-element-content=\"true\"><div class=\"vce-col vce-col--md-auto vce-col--xs-1 vce-col--xs-last vce-col--xs-first vce-col--sm-last vce-col--sm-first vce-col--md-last vce-col--lg-last vce-col--xl-last vce-col--md-first vce-col--lg-first vce-col--xl-first\" id=\"el-4045f6da\"><div class=\"vce-col-inner\" data-vce-do-apply=\"border margin background  el-4045f6da\"><div class=\"vce-col-content\" data-vce-element-content=\"true\" data-vce-do-apply=\"padding el-4045f6da\"><div class=\"vce-text-block\"><div class=\"vce-text-block-wrapper vce\" id=\"el-a47dcafc\" data-vce-do-apply=\"all el-a47dcafc\"><h2 style=\"text-align: center;\">Ferramenta de ajuda \u00e0 decis\u00e3o e otimiza\u00e7\u00e3o de receitas&nbsp;<\/h2><p style=\"text-align: left;\">Quer aumentar o volume de neg\u00f3cios? A recomenda\u00e7\u00e3o tarif\u00e1ria \u00e9 a melhor forma de aumentar a taxa de ocupa\u00e7\u00e3o.<br>Fixe o pre\u00e7o de venda ideal com este m\u00f3dulo!<br>O algoritmo Reservit estuda a reputa\u00e7\u00e3o eletr\u00f4nica de seu hotel, a dos concorrentes e as tarifas praticadas por eles.<br>A ferramenta \u00e9 adaptada em fun\u00e7\u00e3o do seu ambiente e envia uma recomenda\u00e7\u00e3o tarif\u00e1ria. Enquanto gerente de hotel, mant\u00e9m o controle de suas tarifas e mant\u00e9m a liberdade de aceitar ou rejeitar propostas.<\/p><p style=\"text-align: left;\">Deste modo, poder\u00e1 ajustar suas tarifas autom\u00e1tica ou manualmente:<\/p><p style=\"text-align: left;\">&nbsp; &nbsp; &nbsp;\u2022 a ocupa\u00e7\u00e3o do seu hotel ou albergues,<br>&nbsp; &nbsp; &nbsp;\u2022 um aumento progressivo em fun\u00e7\u00e3o da estacionalidade.<\/p><p style=\"text-align: left;\">Uma vez a recomenda\u00e7\u00e3o aceite, o novo pre\u00e7o \u00e9 enviado automaticamente por meio dos canais de distribui\u00e7\u00e3o ou PMS gra\u00e7as \u00e0 conectividade.<\/p><\/div><\/div><\/div><\/div><\/div><\/div><\/div><\/div>\n","protected":false},"excerpt":{"rendered":"<p>Apostar nos pre\u00e7os para maior sucesso60% dos clientes que reservam on-line fazem uma&nbsp; escolha com base nas tarifasOptimizar as suas tarifas de reserva com a recomenda\u00e7\u00e3o tarif\u00e1ria&nbsp; Algoritmo estudado para os hot\u00e9is&nbsp; Fiabilidade do c\u00e1lculo com base em diversos crit\u00e9rios (oferta dos concorrentes reputa\u00e7\u00e3o electr\u00f4nica, taxa de ocupa\u00e7\u00e3o, etc).&nbsp; Ferramenta 100% personalizada com a concorr\u00eancia [&hellip;]<\/p>\n","protected":false},"author":5,"featured_media":0,"parent":0,"menu_order":0,"comment_status":"closed","ping_status":"closed","template":"","meta":{"footnotes":""},"class_list":["post-2749","page","type-page","status-publish","hentry"],"yoast_head":"<!-- This site is optimized with the Yoast SEO plugin v24.1 - https:\/\/yoast.com\/wordpress\/plugins\/seo\/ -->\n<title>Alojamento | Recomenda\u00e7\u00e3o tarif\u00e1ria<\/title>\n<meta name=\"description\" content=\"Apostar nos pre\u00e7os para maior sucesso60% dos clientes que reservam on-line fazem uma&nbsp; escolha com base nas tarifasOptimizar as suas tarifas de\" \/>\n<meta name=\"robots\" content=\"index, follow, max-snippet:-1, max-image-preview:large, max-video-preview:-1\" \/>\n<link rel=\"canonical\" href=\"https:\/\/reservit.wagaia.com\/pt-br\/alojamento-recomendacao-tarifaria\/\" \/>\n<meta property=\"og:locale\" content=\"pt_BR\" \/>\n<meta property=\"og:type\" content=\"article\" \/>\n<meta property=\"og:title\" content=\"Alojamento | Recomenda\u00e7\u00e3o tarif\u00e1ria\" \/>\n<meta property=\"og:description\" content=\"Apostar nos pre\u00e7os para maior sucesso60% dos clientes que reservam on-line fazem uma&nbsp; escolha com base nas tarifasOptimizar as suas tarifas de\" \/>\n<meta property=\"og:url\" content=\"https:\/\/reservit.wagaia.com\/pt-br\/alojamento-recomendacao-tarifaria\/\" \/>\n<meta property=\"og:site_name\" content=\"Reservit\" \/>\n<meta property=\"article:modified_time\" content=\"2021-08-10T09:39:54+00:00\" \/>\n<meta property=\"og:image\" content=\"https:\/\/www.reservit.com\/wp-content\/uploads\/2021\/02\/PictoD.png\" \/>\n<meta name=\"twitter:card\" content=\"summary_large_image\" \/>\n<meta name=\"twitter:label1\" content=\"Est. tempo de leitura\" \/>\n\t<meta name=\"twitter:data1\" content=\"2 minutos\" \/>\n<script type=\"application\/ld+json\" class=\"yoast-schema-graph\">{\"@context\":\"https:\/\/schema.org\",\"@graph\":[{\"@type\":\"WebPage\",\"@id\":\"https:\/\/reservit.wagaia.com\/pt-br\/alojamento-recomendacao-tarifaria\/\",\"url\":\"https:\/\/reservit.wagaia.com\/pt-br\/alojamento-recomendacao-tarifaria\/\",\"name\":\"Alojamento | Recomenda\u00e7\u00e3o tarif\u00e1ria\",\"isPartOf\":{\"@id\":\"https:\/\/reservit.wagaia.com\/pt-br\/#website\"},\"primaryImageOfPage\":{\"@id\":\"https:\/\/reservit.wagaia.com\/pt-br\/alojamento-recomendacao-tarifaria\/#primaryimage\"},\"image\":{\"@id\":\"https:\/\/reservit.wagaia.com\/pt-br\/alojamento-recomendacao-tarifaria\/#primaryimage\"},\"thumbnailUrl\":\"https:\/\/www.reservit.com\/wp-content\/uploads\/2021\/02\/PictoD.png\",\"datePublished\":\"2021-01-15T14:03:31+00:00\",\"dateModified\":\"2021-08-10T09:39:54+00:00\",\"description\":\"Apostar nos pre\u00e7os para maior sucesso60% dos clientes que reservam on-line fazem uma&nbsp; escolha com base nas tarifasOptimizar as suas tarifas de\",\"breadcrumb\":{\"@id\":\"https:\/\/reservit.wagaia.com\/pt-br\/alojamento-recomendacao-tarifaria\/#breadcrumb\"},\"inLanguage\":\"pt-BR\",\"potentialAction\":[{\"@type\":\"ReadAction\",\"target\":[\"https:\/\/reservit.wagaia.com\/pt-br\/alojamento-recomendacao-tarifaria\/\"]}]},{\"@type\":\"ImageObject\",\"inLanguage\":\"pt-BR\",\"@id\":\"https:\/\/reservit.wagaia.com\/pt-br\/alojamento-recomendacao-tarifaria\/#primaryimage\",\"url\":\"https:\/\/www.reservit.com\/wp-content\/uploads\/2021\/02\/PictoD.png\",\"contentUrl\":\"https:\/\/www.reservit.com\/wp-content\/uploads\/2021\/02\/PictoD.png\"},{\"@type\":\"BreadcrumbList\",\"@id\":\"https:\/\/reservit.wagaia.com\/pt-br\/alojamento-recomendacao-tarifaria\/#breadcrumb\",\"itemListElement\":[{\"@type\":\"ListItem\",\"position\":1,\"name\":\"Accueil\",\"item\":\"https:\/\/reservit.wagaia.com\/pt-br\/\"},{\"@type\":\"ListItem\",\"position\":2,\"name\":\"Alojamento | Recomenda\u00e7\u00e3o tarif\u00e1ria\"}]},{\"@type\":\"WebSite\",\"@id\":\"https:\/\/reservit.wagaia.com\/pt-br\/#website\",\"url\":\"https:\/\/reservit.wagaia.com\/pt-br\/\",\"name\":\"Reservit\",\"description\":\"Un site utilisant WordPress\",\"potentialAction\":[{\"@type\":\"SearchAction\",\"target\":{\"@type\":\"EntryPoint\",\"urlTemplate\":\"https:\/\/reservit.wagaia.com\/pt-br\/?s={search_term_string}\"},\"query-input\":{\"@type\":\"PropertyValueSpecification\",\"valueRequired\":true,\"valueName\":\"search_term_string\"}}],\"inLanguage\":\"pt-BR\"}]}<\/script>\n<!-- \/ Yoast SEO plugin. -->","yoast_head_json":{"title":"Alojamento | Recomenda\u00e7\u00e3o tarif\u00e1ria","description":"Apostar nos pre\u00e7os para maior sucesso60% dos clientes que reservam on-line fazem uma&nbsp; escolha com base nas tarifasOptimizar as suas tarifas de","robots":{"index":"index","follow":"follow","max-snippet":"max-snippet:-1","max-image-preview":"max-image-preview:large","max-video-preview":"max-video-preview:-1"},"canonical":"https:\/\/reservit.wagaia.com\/pt-br\/alojamento-recomendacao-tarifaria\/","og_locale":"pt_BR","og_type":"article","og_title":"Alojamento | Recomenda\u00e7\u00e3o tarif\u00e1ria","og_description":"Apostar nos pre\u00e7os para maior sucesso60% dos clientes que reservam on-line fazem uma&nbsp; escolha com base nas tarifasOptimizar as suas tarifas de","og_url":"https:\/\/reservit.wagaia.com\/pt-br\/alojamento-recomendacao-tarifaria\/","og_site_name":"Reservit","article_modified_time":"2021-08-10T09:39:54+00:00","og_image":[{"url":"https:\/\/www.reservit.com\/wp-content\/uploads\/2021\/02\/PictoD.png","type":"","width":"","height":""}],"twitter_card":"summary_large_image","twitter_misc":{"Est. tempo de leitura":"2 minutos"},"schema":{"@context":"https:\/\/schema.org","@graph":[{"@type":"WebPage","@id":"https:\/\/reservit.wagaia.com\/pt-br\/alojamento-recomendacao-tarifaria\/","url":"https:\/\/reservit.wagaia.com\/pt-br\/alojamento-recomendacao-tarifaria\/","name":"Alojamento | Recomenda\u00e7\u00e3o tarif\u00e1ria","isPartOf":{"@id":"https:\/\/reservit.wagaia.com\/pt-br\/#website"},"primaryImageOfPage":{"@id":"https:\/\/reservit.wagaia.com\/pt-br\/alojamento-recomendacao-tarifaria\/#primaryimage"},"image":{"@id":"https:\/\/reservit.wagaia.com\/pt-br\/alojamento-recomendacao-tarifaria\/#primaryimage"},"thumbnailUrl":"https:\/\/www.reservit.com\/wp-content\/uploads\/2021\/02\/PictoD.png","datePublished":"2021-01-15T14:03:31+00:00","dateModified":"2021-08-10T09:39:54+00:00","description":"Apostar nos pre\u00e7os para maior sucesso60% dos clientes que reservam on-line fazem uma&nbsp; escolha com base nas tarifasOptimizar as suas tarifas de","breadcrumb":{"@id":"https:\/\/reservit.wagaia.com\/pt-br\/alojamento-recomendacao-tarifaria\/#breadcrumb"},"inLanguage":"pt-BR","potentialAction":[{"@type":"ReadAction","target":["https:\/\/reservit.wagaia.com\/pt-br\/alojamento-recomendacao-tarifaria\/"]}]},{"@type":"ImageObject","inLanguage":"pt-BR","@id":"https:\/\/reservit.wagaia.com\/pt-br\/alojamento-recomendacao-tarifaria\/#primaryimage","url":"https:\/\/www.reservit.com\/wp-content\/uploads\/2021\/02\/PictoD.png","contentUrl":"https:\/\/www.reservit.com\/wp-content\/uploads\/2021\/02\/PictoD.png"},{"@type":"BreadcrumbList","@id":"https:\/\/reservit.wagaia.com\/pt-br\/alojamento-recomendacao-tarifaria\/#breadcrumb","itemListElement":[{"@type":"ListItem","position":1,"name":"Accueil","item":"https:\/\/reservit.wagaia.com\/pt-br\/"},{"@type":"ListItem","position":2,"name":"Alojamento | Recomenda\u00e7\u00e3o tarif\u00e1ria"}]},{"@type":"WebSite","@id":"https:\/\/reservit.wagaia.com\/pt-br\/#website","url":"https:\/\/reservit.wagaia.com\/pt-br\/","name":"Reservit","description":"Un site utilisant WordPress","potentialAction":[{"@type":"SearchAction","target":{"@type":"EntryPoint","urlTemplate":"https:\/\/reservit.wagaia.com\/pt-br\/?s={search_term_string}"},"query-input":{"@type":"PropertyValueSpecification","valueRequired":true,"valueName":"search_term_string"}}],"inLanguage":"pt-BR"}]}},"_links":{"self":[{"href":"https:\/\/reservit.wagaia.com\/pt-br\/wp-json\/wp\/v2\/pages\/2749","targetHints":{"allow":["GET"]}}],"collection":[{"href":"https:\/\/reservit.wagaia.com\/pt-br\/wp-json\/wp\/v2\/pages"}],"about":[{"href":"https:\/\/reservit.wagaia.com\/pt-br\/wp-json\/wp\/v2\/types\/page"}],"author":[{"embeddable":true,"href":"https:\/\/reservit.wagaia.com\/pt-br\/wp-json\/wp\/v2\/users\/5"}],"replies":[{"embeddable":true,"href":"https:\/\/reservit.wagaia.com\/pt-br\/wp-json\/wp\/v2\/comments?post=2749"}],"version-history":[{"count":0,"href":"https:\/\/reservit.wagaia.com\/pt-br\/wp-json\/wp\/v2\/pages\/2749\/revisions"}],"wp:attachment":[{"href":"https:\/\/reservit.wagaia.com\/pt-br\/wp-json\/wp\/v2\/media?parent=2749"}],"curies":[{"name":"wp","href":"https:\/\/api.w.org\/{rel}","templated":true}]}}