{"id":2747,"date":"2021-01-15T14:54:29","date_gmt":"2021-01-15T13:54:29","guid":{"rendered":"https:\/\/www.reservit.com\/hebergement-veille-concurrentielle\/"},"modified":"2023-02-09T15:00:45","modified_gmt":"2023-02-09T14:00:45","slug":"alojamento-vigilancia-competitiva","status":"publish","type":"page","link":"https:\/\/reservit.wagaia.com\/pt-br\/alojamento-vigilancia-competitiva\/","title":{"rendered":""},"content":{"rendered":"<div class=\"vce-row-container\" data-vce-boxed-width=\"true\"><div class=\"vce-row vce-element--has-background vce-row--col-gap-30 page-banner vce-row-content--top\" id=\"el-94b67783\" data-vce-do-apply=\"all el-94b67783\"><div class=\"vce-content-background-container\"><div class=\"vce-asset-background-simple-container vce-visible-all-only vce-asset-background-simple--style-cover vce-asset-background-simple--position-center-center\"><div class=\"vce-asset-background-simple\">\n              <div class=\"vce-asset-background-simple-item vcv-lozad\" data-background-image=\"https:\/\/www.reservit.com\/wp-content\/uploads\/2021\/02\/scott-graham-5fNmWej4tAA-unsplash-1-scaled.jpg\"><\/div>\n              <noscript>\n                <div class=\"vce-asset-background-simple-item\" style=\"background-image: url(https:\/\/www.reservit.com\/wp-content\/uploads\/2021\/02\/scott-graham-5fNmWej4tAA-unsplash-1-scaled.jpg)\"><\/div>\n              <\/noscript>\n            <\/div><\/div><\/div><div class=\"vce-row-content\" data-vce-element-content=\"true\"><div class=\"vce-col vce-col--md-auto vce-col--xs-1 vce-col--xs-last vce-col--xs-first vce-col--sm-last vce-col--sm-first vce-col--md-last vce-col--lg-last vce-col--xl-last vce-col--md-first vce-col--lg-first vce-col--xl-first\" id=\"el-d252c871\"><div class=\"vce-col-inner\" data-vce-do-apply=\"border margin background  el-d252c871\"><div class=\"vce-col-content\" data-vce-element-content=\"true\" data-vce-do-apply=\"padding el-d252c871\"><div class=\"vce-text-block banner-arrows\"><div class=\"vce-text-block-wrapper vce\" id=\"el-c450b284\" data-vce-do-apply=\"all el-c450b284\"><h1>Adaptar a oferta em fun\u00e7\u00e3o da concorr\u00eancia<\/h1><p>Um em cada dois hot\u00e9is pratica a intelig\u00eancia competitiva manualmente<\/p><\/div><\/div><\/div><\/div><\/div><\/div><\/div><\/div><div class=\"vce-row-container\" data-vce-boxed-width=\"true\"><div class=\"vce-row vce-row--col-gap-70 vce-row-equal-height vce-row-content--top\" id=\"el-dd8b2c8e\" data-vce-do-apply=\"all el-dd8b2c8e\"><div class=\"vce-content-background-container\"><\/div><div class=\"vce-row-content\" data-vce-element-content=\"true\"><div class=\"vce-col vce-col--md-56-73p vce-col--xs-1 vce-col--xs-last vce-col--xs-first vce-col--sm-last vce-col--sm-first vce-col--md-first vce-col--lg-first vce-col--xl-first\" id=\"el-309d95f4\"><div class=\"vce-col-inner\" data-vce-do-apply=\"border margin background  el-309d95f4\"><div class=\"vce-col-content\" data-vce-element-content=\"true\" data-vce-do-apply=\"padding el-309d95f4\"><div class=\"vce-single-image-container vce-single-image--align-center\"><div class=\"vce vce-single-image-wrapper\" id=\"el-728e9dd0\" data-vce-do-apply=\"all el-728e9dd0\"><figure><div class=\"vce-single-image-figure-inner\" style=\"width: 1024px;\"><div class=\"vce-single-image-inner vce-single-image--absolute\" style=\"width: 100%; padding-bottom: 84.9609%;\"><img loading=\"lazy\" decoding=\"async\" class=\"vce-single-image\"  width=\"1024\" height=\"870\" src=\"https:\/\/www.reservit.com\/wp-content\/uploads\/2021\/01\/mise_en_scene_RIT_veille-1030x876-1.png\" data-img-src=\"https:\/\/www.reservit.com\/wp-content\/uploads\/2021\/01\/mise_en_scene_RIT_veille-1030x876-1.png\" data-attachment-id=\"207\"  alt=\"\" title=\"mise_en_scene_RIT_veille-1030x876\" \/><\/div><\/div><figcaption hidden=\"\"><\/figcaption><\/figure><\/div><\/div><\/div><\/div><\/div><div class=\"vce-col vce-col--md-43-25p vce-col--xs-1 vce-col--xs-last vce-col--xs-first vce-col--sm-last vce-col--sm-first vce-col--md-last vce-col--lg-last vce-col--xl-last\" id=\"el-b151a1a8\"><div class=\"vce-col-inner\" data-vce-do-apply=\"border margin background  el-b151a1a8\"><div class=\"vce-col-content\" data-vce-element-content=\"true\" data-vce-do-apply=\"padding el-b151a1a8\"><div class=\"vce-text-block\"><div class=\"vce-text-block-wrapper vce\" id=\"el-332669f5\" data-vce-do-apply=\"all el-332669f5\"><h2 style=\"text-align: center;\"><span style=\"font-family: inherit;\">Porqu\u00ea comparar tarifas ?<\/span><\/h2><p>Um hotel pode concorrer apenas em alguns segmentos e em hor\u00e1rios diferentes da semana (por exemplo, ao fim de semana).<br>O pre\u00e7o \u00e9 o crit\u00e9rio de escolha n.\u00ba 1 para mais de 60% dos clientes que reservam on-line.<br>Antecipe esta oscila\u00e7\u00e3o e a estrat\u00e9gia tarif\u00e1ria da concorr\u00eancia gra\u00e7as ao m\u00f3dulo de compara\u00e7\u00e3o dos pre\u00e7os Reservit. Isso ir\u00e1 permitir uma melhor visibilidade sobre as ofertas dispon\u00edveis noutros canais de distribui\u00e7\u00e3o.<\/p><p>A intelig\u00eancia competitiva permite comparar diariamente o seu melhor pre\u00e7o de venda com o dos seus principais concorrentes\u2026 \u00c9 uma vantagem incontest\u00e1vel no meio hoteleiro para adaptar a sua oferta e otimizar ao m\u00e1ximo a rentabilidade.<\/p><\/div><\/div><\/div><\/div><\/div><\/div><\/div><\/div><div class=\"vce-row-container\" data-vce-boxed-width=\"true\"><div class=\"vce-row vce-row--col-gap-30 vce-row-equal-height vce-row-content--top\" id=\"el-5588d8e5\" data-vce-do-apply=\"all el-5588d8e5\"><div class=\"vce-row-content\" data-vce-element-content=\"true\"><div class=\"vce-col vce-col--md-auto vce-col--xs-1 vce-col--xs-last vce-col--xs-first vce-col--sm-last vce-col--sm-first vce-col--md-last vce-col--lg-last vce-col--xl-last vce-col--md-first vce-col--lg-first vce-col--xl-first\" id=\"el-8c8836f8\"><div class=\"vce-col-inner\" data-vce-do-apply=\"border margin background  el-8c8836f8\"><div class=\"vce-col-content\" data-vce-element-content=\"true\" data-vce-do-apply=\"padding el-8c8836f8\"><div class=\"vce-text-block\"><div class=\"vce-text-block-wrapper vce\" id=\"el-c21eeb2d\" data-vce-do-apply=\"all el-c21eeb2d\"><h2 style=\"text-align: center;\">Uma ferramenta exata de compara\u00e7\u00e3o tarif\u00e1ria<\/h2><p>Nossa solu\u00e7\u00e3o foi pensada para garantir uma apropria\u00e7\u00e3o r\u00e1pida e uma utiliza\u00e7\u00e3o intuitiva. O acesso \u00e0 intelig\u00eancia competitiva \u00e9 feito diretamente por meio de seu gerente Reservit. Ao dispor de um acesso r\u00e1pido e fi\u00e1vel a informa\u00e7\u00f5es importantes, nomeadamente aos pre\u00e7os dos hot\u00e9is em sua zona, poder\u00e1 melhorar a capacidade de aquisi\u00e7\u00e3o de novos clientes.<\/p><p>Esse m\u00f3dulo de intelig\u00eancia permite automatizar a recolha de informa\u00e7\u00f5es sobre tarifas praticadas pela concorr\u00eancia. Melhora o desempenho na Web.<\/p><\/div><\/div><\/div><\/div><\/div><\/div><\/div><\/div><div class=\"vce-row-container\" data-vce-boxed-width=\"true\"><div class=\"vce-row vce-row--col-gap-30 fancy-bloc vce-row-equal-height vce-row-content--top\" id=\"el-bf986116\" data-vce-do-apply=\"all el-bf986116\"><div class=\"vce-row-content\" data-vce-element-content=\"true\"><div class=\"vce-col vce-col--md-19-05p vce-col--xs-1 vce-col--xs-last vce-col--xs-first vce-col--sm-last vce-col--sm-first vce-col--md-first vce-col--lg-first vce-col--xl-first\" id=\"el-377ef714\"><div class=\"vce-col-inner\" data-vce-do-apply=\"border margin background  el-377ef714\"><div class=\"vce-col-content\" data-vce-element-content=\"true\" data-vce-do-apply=\"padding el-377ef714\"><div class=\"vce-text-block\"><div class=\"vce-text-block-wrapper vce\" id=\"el-cd7433b9\" data-vce-do-apply=\"all el-cd7433b9\"><p><img loading=\"lazy\" decoding=\"async\" class=\"alignnone size-full wp-image-37\" src=\"https:\/\/www.reservit.com\/wp-content\/uploads\/2021\/01\/picto3.png\" alt=\"\" width=\"95\" height=\"82\">&nbsp; Uma utiliza\u00e7\u00e3o simples<\/p><h4>&nbsp;<\/h4><\/div><\/div><\/div><\/div><\/div><div class=\"vce-col vce-col--md-27-68p vce-col--xs-1 vce-col--xs-last vce-col--xs-first vce-col--sm-last vce-col--sm-first\" id=\"el-c94a74aa\"><div class=\"vce-col-inner\" data-vce-do-apply=\"border margin background  el-c94a74aa\"><div class=\"vce-col-content\" data-vce-element-content=\"true\" data-vce-do-apply=\"padding el-c94a74aa\"><div class=\"vce-text-block\"><div class=\"vce-text-block-wrapper vce\" id=\"el-4b8b4a3a\" data-vce-do-apply=\"all el-4b8b4a3a\"><p><img loading=\"lazy\" decoding=\"async\" class=\"alignnone size-full wp-image-36\" src=\"https:\/\/www.reservit.com\/wp-content\/uploads\/2021\/01\/picto2.png\" alt=\"\" width=\"90\" height=\"63\">&nbsp; Registro de mais de 5 estabelecimentos<\/p><h4>&nbsp;<\/h4><\/div><\/div><\/div><\/div><\/div><div class=\"vce-col vce-col--md-28-26p vce-col--xs-1 vce-col--xs-last vce-col--xs-first vce-col--sm-last vce-col--sm-first\" id=\"el-cc7a1463\"><div class=\"vce-col-inner\" data-vce-do-apply=\"border margin background  el-cc7a1463\"><div class=\"vce-col-content\" data-vce-element-content=\"true\" data-vce-do-apply=\"padding el-cc7a1463\"><div class=\"vce-text-block\"><div class=\"vce-text-block-wrapper vce\" id=\"el-065d7d25\" data-vce-do-apply=\"all el-065d7d25\"><p><img loading=\"lazy\" decoding=\"async\" class=\"alignnone size-full wp-image-30\" src=\"https:\/\/www.reservit.com\/wp-content\/uploads\/2021\/01\/demo.png\" alt=\"\" width=\"87\" height=\"87\">&nbsp; Melhores tarifas di\u00e1rias em 30 dias<\/p><h4>&nbsp;<\/h4><\/div><\/div><\/div><\/div><\/div><div class=\"vce-col vce-col--md-auto vce-col--xs-1 vce-col--xs-last vce-col--xs-first vce-col--sm-last vce-col--sm-first vce-col--md-last vce-col--lg-last vce-col--xl-last\" id=\"el-22a9530d\"><div class=\"vce-col-inner\" data-vce-do-apply=\"border margin background  el-22a9530d\"><div class=\"vce-col-content\" data-vce-element-content=\"true\" data-vce-do-apply=\"padding el-22a9530d\"><div class=\"vce-text-block\"><div class=\"vce-text-block-wrapper vce\" id=\"el-db1f0d25\" data-vce-do-apply=\"all el-db1f0d25\"><p><img loading=\"lazy\" decoding=\"async\" class=\"alignnone size-full wp-image-35\" src=\"https:\/\/www.reservit.com\/wp-content\/uploads\/2021\/01\/picto1.png\" alt=\"\" width=\"98\" height=\"82\">&nbsp; Relat\u00f3rio di\u00e1rio autom\u00e1tico<\/p><h4>&nbsp;<\/h4><\/div><\/div><\/div><\/div><\/div><\/div><\/div><\/div>\n","protected":false},"excerpt":{"rendered":"<p>Adaptar a oferta em fun\u00e7\u00e3o da concorr\u00eanciaUm em cada dois hot\u00e9is pratica a intelig\u00eancia competitiva manualmentePorqu\u00ea comparar tarifas ?Um hotel pode concorrer apenas em alguns segmentos e em hor\u00e1rios diferentes da semana (por exemplo, ao fim de semana).O pre\u00e7o \u00e9 o crit\u00e9rio de escolha n.\u00ba 1 para mais de 60% dos clientes que reservam on-line.Antecipe [&hellip;]<\/p>\n","protected":false},"author":5,"featured_media":0,"parent":0,"menu_order":0,"comment_status":"closed","ping_status":"closed","template":"","meta":{"footnotes":""},"class_list":["post-2747","page","type-page","status-publish","hentry"],"yoast_head":"<!-- This site is optimized with the Yoast SEO plugin v24.1 - https:\/\/yoast.com\/wordpress\/plugins\/seo\/ -->\n<title>Alojamento | Vigil\u00e2ncia competitiva<\/title>\n<meta name=\"description\" content=\"Adaptar a oferta em fun\u00e7\u00e3o da concorr\u00eanciaUm em cada dois hot\u00e9is pratica a intelig\u00eancia competitiva manualmentePorqu\u00ea comparar tarifas ?Um hotel pode\" \/>\n<meta name=\"robots\" content=\"index, follow, max-snippet:-1, max-image-preview:large, max-video-preview:-1\" \/>\n<link rel=\"canonical\" href=\"https:\/\/reservit.wagaia.com\/pt-br\/alojamento-vigilancia-competitiva\/\" \/>\n<meta property=\"og:locale\" content=\"pt_BR\" \/>\n<meta property=\"og:type\" content=\"article\" \/>\n<meta property=\"og:title\" content=\"Alojamento | Vigil\u00e2ncia competitiva\" \/>\n<meta property=\"og:description\" content=\"Adaptar a oferta em fun\u00e7\u00e3o da concorr\u00eanciaUm em cada dois hot\u00e9is pratica a intelig\u00eancia competitiva manualmentePorqu\u00ea comparar tarifas ?Um hotel pode\" \/>\n<meta property=\"og:url\" content=\"https:\/\/reservit.wagaia.com\/pt-br\/alojamento-vigilancia-competitiva\/\" \/>\n<meta property=\"og:site_name\" content=\"Reservit\" \/>\n<meta property=\"article:modified_time\" content=\"2023-02-09T14:00:45+00:00\" \/>\n<meta property=\"og:image\" content=\"https:\/\/www.reservit.com\/wp-content\/uploads\/2021\/01\/mise_en_scene_RIT_veille-1030x876-1.png\" \/>\n<meta name=\"twitter:card\" content=\"summary_large_image\" \/>\n<meta name=\"twitter:label1\" content=\"Est. tempo de leitura\" \/>\n\t<meta name=\"twitter:data1\" content=\"1 minuto\" \/>\n<script type=\"application\/ld+json\" class=\"yoast-schema-graph\">{\"@context\":\"https:\/\/schema.org\",\"@graph\":[{\"@type\":\"WebPage\",\"@id\":\"https:\/\/reservit.wagaia.com\/pt-br\/alojamento-vigilancia-competitiva\/\",\"url\":\"https:\/\/reservit.wagaia.com\/pt-br\/alojamento-vigilancia-competitiva\/\",\"name\":\"Alojamento | Vigil\u00e2ncia competitiva\",\"isPartOf\":{\"@id\":\"https:\/\/reservit.wagaia.com\/pt-br\/#website\"},\"primaryImageOfPage\":{\"@id\":\"https:\/\/reservit.wagaia.com\/pt-br\/alojamento-vigilancia-competitiva\/#primaryimage\"},\"image\":{\"@id\":\"https:\/\/reservit.wagaia.com\/pt-br\/alojamento-vigilancia-competitiva\/#primaryimage\"},\"thumbnailUrl\":\"https:\/\/www.reservit.com\/wp-content\/uploads\/2021\/01\/mise_en_scene_RIT_veille-1030x876-1.png\",\"datePublished\":\"2021-01-15T13:54:29+00:00\",\"dateModified\":\"2023-02-09T14:00:45+00:00\",\"description\":\"Adaptar a oferta em fun\u00e7\u00e3o da concorr\u00eanciaUm em cada dois hot\u00e9is pratica a intelig\u00eancia competitiva manualmentePorqu\u00ea comparar tarifas ?Um hotel pode\",\"breadcrumb\":{\"@id\":\"https:\/\/reservit.wagaia.com\/pt-br\/alojamento-vigilancia-competitiva\/#breadcrumb\"},\"inLanguage\":\"pt-BR\",\"potentialAction\":[{\"@type\":\"ReadAction\",\"target\":[\"https:\/\/reservit.wagaia.com\/pt-br\/alojamento-vigilancia-competitiva\/\"]}]},{\"@type\":\"ImageObject\",\"inLanguage\":\"pt-BR\",\"@id\":\"https:\/\/reservit.wagaia.com\/pt-br\/alojamento-vigilancia-competitiva\/#primaryimage\",\"url\":\"https:\/\/www.reservit.com\/wp-content\/uploads\/2021\/01\/mise_en_scene_RIT_veille-1030x876-1.png\",\"contentUrl\":\"https:\/\/www.reservit.com\/wp-content\/uploads\/2021\/01\/mise_en_scene_RIT_veille-1030x876-1.png\"},{\"@type\":\"BreadcrumbList\",\"@id\":\"https:\/\/reservit.wagaia.com\/pt-br\/alojamento-vigilancia-competitiva\/#breadcrumb\",\"itemListElement\":[{\"@type\":\"ListItem\",\"position\":1,\"name\":\"Accueil\",\"item\":\"https:\/\/reservit.wagaia.com\/pt-br\/\"},{\"@type\":\"ListItem\",\"position\":2,\"name\":\"Alojamento | Vigil\u00e2ncia competitiva\"}]},{\"@type\":\"WebSite\",\"@id\":\"https:\/\/reservit.wagaia.com\/pt-br\/#website\",\"url\":\"https:\/\/reservit.wagaia.com\/pt-br\/\",\"name\":\"Reservit\",\"description\":\"Un site utilisant WordPress\",\"potentialAction\":[{\"@type\":\"SearchAction\",\"target\":{\"@type\":\"EntryPoint\",\"urlTemplate\":\"https:\/\/reservit.wagaia.com\/pt-br\/?s={search_term_string}\"},\"query-input\":{\"@type\":\"PropertyValueSpecification\",\"valueRequired\":true,\"valueName\":\"search_term_string\"}}],\"inLanguage\":\"pt-BR\"}]}<\/script>\n<!-- \/ Yoast SEO plugin. -->","yoast_head_json":{"title":"Alojamento | Vigil\u00e2ncia competitiva","description":"Adaptar a oferta em fun\u00e7\u00e3o da concorr\u00eanciaUm em cada dois hot\u00e9is pratica a intelig\u00eancia competitiva manualmentePorqu\u00ea comparar tarifas ?Um hotel pode","robots":{"index":"index","follow":"follow","max-snippet":"max-snippet:-1","max-image-preview":"max-image-preview:large","max-video-preview":"max-video-preview:-1"},"canonical":"https:\/\/reservit.wagaia.com\/pt-br\/alojamento-vigilancia-competitiva\/","og_locale":"pt_BR","og_type":"article","og_title":"Alojamento | Vigil\u00e2ncia competitiva","og_description":"Adaptar a oferta em fun\u00e7\u00e3o da concorr\u00eanciaUm em cada dois hot\u00e9is pratica a intelig\u00eancia competitiva manualmentePorqu\u00ea comparar tarifas ?Um hotel pode","og_url":"https:\/\/reservit.wagaia.com\/pt-br\/alojamento-vigilancia-competitiva\/","og_site_name":"Reservit","article_modified_time":"2023-02-09T14:00:45+00:00","og_image":[{"url":"https:\/\/www.reservit.com\/wp-content\/uploads\/2021\/01\/mise_en_scene_RIT_veille-1030x876-1.png","type":"","width":"","height":""}],"twitter_card":"summary_large_image","twitter_misc":{"Est. tempo de leitura":"1 minuto"},"schema":{"@context":"https:\/\/schema.org","@graph":[{"@type":"WebPage","@id":"https:\/\/reservit.wagaia.com\/pt-br\/alojamento-vigilancia-competitiva\/","url":"https:\/\/reservit.wagaia.com\/pt-br\/alojamento-vigilancia-competitiva\/","name":"Alojamento | Vigil\u00e2ncia competitiva","isPartOf":{"@id":"https:\/\/reservit.wagaia.com\/pt-br\/#website"},"primaryImageOfPage":{"@id":"https:\/\/reservit.wagaia.com\/pt-br\/alojamento-vigilancia-competitiva\/#primaryimage"},"image":{"@id":"https:\/\/reservit.wagaia.com\/pt-br\/alojamento-vigilancia-competitiva\/#primaryimage"},"thumbnailUrl":"https:\/\/www.reservit.com\/wp-content\/uploads\/2021\/01\/mise_en_scene_RIT_veille-1030x876-1.png","datePublished":"2021-01-15T13:54:29+00:00","dateModified":"2023-02-09T14:00:45+00:00","description":"Adaptar a oferta em fun\u00e7\u00e3o da concorr\u00eanciaUm em cada dois hot\u00e9is pratica a intelig\u00eancia competitiva manualmentePorqu\u00ea comparar tarifas ?Um hotel pode","breadcrumb":{"@id":"https:\/\/reservit.wagaia.com\/pt-br\/alojamento-vigilancia-competitiva\/#breadcrumb"},"inLanguage":"pt-BR","potentialAction":[{"@type":"ReadAction","target":["https:\/\/reservit.wagaia.com\/pt-br\/alojamento-vigilancia-competitiva\/"]}]},{"@type":"ImageObject","inLanguage":"pt-BR","@id":"https:\/\/reservit.wagaia.com\/pt-br\/alojamento-vigilancia-competitiva\/#primaryimage","url":"https:\/\/www.reservit.com\/wp-content\/uploads\/2021\/01\/mise_en_scene_RIT_veille-1030x876-1.png","contentUrl":"https:\/\/www.reservit.com\/wp-content\/uploads\/2021\/01\/mise_en_scene_RIT_veille-1030x876-1.png"},{"@type":"BreadcrumbList","@id":"https:\/\/reservit.wagaia.com\/pt-br\/alojamento-vigilancia-competitiva\/#breadcrumb","itemListElement":[{"@type":"ListItem","position":1,"name":"Accueil","item":"https:\/\/reservit.wagaia.com\/pt-br\/"},{"@type":"ListItem","position":2,"name":"Alojamento | Vigil\u00e2ncia competitiva"}]},{"@type":"WebSite","@id":"https:\/\/reservit.wagaia.com\/pt-br\/#website","url":"https:\/\/reservit.wagaia.com\/pt-br\/","name":"Reservit","description":"Un site utilisant WordPress","potentialAction":[{"@type":"SearchAction","target":{"@type":"EntryPoint","urlTemplate":"https:\/\/reservit.wagaia.com\/pt-br\/?s={search_term_string}"},"query-input":{"@type":"PropertyValueSpecification","valueRequired":true,"valueName":"search_term_string"}}],"inLanguage":"pt-BR"}]}},"_links":{"self":[{"href":"https:\/\/reservit.wagaia.com\/pt-br\/wp-json\/wp\/v2\/pages\/2747","targetHints":{"allow":["GET"]}}],"collection":[{"href":"https:\/\/reservit.wagaia.com\/pt-br\/wp-json\/wp\/v2\/pages"}],"about":[{"href":"https:\/\/reservit.wagaia.com\/pt-br\/wp-json\/wp\/v2\/types\/page"}],"author":[{"embeddable":true,"href":"https:\/\/reservit.wagaia.com\/pt-br\/wp-json\/wp\/v2\/users\/5"}],"replies":[{"embeddable":true,"href":"https:\/\/reservit.wagaia.com\/pt-br\/wp-json\/wp\/v2\/comments?post=2747"}],"version-history":[{"count":0,"href":"https:\/\/reservit.wagaia.com\/pt-br\/wp-json\/wp\/v2\/pages\/2747\/revisions"}],"wp:attachment":[{"href":"https:\/\/reservit.wagaia.com\/pt-br\/wp-json\/wp\/v2\/media?parent=2747"}],"curies":[{"name":"wp","href":"https:\/\/api.w.org\/{rel}","templated":true}]}}