{"id":2745,"date":"2021-01-14T13:44:34","date_gmt":"2021-01-14T12:44:34","guid":{"rendered":"https:\/\/www.reservit.com\/assurance-annulation-hebergement\/"},"modified":"2021-08-11T09:33:14","modified_gmt":"2021-08-11T07:33:14","slug":"alojamento-garantia-de-anulacao","status":"publish","type":"page","link":"https:\/\/reservit.wagaia.com\/pt-br\/alojamento-garantia-de-anulacao\/","title":{"rendered":""},"content":{"rendered":"<div class=\"vce-row-container\" data-vce-boxed-width=\"true\"><div class=\"vce-row vce-element--has-background vce-row--col-gap-30 page-banner vce-row-content--top\" id=\"el-94b67783\" data-vce-do-apply=\"all el-94b67783\"><div class=\"vce-content-background-container\"><div class=\"vce-asset-background-simple-container vce-visible-all-only vce-asset-background-simple--style-cover vce-asset-background-simple--position-right-bottom\"><div class=\"vce-asset-background-simple\">\n              <div class=\"vce-asset-background-simple-item vcv-lozad\" data-background-image=\"https:\/\/www.reservit.com\/zeeptapo\/2021\/02\/Extension-Covid-1.jpg\"><\/div>\n              <noscript>\n                <div class=\"vce-asset-background-simple-item\" style=\"background-image: url(https:\/\/www.reservit.com\/zeeptapo\/2021\/02\/Extension-Covid-1.jpg)\"><\/div>\n              <\/noscript>\n            <\/div><\/div><\/div><div class=\"vce-row-content\" data-vce-element-content=\"true\"><div class=\"vce-col vce-col--md-auto vce-col--xs-1 vce-col--xs-last vce-col--xs-first vce-col--sm-last vce-col--sm-first vce-col--md-last vce-col--lg-last vce-col--xl-last vce-col--md-first vce-col--lg-first vce-col--xl-first\" id=\"el-d252c871\"><div class=\"vce-col-inner\" data-vce-do-apply=\"border margin background  el-d252c871\"><div class=\"vce-col-content\" data-vce-element-content=\"true\" data-vce-do-apply=\"padding el-d252c871\"><div class=\"vce-text-block banner-arrows\"><div class=\"vce-text-block-wrapper vce\" id=\"el-c450b284\" data-vce-do-apply=\"all el-c450b284\"><h1>Garantia de anula\u00e7\u00e3o<\/h1><p>A melhor alavanca comercial para a sua atividade<\/p><\/div><\/div><\/div><\/div><\/div><\/div><\/div><\/div><div class=\"vce-row-container\" data-vce-boxed-width=\"true\"><div class=\"vce-row vce-row--col-gap-30 vce-row-equal-height vce-row-content--top\" id=\"el-adf4a92b\" data-vce-do-apply=\"all el-adf4a92b\"><div class=\"vce-row-content\" data-vce-element-content=\"true\"><div class=\"vce-col vce-col--md-auto vce-col--xs-1 vce-col--xs-last vce-col--xs-first vce-col--sm-last vce-col--sm-first vce-col--md-last vce-col--lg-last vce-col--xl-last vce-col--md-first vce-col--lg-first vce-col--xl-first\" id=\"el-b294a653\"><div class=\"vce-col-inner\" data-vce-do-apply=\"border margin background  el-b294a653\"><div class=\"vce-col-content\" data-vce-element-content=\"true\" data-vce-do-apply=\"padding el-b294a653\"><div class=\"vce-text-block\"><div class=\"vce-text-block-wrapper vce\" id=\"el-ccb9539e\" data-vce-do-apply=\"all el-ccb9539e\"><p>Ofere\u00e7a a seus clientes uma garantia de anula\u00e7\u00e3o, diretamente integrada nas suas p\u00e1ginas de reserva. A garantia de anula\u00e7\u00e3o representa uma oportunidade para aumentar a sua taxa de transforma\u00e7\u00e3o.<\/p><h2 style=\"text-align: center;\">Tranquilize os seus clientes<\/h2><\/div><\/div><\/div><\/div><\/div><\/div><\/div><\/div><div class=\"vce-row-container\" data-vce-boxed-width=\"true\"><div class=\"vce-row vce-row--col-gap-30 fancy-bloc vce-row-equal-height vce-row-content--top\" id=\"el-20c21e7c\" data-vce-do-apply=\"all el-20c21e7c\" data-vce-animate=\"vce-o-animate--fadeIn\"><div class=\"vce-content-background-container\"><\/div><div class=\"vce-row-content\" data-vce-element-content=\"true\"><div class=\"vce-col vce-col--md-auto vce-col--xs-1 vce-col--xs-last vce-col--xs-first vce-col--sm-last vce-col--sm-first vce-col--md-first vce-col--lg-first vce-col--xl-first\" id=\"el-be953f78\"><div class=\"vce-col-inner\" data-vce-do-apply=\"border margin background  el-be953f78\"><div class=\"vce-col-content\" data-vce-element-content=\"true\" data-vce-do-apply=\"padding el-be953f78\"><div class=\"vce-text-block\"><div class=\"vce-text-block-wrapper vce\" id=\"el-2da7781c\" data-vce-do-apply=\"all el-2da7781c\"><p><img loading=\"lazy\" decoding=\"async\" class=\"size-full wp-image-37 alignleft\" src=\"https:\/\/www.reservit.com\/zeeptapo\/2021\/01\/picto3.png\" alt=\"\" width=\"95\" height=\"82\">&nbsp; Anula\u00e7\u00e3o ou interrup\u00e7\u00e3o em poucos cliques<\/p><h4>&nbsp;<\/h4><\/div><\/div><\/div><\/div><\/div><div class=\"vce-col vce-col--md-auto vce-col--xs-1 vce-col--xs-last vce-col--xs-first vce-col--sm-last vce-col--sm-first vce-col--md-last vce-col--lg-last vce-col--xl-last\" id=\"el-b28c092c\"><div class=\"vce-col-inner\" data-vce-do-apply=\"border margin background  el-b28c092c\"><div class=\"vce-col-content\" data-vce-element-content=\"true\" data-vce-do-apply=\"padding el-b28c092c\"><div class=\"vce-text-block\"><div class=\"vce-text-block-wrapper vce\" id=\"el-b61ea1f7\" data-vce-do-apply=\"all el-b61ea1f7\"><p><img loading=\"lazy\" decoding=\"async\" class=\"size-full wp-image-36 alignleft\" src=\"https:\/\/www.reservit.com\/zeeptapo\/2021\/01\/picto2.png\" alt=\"\" width=\"90\" height=\"63\">&nbsp; &nbsp; Uma vantagem suplementar em compara\u00e7\u00e3o com as OTA<\/p><h4>&nbsp;<\/h4><\/div><\/div><\/div><\/div><\/div><\/div><\/div><\/div><div class=\"vce-row-container\" data-vce-boxed-width=\"true\"><div class=\"vce-row vce-row--col-gap-30 fancy-bloc vce-row-equal-height vce-row-content--top\" id=\"el-7ca83824\" data-vce-do-apply=\"all el-7ca83824\" data-vce-animate=\"vce-o-animate--fadeIn\"><div class=\"vce-content-background-container\"><\/div><div class=\"vce-row-content\" data-vce-element-content=\"true\"><div class=\"vce-col vce-col--md-auto vce-col--xs-1 vce-col--xs-last vce-col--xs-first vce-col--sm-last vce-col--sm-first vce-col--md-first vce-col--lg-first vce-col--xl-first\" id=\"el-ff6ec64f\"><div class=\"vce-col-inner\" data-vce-do-apply=\"border margin background  el-ff6ec64f\"><div class=\"vce-col-content\" data-vce-element-content=\"true\" data-vce-do-apply=\"padding el-ff6ec64f\"><div class=\"vce-text-block\"><div class=\"vce-text-block-wrapper vce\" id=\"el-eb910727\" data-vce-do-apply=\"all el-eb910727\"><p><img loading=\"lazy\" decoding=\"async\" class=\"alignnone wp-image-1645 size-full\" src=\"https:\/\/www.reservit.com\/zeeptapo\/2021\/02\/PictoD.png\" alt=\"\" width=\"90\" height=\"85\">&nbsp; Reduz o montante das comiss\u00f5es a pagar \u00e0s OTA<\/p><h4>&nbsp;<\/h4><\/div><\/div><\/div><\/div><\/div><div class=\"vce-col vce-col--md-auto vce-col--xs-1 vce-col--xs-last vce-col--xs-first vce-col--sm-last vce-col--sm-first vce-col--md-last vce-col--lg-last vce-col--xl-last\" id=\"el-82d1e5bb\"><div class=\"vce-col-inner\" data-vce-do-apply=\"border margin background  el-82d1e5bb\"><div class=\"vce-col-content\" data-vce-element-content=\"true\" data-vce-do-apply=\"padding el-82d1e5bb\"><div class=\"vce-text-block\"><div class=\"vce-text-block-wrapper vce\" id=\"el-2d7517db\" data-vce-do-apply=\"all el-2d7517db\"><p><img loading=\"lazy\" decoding=\"async\" class=\"alignnone wp-image-1593 size-full\" src=\"https:\/\/www.reservit.com\/zeeptapo\/2021\/02\/PictoE.png\" alt=\"\" width=\"90\" height=\"85\">&nbsp; &nbsp; A ferramenta ideal para fazer crescer as vendas<\/p><h4>&nbsp;<\/h4><\/div><\/div><\/div><\/div><\/div><\/div><\/div><\/div><div class=\"vce-row-container\" data-vce-boxed-width=\"true\"><div class=\"vce-row vce-row--col-gap-70 vce-row-equal-height vce-row-content--top\" id=\"el-dd8b2c8e\" data-vce-do-apply=\"all el-dd8b2c8e\"><div class=\"vce-content-background-container\"><\/div><div class=\"vce-row-content\" data-vce-element-content=\"true\"><div class=\"vce-col vce-col--md-56-73p vce-col--xs-1 vce-col--xs-last vce-col--xs-first vce-col--sm-last vce-col--sm-first vce-col--md-first vce-col--lg-first vce-col--xl-first\" id=\"el-309d95f4\"><div class=\"vce-col-inner\" data-vce-do-apply=\"border margin background  el-309d95f4\"><div class=\"vce-col-content\" data-vce-element-content=\"true\" data-vce-do-apply=\"padding el-309d95f4\"><div class=\"vce-single-image-container vce-single-image--align-left\"><div class=\"vce vce-single-image-wrapper\" id=\"el-728e9dd0\" data-vce-do-apply=\"all el-728e9dd0\"><figure><div class=\"vce-single-image-inner vce-single-image--absolute\" style=\"padding-bottom: 100%; width: 1000px;\"><img loading=\"lazy\" decoding=\"async\" class=\"vce-single-image vcv-lozad\" data-src=\"https:\/\/www.reservit.com\/wp-content\/uploads\/2021\/02\/Sans-titre-2.jpg\" width=\"1000\" height=\"1000\" src=\"\" data-img-src=\"https:\/\/www.reservit.com\/wp-content\/uploads\/2021\/02\/Sans-titre-2.jpg\" alt=\"\" title=\"Sans titre (2)\" \/><noscript>\n        <img loading=\"lazy\" decoding=\"async\" class=\"vce-single-image\" src=\"https:\/\/www.reservit.com\/wp-content\/uploads\/2021\/02\/Sans-titre-2.jpg\" width=\"1000\" height=\"1000\" alt=\"\" title=\"Sans titre (2)\" \/>\n      <\/noscript><\/div><figcaption hidden=\"\"><\/figcaption><\/figure><\/div><\/div><\/div><\/div><\/div><div class=\"vce-col vce-col--md-43-25p vce-col--xs-1 vce-col--xs-last vce-col--xs-first vce-col--sm-last vce-col--sm-first vce-col--md-last vce-col--lg-last vce-col--xl-last\" id=\"el-b151a1a8\"><div class=\"vce-col-inner\" data-vce-do-apply=\"border margin background  el-b151a1a8\"><div class=\"vce-col-content\" data-vce-element-content=\"true\" data-vce-do-apply=\"padding el-b151a1a8\"><div class=\"vce-text-block\"><div class=\"vce-text-block-wrapper vce\" id=\"el-bcc24724\" data-vce-do-apply=\"all el-bcc24724\"><h2 style=\"text-align: center;\">&nbsp;<\/h2><h2 style=\"text-align: center;\">Como funciona ?<\/h2><p>\u2022 Diversas f\u00f3rmulas de garantia dispon\u00edveis.<br>\u2022 Possibilidade de configurar uma garantia inclu\u00edda ou n\u00e3o no pre\u00e7o de oferta.<br>\u2022 O montante de garantia proposto ao usu\u00e1rio \u00e9 calculado em fun\u00e7\u00e3o do pre\u00e7o do quarto reservado.<\/p><h2 style=\"text-align: center;\">Seus benef\u00edcios<\/h2><ul><li>Aumente a taxa de transforma\u00e7\u00e3o<\/li><li>Disponha de um servi\u00e7o de processamento das anula\u00e7\u00f5es<\/li><li>Cobre o montante no momento da reserva<\/li><\/ul><\/div><\/div><\/div><\/div><\/div><\/div><\/div><\/div>\n","protected":false},"excerpt":{"rendered":"<p>Garantia de anula\u00e7\u00e3oA melhor alavanca comercial para a sua atividadeOfere\u00e7a a seus clientes uma garantia de anula\u00e7\u00e3o, diretamente integrada nas suas p\u00e1ginas de reserva. A garantia de anula\u00e7\u00e3o representa uma oportunidade para aumentar a sua taxa de transforma\u00e7\u00e3o.Tranquilize os seus clientes&nbsp; Anula\u00e7\u00e3o ou interrup\u00e7\u00e3o em poucos cliques&nbsp;&nbsp; &nbsp; Uma vantagem suplementar em compara\u00e7\u00e3o com as [&hellip;]<\/p>\n","protected":false},"author":5,"featured_media":11225,"parent":0,"menu_order":0,"comment_status":"closed","ping_status":"closed","template":"","meta":{"footnotes":""},"class_list":["post-2745","page","type-page","status-publish","has-post-thumbnail","hentry"],"yoast_head":"<!-- This site is optimized with the Yoast SEO plugin v24.1 - https:\/\/yoast.com\/wordpress\/plugins\/seo\/ -->\n<title>Alojamento | Garantia de anula\u00e7\u00e3o<\/title>\n<meta name=\"description\" content=\"Garantia de anula\u00e7\u00e3oA melhor alavanca comercial para a sua atividadeOfere\u00e7a a seus clientes uma garantia de anula\u00e7\u00e3o, diretamente integrada nas suas\" \/>\n<meta name=\"robots\" content=\"index, follow, max-snippet:-1, max-image-preview:large, max-video-preview:-1\" \/>\n<link rel=\"canonical\" href=\"https:\/\/reservit.wagaia.com\/pt-br\/alojamento-garantia-de-anulacao\/\" \/>\n<meta property=\"og:locale\" content=\"pt_BR\" \/>\n<meta property=\"og:type\" content=\"article\" \/>\n<meta property=\"og:title\" content=\"Alojamento | Garantia de anula\u00e7\u00e3o\" \/>\n<meta property=\"og:description\" content=\"Garantia de anula\u00e7\u00e3oA melhor alavanca comercial para a sua atividadeOfere\u00e7a a seus clientes uma garantia de anula\u00e7\u00e3o, diretamente integrada nas suas\" \/>\n<meta property=\"og:url\" content=\"https:\/\/reservit.wagaia.com\/pt-br\/alojamento-garantia-de-anulacao\/\" \/>\n<meta property=\"og:site_name\" content=\"Reservit\" \/>\n<meta property=\"article:modified_time\" content=\"2021-08-11T07:33:14+00:00\" \/>\n<meta property=\"og:image\" content=\"https:\/\/reservit.wagaia.com\/zeeptapo\/2024\/08\/RIT-PMS-14.png\" \/>\n\t<meta property=\"og:image:width\" content=\"800\" \/>\n\t<meta property=\"og:image:height\" content=\"500\" \/>\n\t<meta property=\"og:image:type\" content=\"image\/png\" \/>\n<meta name=\"twitter:card\" content=\"summary_large_image\" \/>\n<meta name=\"twitter:label1\" content=\"Est. tempo de leitura\" \/>\n\t<meta name=\"twitter:data1\" content=\"1 minuto\" \/>\n<script type=\"application\/ld+json\" class=\"yoast-schema-graph\">{\"@context\":\"https:\/\/schema.org\",\"@graph\":[{\"@type\":\"WebPage\",\"@id\":\"https:\/\/reservit.wagaia.com\/pt-br\/alojamento-garantia-de-anulacao\/\",\"url\":\"https:\/\/reservit.wagaia.com\/pt-br\/alojamento-garantia-de-anulacao\/\",\"name\":\"Alojamento | Garantia de anula\u00e7\u00e3o\",\"isPartOf\":{\"@id\":\"https:\/\/reservit.wagaia.com\/pt-br\/#website\"},\"primaryImageOfPage\":{\"@id\":\"https:\/\/reservit.wagaia.com\/pt-br\/alojamento-garantia-de-anulacao\/#primaryimage\"},\"image\":{\"@id\":\"https:\/\/reservit.wagaia.com\/pt-br\/alojamento-garantia-de-anulacao\/#primaryimage\"},\"thumbnailUrl\":\"https:\/\/reservit.wagaia.com\/zeeptapo\/2024\/08\/RIT-PMS-14.png\",\"datePublished\":\"2021-01-14T12:44:34+00:00\",\"dateModified\":\"2021-08-11T07:33:14+00:00\",\"description\":\"Garantia de anula\u00e7\u00e3oA melhor alavanca comercial para a sua atividadeOfere\u00e7a a seus clientes uma garantia de anula\u00e7\u00e3o, diretamente integrada nas suas\",\"breadcrumb\":{\"@id\":\"https:\/\/reservit.wagaia.com\/pt-br\/alojamento-garantia-de-anulacao\/#breadcrumb\"},\"inLanguage\":\"pt-BR\",\"potentialAction\":[{\"@type\":\"ReadAction\",\"target\":[\"https:\/\/reservit.wagaia.com\/pt-br\/alojamento-garantia-de-anulacao\/\"]}]},{\"@type\":\"ImageObject\",\"inLanguage\":\"pt-BR\",\"@id\":\"https:\/\/reservit.wagaia.com\/pt-br\/alojamento-garantia-de-anulacao\/#primaryimage\",\"url\":\"https:\/\/reservit.wagaia.com\/zeeptapo\/2024\/08\/RIT-PMS-14.png\",\"contentUrl\":\"https:\/\/reservit.wagaia.com\/zeeptapo\/2024\/08\/RIT-PMS-14.png\",\"width\":800,\"height\":500},{\"@type\":\"BreadcrumbList\",\"@id\":\"https:\/\/reservit.wagaia.com\/pt-br\/alojamento-garantia-de-anulacao\/#breadcrumb\",\"itemListElement\":[{\"@type\":\"ListItem\",\"position\":1,\"name\":\"Accueil\",\"item\":\"https:\/\/reservit.wagaia.com\/pt-br\/\"},{\"@type\":\"ListItem\",\"position\":2,\"name\":\"Alojamento | Garantia de anula\u00e7\u00e3o\"}]},{\"@type\":\"WebSite\",\"@id\":\"https:\/\/reservit.wagaia.com\/pt-br\/#website\",\"url\":\"https:\/\/reservit.wagaia.com\/pt-br\/\",\"name\":\"Reservit\",\"description\":\"Un site utilisant WordPress\",\"potentialAction\":[{\"@type\":\"SearchAction\",\"target\":{\"@type\":\"EntryPoint\",\"urlTemplate\":\"https:\/\/reservit.wagaia.com\/pt-br\/?s={search_term_string}\"},\"query-input\":{\"@type\":\"PropertyValueSpecification\",\"valueRequired\":true,\"valueName\":\"search_term_string\"}}],\"inLanguage\":\"pt-BR\"}]}<\/script>\n<!-- \/ Yoast SEO plugin. -->","yoast_head_json":{"title":"Alojamento | Garantia de anula\u00e7\u00e3o","description":"Garantia de anula\u00e7\u00e3oA melhor alavanca comercial para a sua atividadeOfere\u00e7a a seus clientes uma garantia de anula\u00e7\u00e3o, diretamente integrada nas suas","robots":{"index":"index","follow":"follow","max-snippet":"max-snippet:-1","max-image-preview":"max-image-preview:large","max-video-preview":"max-video-preview:-1"},"canonical":"https:\/\/reservit.wagaia.com\/pt-br\/alojamento-garantia-de-anulacao\/","og_locale":"pt_BR","og_type":"article","og_title":"Alojamento | Garantia de anula\u00e7\u00e3o","og_description":"Garantia de anula\u00e7\u00e3oA melhor alavanca comercial para a sua atividadeOfere\u00e7a a seus clientes uma garantia de anula\u00e7\u00e3o, diretamente integrada nas suas","og_url":"https:\/\/reservit.wagaia.com\/pt-br\/alojamento-garantia-de-anulacao\/","og_site_name":"Reservit","article_modified_time":"2021-08-11T07:33:14+00:00","og_image":[{"width":800,"height":500,"url":"https:\/\/reservit.wagaia.com\/zeeptapo\/2024\/08\/RIT-PMS-14.png","type":"image\/png"}],"twitter_card":"summary_large_image","twitter_misc":{"Est. tempo de leitura":"1 minuto"},"schema":{"@context":"https:\/\/schema.org","@graph":[{"@type":"WebPage","@id":"https:\/\/reservit.wagaia.com\/pt-br\/alojamento-garantia-de-anulacao\/","url":"https:\/\/reservit.wagaia.com\/pt-br\/alojamento-garantia-de-anulacao\/","name":"Alojamento | Garantia de anula\u00e7\u00e3o","isPartOf":{"@id":"https:\/\/reservit.wagaia.com\/pt-br\/#website"},"primaryImageOfPage":{"@id":"https:\/\/reservit.wagaia.com\/pt-br\/alojamento-garantia-de-anulacao\/#primaryimage"},"image":{"@id":"https:\/\/reservit.wagaia.com\/pt-br\/alojamento-garantia-de-anulacao\/#primaryimage"},"thumbnailUrl":"https:\/\/reservit.wagaia.com\/zeeptapo\/2024\/08\/RIT-PMS-14.png","datePublished":"2021-01-14T12:44:34+00:00","dateModified":"2021-08-11T07:33:14+00:00","description":"Garantia de anula\u00e7\u00e3oA melhor alavanca comercial para a sua atividadeOfere\u00e7a a seus clientes uma garantia de anula\u00e7\u00e3o, diretamente integrada nas suas","breadcrumb":{"@id":"https:\/\/reservit.wagaia.com\/pt-br\/alojamento-garantia-de-anulacao\/#breadcrumb"},"inLanguage":"pt-BR","potentialAction":[{"@type":"ReadAction","target":["https:\/\/reservit.wagaia.com\/pt-br\/alojamento-garantia-de-anulacao\/"]}]},{"@type":"ImageObject","inLanguage":"pt-BR","@id":"https:\/\/reservit.wagaia.com\/pt-br\/alojamento-garantia-de-anulacao\/#primaryimage","url":"https:\/\/reservit.wagaia.com\/zeeptapo\/2024\/08\/RIT-PMS-14.png","contentUrl":"https:\/\/reservit.wagaia.com\/zeeptapo\/2024\/08\/RIT-PMS-14.png","width":800,"height":500},{"@type":"BreadcrumbList","@id":"https:\/\/reservit.wagaia.com\/pt-br\/alojamento-garantia-de-anulacao\/#breadcrumb","itemListElement":[{"@type":"ListItem","position":1,"name":"Accueil","item":"https:\/\/reservit.wagaia.com\/pt-br\/"},{"@type":"ListItem","position":2,"name":"Alojamento | Garantia de anula\u00e7\u00e3o"}]},{"@type":"WebSite","@id":"https:\/\/reservit.wagaia.com\/pt-br\/#website","url":"https:\/\/reservit.wagaia.com\/pt-br\/","name":"Reservit","description":"Un site utilisant WordPress","potentialAction":[{"@type":"SearchAction","target":{"@type":"EntryPoint","urlTemplate":"https:\/\/reservit.wagaia.com\/pt-br\/?s={search_term_string}"},"query-input":{"@type":"PropertyValueSpecification","valueRequired":true,"valueName":"search_term_string"}}],"inLanguage":"pt-BR"}]}},"_links":{"self":[{"href":"https:\/\/reservit.wagaia.com\/pt-br\/wp-json\/wp\/v2\/pages\/2745","targetHints":{"allow":["GET"]}}],"collection":[{"href":"https:\/\/reservit.wagaia.com\/pt-br\/wp-json\/wp\/v2\/pages"}],"about":[{"href":"https:\/\/reservit.wagaia.com\/pt-br\/wp-json\/wp\/v2\/types\/page"}],"author":[{"embeddable":true,"href":"https:\/\/reservit.wagaia.com\/pt-br\/wp-json\/wp\/v2\/users\/5"}],"replies":[{"embeddable":true,"href":"https:\/\/reservit.wagaia.com\/pt-br\/wp-json\/wp\/v2\/comments?post=2745"}],"version-history":[{"count":0,"href":"https:\/\/reservit.wagaia.com\/pt-br\/wp-json\/wp\/v2\/pages\/2745\/revisions"}],"wp:featuredmedia":[{"embeddable":true,"href":"https:\/\/reservit.wagaia.com\/pt-br\/wp-json\/wp\/v2\/media\/11225"}],"wp:attachment":[{"href":"https:\/\/reservit.wagaia.com\/pt-br\/wp-json\/wp\/v2\/media?parent=2745"}],"curies":[{"name":"wp","href":"https:\/\/api.w.org\/{rel}","templated":true}]}}