{"id":2742,"date":"2021-01-14T15:48:17","date_gmt":"2021-01-14T14:48:17","guid":{"rendered":"https:\/\/www.reservit.com\/channel-manager-hebergement\/"},"modified":"2021-08-10T11:26:37","modified_gmt":"2021-08-10T09:26:37","slug":"alojamento-channel-manager","status":"publish","type":"page","link":"https:\/\/reservit.wagaia.com\/pt-br\/alojamento-channel-manager\/","title":{"rendered":""},"content":{"rendered":"<div class=\"vce-row-container\" data-vce-boxed-width=\"true\"><div class=\"vce-row vce-element--has-background vce-row--col-gap-30 page-banner vce-row-content--middle\" id=\"el-94b67783\" data-vce-do-apply=\"all el-94b67783\"><div class=\"vce-content-background-container\"><div class=\"vce-asset-background-simple-container vce-visible-all-only vce-asset-background-simple--style-cover vce-asset-background-simple--position-center-top\"><div class=\"vce-asset-background-simple\">\n              <div class=\"vce-asset-background-simple-item vcv-lozad\" data-background-image=\"https:\/\/www.reservit.com\/wp-content\/uploads\/2021\/02\/ordinateur-1500x630-1.jpg\"><\/div>\n              <noscript>\n                <div class=\"vce-asset-background-simple-item\" style=\"background-image: url(https:\/\/www.reservit.com\/wp-content\/uploads\/2021\/02\/ordinateur-1500x630-1.jpg)\"><\/div>\n              <\/noscript>\n            <\/div><\/div><\/div><div class=\"vce-row-content\" data-vce-element-content=\"true\"><div class=\"vce-col vce-col--md-auto vce-col--xs-1 vce-col--xs-last vce-col--xs-first vce-col--sm-last vce-col--sm-first vce-col--md-last vce-col--lg-last vce-col--xl-last vce-col--md-first vce-col--lg-first vce-col--xl-first\" id=\"el-d252c871\"><div class=\"vce-col-inner\" data-vce-do-apply=\"border margin background  el-d252c871\"><div class=\"vce-col-content\" data-vce-element-content=\"true\" data-vce-do-apply=\"padding el-d252c871\"><div class=\"vce-text-block banner-arrows\"><div class=\"vce-text-block-wrapper vce\" id=\"el-c450b284\" data-vce-do-apply=\"all el-c450b284\"><h1>Channel Manager<\/h1><p>Um estoque unico, uma gestao especifica para cada distribuidor<\/p><\/div><\/div><\/div><\/div><\/div><\/div><\/div><\/div><div class=\"vce-row-container\" data-vce-boxed-width=\"true\"><div class=\"vce-row vce-row--col-gap-30 vce-row-equal-height vce-row-content--top\" id=\"el-14663c98\" data-vce-do-apply=\"all el-14663c98\"><div class=\"vce-content-background-container\"><\/div><div class=\"vce-row-content\" data-vce-element-content=\"true\"><div class=\"vce-col vce-col--md-auto vce-col--xs-1 vce-col--xs-last vce-col--xs-first vce-col--sm-last vce-col--sm-first vce-col--md-last vce-col--lg-last vce-col--xl-last vce-col--md-first vce-col--lg-first vce-col--xl-first\" id=\"el-2eb2ed62\"><div class=\"vce-col-inner\" data-vce-do-apply=\"border margin background  el-2eb2ed62\"><div class=\"vce-col-content\" data-vce-element-content=\"true\" data-vce-do-apply=\"padding el-2eb2ed62\"><div class=\"vce-text-block\"><div class=\"vce-text-block-wrapper vce\" id=\"el-b8ef25a9\" data-vce-do-apply=\"all el-b8ef25a9\"><h2 style=\"text-align: center;\">O que \u00e9 um Channel Manager ?<\/h2><p>O channel manager da Reservit \u00e9 uma ferramenta simples que permite gerenciar e atualizar seu estabelecimento em diferentes canais de distribui\u00e7\u00e3o a partir de uma \u00fanica interface.<br>Um \u00fanico objetivo\u2026 multiplicar a comercializa\u00e7\u00e3o de seus quartos (e estabelecimentos). A altera\u00e7\u00e3o de suas tarifas, a disponibilidade dos quartos ou de conte\u00fados informativos ser\u00e1 tomada em considera\u00e7\u00e3o na totalidade dos canais definidos no channel manager.<\/p><p>&nbsp;<\/p><h3>Suas vantagens :<\/h3><ul><li>Interfaces de comunica\u00e7\u00f5es \u00ab2-ways\u00bb, ascendentes e descendentes, para garantir q rastreabilidade e a fiabilidade dos interc\u00e2mbios em tempo real<\/li><li>Rela\u00e7\u00f5es privilegiadas com os distribuidores<\/li><li>Partilha do mesmo estoque entre diversos distribuidores para evitar o excesso de reservas<\/li><li>Possibilidade de condu\u00e7\u00e3o individual de cada canal<\/li><li>Possibilidade de envio do conte\u00fado (descritivos, fotografias, arranjos, etc.) para uma apresenta\u00e7\u00e3o dos estabelecimentos em diferentes canais<\/li><li>Beneficie da ampla rede de parceiros Reservit: principais distribuidores no mercado, territ\u00f3rio e institucional<\/li><\/ul><\/div><\/div><div class=\"vce-button--style-basic-container vce-button--style-basic-container--align-center\"><span class=\"vce-button--style-basic-wrapper vce\" id=\"el-82aa0285\" data-vce-do-apply=\"margin el-82aa0285\"><a class=\"vce-button--style-basic vce-button--style-basic--border-round vce-button--style-basic--size-medium vce-button--style-basic--color-empty--b-215-21-92\" href=\"https:\/\/www.reservit.com\/pt-br\/parceiros-distribuidores\/\" title=\"\" target=\"_blank\" data-vce-do-apply=\"padding border background  el-82aa0285\" rel=\"noopener\">Nossos parceiros distribuidores<\/a><\/span><\/div><\/div><\/div><\/div><\/div><\/div><\/div><div class=\"vce-row-container\" data-vce-boxed-width=\"true\"><div class=\"vce-row vce-row--has-col-background vce-row--col-gap-70 vce-row-equal-height vce-row-content--top\" id=\"el-b1dc623b\" data-vce-do-apply=\"all el-b1dc623b\"><div class=\"vce-row-content\" data-vce-element-content=\"true\"><div class=\"vce-col vce-col--md-43-35p vce-col--xs-1 vce-col--xs-last vce-col--xs-first vce-col--sm-last vce-col--sm-first vce-col--md-first vce-col--lg-first vce-col--xl-first\" id=\"el-74faf984\"><div class=\"vce-col-inner\" data-vce-do-apply=\"border margin background  el-74faf984\"><div class=\"vce-col-content\" data-vce-element-content=\"true\" data-vce-do-apply=\"padding el-74faf984\"><div class=\"vce-text-block\"><div class=\"vce-text-block-wrapper vce\" id=\"el-70da49cf\" data-vce-do-apply=\"all el-70da49cf\"><h2 style=\"text-align: center;\">Gerenciar sua comercializa\u00e7\u00e3o<\/h2><p>Com base em sua experi\u00eancia, o Reservit criou uma plataforma compat\u00edvel com as normas internacionais, permitindo uma comunica\u00e7\u00e3o direta e em tempo real entre as solu\u00e7\u00f5es Reservit e os principais distribuidores no mercado.<\/p><p>Com perto de 10 000 estabelecimentos usu\u00e1rios do Reservit Hotels e um trabalho em estreita colabora\u00e7\u00e3o com os respectivos clientes, o Reservit oferece as melhores oportunidades para liga\u00e7\u00f5es diretas e fi\u00e1veis com os distribuidores por meio do Channel Manager.<\/p><p>Cada canal pode ser especificamente fechado, no dia a dia, em fun\u00e7\u00e3o das diferentes estrat\u00e9gias comerciais e de marketing que escolher aplicar. Devido a uma melhor reatividade e a uma vis\u00e3o global, a implementa\u00e7\u00e3o do channel manager e das conectividades permitem aumentar de forma significativa os seus desempenhos comerciais com cada distribuidor, como o Booking, Exp\u00e9dia, HRS\u2026<\/p><\/div><\/div><\/div><\/div><\/div><div class=\"vce-col vce-element--has-background vce-col--md-56-65p vce-col--xs-1 vce-col--xs-last vce-col--xs-first vce-col--sm-last vce-col--sm-first vce-col--md-last vce-col--lg-last vce-col--xl-last\" id=\"el-9f3f8826\"><div class=\"vce-col-inner\" data-vce-do-apply=\"border margin background  el-9f3f8826\"><div class=\"vce-content-background-container\"><div class=\"vce-asset-background-simple-container vce-visible-all-only vce-asset-background-simple--style-cover vce-asset-background-simple--position-center-top\"><div class=\"vce-asset-background-simple\">\n              <div class=\"vce-asset-background-simple-item vcv-lozad\" data-background-image=\"https:\/\/www.reservit.com\/wp-content\/uploads\/2021\/02\/tyler-franta-iusJ25iYu1c-unsplash-1-scaled.jpg\"><\/div>\n              <noscript>\n                <div class=\"vce-asset-background-simple-item\" style=\"background-image: url(https:\/\/www.reservit.com\/wp-content\/uploads\/2021\/02\/tyler-franta-iusJ25iYu1c-unsplash-1-scaled.jpg)\"><\/div>\n              <\/noscript>\n            <\/div><\/div><\/div><div class=\"vce-col-content\" data-vce-element-content=\"true\" data-vce-do-apply=\"padding el-9f3f8826\"><\/div><\/div><\/div><\/div><\/div><\/div><div class=\"vce-row-container\" data-vce-boxed-width=\"true\"><div class=\"vce-row vce-row--col-gap-30 vce-row-equal-height vce-row-content--top\" id=\"el-0f2a32b6\" data-vce-do-apply=\"all el-0f2a32b6\"><div class=\"vce-row-content\" data-vce-element-content=\"true\"><div class=\"vce-col vce-col--md-auto vce-col--xs-1 vce-col--xs-last vce-col--xs-first vce-col--sm-last vce-col--sm-first vce-col--md-last vce-col--lg-last vce-col--xl-last vce-col--md-first vce-col--lg-first vce-col--xl-first\" id=\"el-63c34b06\"><div class=\"vce-col-inner\" data-vce-do-apply=\"border margin background  el-63c34b06\"><div class=\"vce-col-content\" data-vce-element-content=\"true\" data-vce-do-apply=\"padding el-63c34b06\"><div class=\"vce-text-block\"><div class=\"vce-text-block-wrapper vce\" id=\"el-7f4dcb71\" data-vce-do-apply=\"all el-7f4dcb71\"><h2 style=\"text-align: center;\">Porqu\u00e9 utilizar o Channel manager Reservit ?<\/h2><\/div><\/div><\/div><\/div><\/div><\/div><\/div><\/div><div class=\"vce-row-container\" data-vce-boxed-width=\"true\"><div class=\"vce-row vce-row--col-gap-30 fancy-bloc vce-row-equal-height vce-row-content--top\" id=\"el-0b036905\" data-vce-do-apply=\"all el-0b036905\"><div class=\"vce-content-background-container\"><\/div><div class=\"vce-row-content\" data-vce-element-content=\"true\"><div class=\"vce-col vce-col--md-auto vce-col--xs-1 vce-col--xs-last vce-col--xs-first vce-col--sm-last vce-col--sm-first vce-col--md-first vce-col--lg-first vce-col--xl-first\" id=\"el-4484828a\"><div class=\"vce-col-inner\" data-vce-do-apply=\"border margin background  el-4484828a\"><div class=\"vce-col-content\" data-vce-element-content=\"true\" data-vce-do-apply=\"padding el-4484828a\"><div class=\"vce-text-block\"><div class=\"vce-text-block-wrapper vce\" id=\"el-24a14d70\" data-vce-do-apply=\"all el-24a14d70\"><p><img loading=\"lazy\" decoding=\"async\" class=\"alignnone size-full wp-image-37\" src=\"https:\/\/www.reservit.com\/wp-content\/uploads\/2021\/01\/picto3.png\" alt=\"\" width=\"95\" height=\"82\">&nbsp; Otimiza\u00e7\u00e3o de sua estrat\u00e9gia on-line<\/p><\/div><\/div><\/div><\/div><\/div><div class=\"vce-col vce-col--md-auto vce-col--xs-1 vce-col--xs-last vce-col--xs-first vce-col--sm-last vce-col--sm-first\" id=\"el-b367d5d6\"><div class=\"vce-col-inner\" data-vce-do-apply=\"border margin background  el-b367d5d6\"><div class=\"vce-col-content\" data-vce-element-content=\"true\" data-vce-do-apply=\"padding el-b367d5d6\"><div class=\"vce-text-block\"><div class=\"vce-text-block-wrapper vce\" id=\"el-0f20ec98\" data-vce-do-apply=\"all el-0f20ec98\"><p><img loading=\"lazy\" decoding=\"async\" class=\"alignnone size-full wp-image-36\" src=\"https:\/\/www.reservit.com\/wp-content\/uploads\/2021\/01\/picto2.png\" alt=\"\" width=\"90\" height=\"63\">&nbsp; Ganho consider\u00e1vel de tempo<\/p><\/div><\/div><\/div><\/div><\/div><div class=\"vce-col vce-col--md-auto vce-col--xs-1 vce-col--xs-last vce-col--xs-first vce-col--sm-last vce-col--sm-first\" id=\"el-981414a9\"><div class=\"vce-col-inner\" data-vce-do-apply=\"border margin background  el-981414a9\"><div class=\"vce-col-content\" data-vce-element-content=\"true\" data-vce-do-apply=\"padding el-981414a9\"><div class=\"vce-text-block\"><div class=\"vce-text-block-wrapper vce\" id=\"el-bc9e8bfa\" data-vce-do-apply=\"all el-bc9e8bfa\"><p><img loading=\"lazy\" decoding=\"async\" class=\"alignnone size-full wp-image-30\" src=\"https:\/\/www.reservit.com\/wp-content\/uploads\/2021\/01\/demo.png\" alt=\"\" width=\"87\" height=\"87\">&nbsp; Limitar o risco de excesso de reservas<\/p><\/div><\/div><\/div><\/div><\/div><div class=\"vce-col vce-col--md-auto vce-col--xs-1 vce-col--xs-last vce-col--xs-first vce-col--sm-last vce-col--sm-first vce-col--md-last vce-col--lg-last vce-col--xl-last\" id=\"el-36e3b73e\"><div class=\"vce-col-inner\" data-vce-do-apply=\"border margin background  el-36e3b73e\"><div class=\"vce-col-content\" data-vce-element-content=\"true\" data-vce-do-apply=\"padding el-36e3b73e\"><div class=\"vce-text-block\"><div class=\"vce-text-block-wrapper vce\" id=\"el-4f1c6c0b\" data-vce-do-apply=\"all el-4f1c6c0b\"><p><img loading=\"lazy\" decoding=\"async\" class=\"alignnone size-full wp-image-35\" src=\"https:\/\/www.reservit.com\/wp-content\/uploads\/2021\/01\/picto1.png\" alt=\"\" width=\"98\" height=\"82\">&nbsp; Automatiza\u00e7\u00e3o das reservas<\/p><\/div><\/div><\/div><\/div><\/div><\/div><\/div><\/div>\n","protected":false},"excerpt":{"rendered":"<p>Channel ManagerUm estoque unico, uma gestao especifica para cada distribuidorO que \u00e9 um Channel Manager ?O channel manager da Reservit \u00e9 uma ferramenta simples que permite gerenciar e atualizar seu estabelecimento em diferentes canais de distribui\u00e7\u00e3o a partir de uma \u00fanica interface.Um \u00fanico objetivo\u2026 multiplicar a comercializa\u00e7\u00e3o de seus quartos (e estabelecimentos). A altera\u00e7\u00e3o de [&hellip;]<\/p>\n","protected":false},"author":5,"featured_media":0,"parent":0,"menu_order":0,"comment_status":"closed","ping_status":"closed","template":"","meta":{"footnotes":""},"class_list":["post-2742","page","type-page","status-publish","hentry"],"yoast_head":"<!-- This site is optimized with the Yoast SEO plugin v24.1 - https:\/\/yoast.com\/wordpress\/plugins\/seo\/ -->\n<title>Alojamento | Channel manager<\/title>\n<meta name=\"description\" content=\"Channel ManagerUm estoque unico, uma gestao especifica para cada distribuidorO que \u00e9 um Channel Manager ?O channel manager da Reservit \u00e9 uma ferramenta\" \/>\n<meta name=\"robots\" content=\"index, follow, max-snippet:-1, max-image-preview:large, max-video-preview:-1\" \/>\n<link rel=\"canonical\" href=\"https:\/\/reservit.wagaia.com\/pt-br\/alojamento-channel-manager\/\" \/>\n<meta property=\"og:locale\" content=\"pt_BR\" \/>\n<meta property=\"og:type\" content=\"article\" \/>\n<meta property=\"og:title\" content=\"Alojamento | Channel manager\" \/>\n<meta property=\"og:description\" content=\"Channel ManagerUm estoque unico, uma gestao especifica para cada distribuidorO que \u00e9 um Channel Manager ?O channel manager da Reservit \u00e9 uma ferramenta\" \/>\n<meta property=\"og:url\" content=\"https:\/\/reservit.wagaia.com\/pt-br\/alojamento-channel-manager\/\" \/>\n<meta property=\"og:site_name\" content=\"Reservit\" \/>\n<meta property=\"article:modified_time\" content=\"2021-08-10T09:26:37+00:00\" \/>\n<meta property=\"og:image\" content=\"https:\/\/www.reservit.com\/wp-content\/uploads\/2021\/01\/picto3.png\" \/>\n<meta name=\"twitter:card\" content=\"summary_large_image\" \/>\n<meta name=\"twitter:label1\" content=\"Est. tempo de leitura\" \/>\n\t<meta name=\"twitter:data1\" content=\"2 minutos\" \/>\n<script type=\"application\/ld+json\" class=\"yoast-schema-graph\">{\"@context\":\"https:\/\/schema.org\",\"@graph\":[{\"@type\":\"WebPage\",\"@id\":\"https:\/\/reservit.wagaia.com\/pt-br\/alojamento-channel-manager\/\",\"url\":\"https:\/\/reservit.wagaia.com\/pt-br\/alojamento-channel-manager\/\",\"name\":\"Alojamento | Channel manager\",\"isPartOf\":{\"@id\":\"https:\/\/reservit.wagaia.com\/pt-br\/#website\"},\"primaryImageOfPage\":{\"@id\":\"https:\/\/reservit.wagaia.com\/pt-br\/alojamento-channel-manager\/#primaryimage\"},\"image\":{\"@id\":\"https:\/\/reservit.wagaia.com\/pt-br\/alojamento-channel-manager\/#primaryimage\"},\"thumbnailUrl\":\"https:\/\/www.reservit.com\/wp-content\/uploads\/2021\/01\/picto3.png\",\"datePublished\":\"2021-01-14T14:48:17+00:00\",\"dateModified\":\"2021-08-10T09:26:37+00:00\",\"description\":\"Channel ManagerUm estoque unico, uma gestao especifica para cada distribuidorO que \u00e9 um Channel Manager ?O channel manager da Reservit \u00e9 uma ferramenta\",\"breadcrumb\":{\"@id\":\"https:\/\/reservit.wagaia.com\/pt-br\/alojamento-channel-manager\/#breadcrumb\"},\"inLanguage\":\"pt-BR\",\"potentialAction\":[{\"@type\":\"ReadAction\",\"target\":[\"https:\/\/reservit.wagaia.com\/pt-br\/alojamento-channel-manager\/\"]}]},{\"@type\":\"ImageObject\",\"inLanguage\":\"pt-BR\",\"@id\":\"https:\/\/reservit.wagaia.com\/pt-br\/alojamento-channel-manager\/#primaryimage\",\"url\":\"https:\/\/www.reservit.com\/wp-content\/uploads\/2021\/01\/picto3.png\",\"contentUrl\":\"https:\/\/www.reservit.com\/wp-content\/uploads\/2021\/01\/picto3.png\"},{\"@type\":\"BreadcrumbList\",\"@id\":\"https:\/\/reservit.wagaia.com\/pt-br\/alojamento-channel-manager\/#breadcrumb\",\"itemListElement\":[{\"@type\":\"ListItem\",\"position\":1,\"name\":\"Accueil\",\"item\":\"https:\/\/reservit.wagaia.com\/pt-br\/\"},{\"@type\":\"ListItem\",\"position\":2,\"name\":\"Alojamento | Channel manager\"}]},{\"@type\":\"WebSite\",\"@id\":\"https:\/\/reservit.wagaia.com\/pt-br\/#website\",\"url\":\"https:\/\/reservit.wagaia.com\/pt-br\/\",\"name\":\"Reservit\",\"description\":\"Un site utilisant WordPress\",\"potentialAction\":[{\"@type\":\"SearchAction\",\"target\":{\"@type\":\"EntryPoint\",\"urlTemplate\":\"https:\/\/reservit.wagaia.com\/pt-br\/?s={search_term_string}\"},\"query-input\":{\"@type\":\"PropertyValueSpecification\",\"valueRequired\":true,\"valueName\":\"search_term_string\"}}],\"inLanguage\":\"pt-BR\"}]}<\/script>\n<!-- \/ Yoast SEO plugin. -->","yoast_head_json":{"title":"Alojamento | Channel manager","description":"Channel ManagerUm estoque unico, uma gestao especifica para cada distribuidorO que \u00e9 um Channel Manager ?O channel manager da Reservit \u00e9 uma ferramenta","robots":{"index":"index","follow":"follow","max-snippet":"max-snippet:-1","max-image-preview":"max-image-preview:large","max-video-preview":"max-video-preview:-1"},"canonical":"https:\/\/reservit.wagaia.com\/pt-br\/alojamento-channel-manager\/","og_locale":"pt_BR","og_type":"article","og_title":"Alojamento | Channel manager","og_description":"Channel ManagerUm estoque unico, uma gestao especifica para cada distribuidorO que \u00e9 um Channel Manager ?O channel manager da Reservit \u00e9 uma ferramenta","og_url":"https:\/\/reservit.wagaia.com\/pt-br\/alojamento-channel-manager\/","og_site_name":"Reservit","article_modified_time":"2021-08-10T09:26:37+00:00","og_image":[{"url":"https:\/\/www.reservit.com\/wp-content\/uploads\/2021\/01\/picto3.png","type":"","width":"","height":""}],"twitter_card":"summary_large_image","twitter_misc":{"Est. tempo de leitura":"2 minutos"},"schema":{"@context":"https:\/\/schema.org","@graph":[{"@type":"WebPage","@id":"https:\/\/reservit.wagaia.com\/pt-br\/alojamento-channel-manager\/","url":"https:\/\/reservit.wagaia.com\/pt-br\/alojamento-channel-manager\/","name":"Alojamento | Channel manager","isPartOf":{"@id":"https:\/\/reservit.wagaia.com\/pt-br\/#website"},"primaryImageOfPage":{"@id":"https:\/\/reservit.wagaia.com\/pt-br\/alojamento-channel-manager\/#primaryimage"},"image":{"@id":"https:\/\/reservit.wagaia.com\/pt-br\/alojamento-channel-manager\/#primaryimage"},"thumbnailUrl":"https:\/\/www.reservit.com\/wp-content\/uploads\/2021\/01\/picto3.png","datePublished":"2021-01-14T14:48:17+00:00","dateModified":"2021-08-10T09:26:37+00:00","description":"Channel ManagerUm estoque unico, uma gestao especifica para cada distribuidorO que \u00e9 um Channel Manager ?O channel manager da Reservit \u00e9 uma ferramenta","breadcrumb":{"@id":"https:\/\/reservit.wagaia.com\/pt-br\/alojamento-channel-manager\/#breadcrumb"},"inLanguage":"pt-BR","potentialAction":[{"@type":"ReadAction","target":["https:\/\/reservit.wagaia.com\/pt-br\/alojamento-channel-manager\/"]}]},{"@type":"ImageObject","inLanguage":"pt-BR","@id":"https:\/\/reservit.wagaia.com\/pt-br\/alojamento-channel-manager\/#primaryimage","url":"https:\/\/www.reservit.com\/wp-content\/uploads\/2021\/01\/picto3.png","contentUrl":"https:\/\/www.reservit.com\/wp-content\/uploads\/2021\/01\/picto3.png"},{"@type":"BreadcrumbList","@id":"https:\/\/reservit.wagaia.com\/pt-br\/alojamento-channel-manager\/#breadcrumb","itemListElement":[{"@type":"ListItem","position":1,"name":"Accueil","item":"https:\/\/reservit.wagaia.com\/pt-br\/"},{"@type":"ListItem","position":2,"name":"Alojamento | Channel manager"}]},{"@type":"WebSite","@id":"https:\/\/reservit.wagaia.com\/pt-br\/#website","url":"https:\/\/reservit.wagaia.com\/pt-br\/","name":"Reservit","description":"Un site utilisant WordPress","potentialAction":[{"@type":"SearchAction","target":{"@type":"EntryPoint","urlTemplate":"https:\/\/reservit.wagaia.com\/pt-br\/?s={search_term_string}"},"query-input":{"@type":"PropertyValueSpecification","valueRequired":true,"valueName":"search_term_string"}}],"inLanguage":"pt-BR"}]}},"_links":{"self":[{"href":"https:\/\/reservit.wagaia.com\/pt-br\/wp-json\/wp\/v2\/pages\/2742","targetHints":{"allow":["GET"]}}],"collection":[{"href":"https:\/\/reservit.wagaia.com\/pt-br\/wp-json\/wp\/v2\/pages"}],"about":[{"href":"https:\/\/reservit.wagaia.com\/pt-br\/wp-json\/wp\/v2\/types\/page"}],"author":[{"embeddable":true,"href":"https:\/\/reservit.wagaia.com\/pt-br\/wp-json\/wp\/v2\/users\/5"}],"replies":[{"embeddable":true,"href":"https:\/\/reservit.wagaia.com\/pt-br\/wp-json\/wp\/v2\/comments?post=2742"}],"version-history":[{"count":0,"href":"https:\/\/reservit.wagaia.com\/pt-br\/wp-json\/wp\/v2\/pages\/2742\/revisions"}],"wp:attachment":[{"href":"https:\/\/reservit.wagaia.com\/pt-br\/wp-json\/wp\/v2\/media?parent=2742"}],"curies":[{"name":"wp","href":"https:\/\/api.w.org\/{rel}","templated":true}]}}