{"id":3106,"date":"2021-01-15T10:38:49","date_gmt":"2021-01-15T09:38:49","guid":{"rendered":"https:\/\/www.reservit.com\/spa-gestion-de-planning\/"},"modified":"2021-08-10T12:15:58","modified_gmt":"2021-08-10T10:15:58","slug":"spa-gestione-del-planning","status":"publish","type":"page","link":"https:\/\/reservit.wagaia.com\/it\/spa-gestione-del-planning\/","title":{"rendered":""},"content":{"rendered":"<div class=\"vce-row-container\" data-vce-boxed-width=\"true\"><div class=\"vce-row vce-element--has-background vce-row--col-gap-30 page-banner vce-row-content--top\" id=\"el-94b67783\" data-vce-do-apply=\"all el-94b67783\"><div class=\"vce-content-background-container\"><div class=\"vce-asset-background-simple-container vce-visible-all-only vce-asset-background-simple--style-cover vce-asset-background-simple--position-center-bottom\"><div class=\"vce-asset-background-simple\">\n              <div class=\"vce-asset-background-simple-item vcv-lozad\" data-background-image=\"https:\/\/www.reservit.com\/wp-content\/uploads\/2021\/02\/jess-bailey-q10VITrVYUM-unsplash-scaled.jpg\"><\/div>\n              <noscript>\n                <div class=\"vce-asset-background-simple-item\" style=\"background-image: url(https:\/\/www.reservit.com\/wp-content\/uploads\/2021\/02\/jess-bailey-q10VITrVYUM-unsplash-scaled.jpg)\"><\/div>\n              <\/noscript>\n            <\/div><\/div><\/div><div class=\"vce-row-content\" data-vce-element-content=\"true\"><div class=\"vce-col vce-col--md-auto vce-col--xs-1 vce-col--xs-last vce-col--xs-first vce-col--sm-last vce-col--sm-first vce-col--md-last vce-col--lg-last vce-col--xl-last vce-col--md-first vce-col--lg-first vce-col--xl-first\" id=\"el-d252c871\"><div class=\"vce-col-inner\" data-vce-do-apply=\"border margin background  el-d252c871\"><div class=\"vce-col-content\" data-vce-element-content=\"true\" data-vce-do-apply=\"padding el-d252c871\"><div class=\"vce-text-block banner-arrows\"><div class=\"vce-text-block-wrapper vce\" id=\"el-c450b284\" data-vce-do-apply=\"all el-c450b284\"><h1>Gestione del planning<\/h1><p>Gestire la vostra attivit\u00e0 secondo fasce orarie in un planning electronico<\/p><\/div><\/div><\/div><\/div><\/div><\/div><\/div><\/div><div class=\"vce-row-container\" data-vce-boxed-width=\"true\"><div class=\"vce-row vce-row--has-col-background vce-row--col-gap-70 vce-row-equal-height vce-row-content--top\" id=\"el-dd8b2c8e\" data-vce-do-apply=\"all el-dd8b2c8e\"><div class=\"vce-content-background-container\"><\/div><div class=\"vce-row-content\" data-vce-element-content=\"true\"><div class=\"vce-col vce-element--has-background vce-col--md-56-73p vce-col--xs-1 vce-col--xs-last vce-col--xs-first vce-col--sm-last vce-col--sm-first vce-col--md-first vce-col--lg-first vce-col--xl-first\" id=\"el-309d95f4\"><div class=\"vce-col-inner\" data-vce-do-apply=\"border margin background  el-309d95f4\"><div class=\"vce-content-background-container\"><div class=\"vce-asset-background-simple-container vce-visible-all-only vce-asset-background-simple--style-cover vce-asset-background-simple--position-center-top\"><div class=\"vce-asset-background-simple\">\n              <div class=\"vce-asset-background-simple-item vcv-lozad\" data-background-image=\"https:\/\/www.reservit.com\/wp-content\/uploads\/2021\/01\/spas_soin_visage-1030x644-2.jpeg\"><\/div>\n              <noscript>\n                <div class=\"vce-asset-background-simple-item\" style=\"background-image: url(https:\/\/www.reservit.com\/wp-content\/uploads\/2021\/01\/spas_soin_visage-1030x644-2.jpeg)\"><\/div>\n              <\/noscript>\n            <\/div><\/div><\/div><div class=\"vce-col-content\" data-vce-element-content=\"true\" data-vce-do-apply=\"padding el-309d95f4\"><\/div><\/div><\/div><div class=\"vce-col vce-col--md-43-25p vce-col--xs-1 vce-col--xs-last vce-col--xs-first vce-col--sm-last vce-col--sm-first vce-col--md-last vce-col--lg-last vce-col--xl-last\" id=\"el-b151a1a8\"><div class=\"vce-col-inner\" data-vce-do-apply=\"border margin background  el-b151a1a8\"><div class=\"vce-col-content\" data-vce-element-content=\"true\" data-vce-do-apply=\"padding el-b151a1a8\"><div class=\"vce-text-block\"><div class=\"vce-text-block-wrapper vce\" id=\"el-bcc24724\" data-vce-do-apply=\"all el-bcc24724\"><h2 style=\"text-align: center;\">Gestione delle attivit\u00e0<\/h2><p>&nbsp;<\/p><p>Modulo di prenotazione per tutte le strutture che desiderano gestire le prenotazioni delle attivit\u00e0 integrando il concetto di fascia oraria. Gestite il vostro planning in back office per tutte le vostre attivit\u00e0.<\/p><p>Un planning \u00e8 a disposizione della struttura per una visibilit\u00e0 delle prenotazioni, delle risorse, (sala, terreno, camera, ecc.), della giornata e dell\u2019ora (possibilit\u00e0 di suddividere la visibilit\u00e0 del planning in mezze giornate), con due schede, per una migliore visibilit\u00e0.<\/p><\/div><\/div><div class=\"vce-empty-space-container\" id=\"el-0386f107\" data-vce-do-apply=\"margin el-0386f107\"><div class=\"vce vce-empty-space vce-empty-space--height-30px--400px--400px--400px--400px--400px\" data-vce-do-apply=\"border padding background  el-0386f107\"><\/div><\/div><\/div><\/div><\/div><div class=\"vce-col vce-col--md-auto vce-col--xs-1 vce-col--xs-last vce-col--xs-first vce-col--sm-last vce-col--sm-first vce-col--md-last vce-col--lg-last vce-col--xl-last vce-col--md-first vce-col--lg-first vce-col--xl-first\" id=\"el-3db36286\"><div class=\"vce-col-inner\" data-vce-do-apply=\"border margin background  el-3db36286\"><div class=\"vce-col-content\" data-vce-element-content=\"true\" data-vce-do-apply=\"padding el-3db36286\"><div class=\"vce-text-block\"><div class=\"vce-text-block-wrapper vce\" id=\"el-b33a44c7\" data-vce-do-apply=\"all el-b33a44c7\"><\/div><\/div><\/div><\/div><\/div><\/div><\/div><\/div><div class=\"vce-row-container\" data-vce-boxed-width=\"true\"><div class=\"vce-row vce-row--has-col-background vce-row--col-gap-70 vce-row-equal-height vce-row-content--top\" id=\"el-d246aba8\" data-vce-do-apply=\"all el-d246aba8\"><div class=\"vce-row-content\" data-vce-element-content=\"true\"><div class=\"vce-col vce-col--md-43-35p vce-col--xs-1 vce-col--xs-last vce-col--xs-first vce-col--sm-last vce-col--sm-first vce-col--md-first vce-col--lg-first vce-col--xl-first\" id=\"el-376874ee\"><div class=\"vce-col-inner\" data-vce-do-apply=\"border margin background  el-376874ee\"><div class=\"vce-col-content\" data-vce-element-content=\"true\" data-vce-do-apply=\"padding el-376874ee\"><div class=\"vce-text-block\"><div class=\"vce-text-block-wrapper vce\" id=\"el-f2adaf45\" data-vce-do-apply=\"all el-f2adaf45\"><h2 style=\"text-align: center;\">Gestite le vostre prenotazioni<\/h2><p>Non \u00e8 pi\u00f9 necessario un planning cartaceo!<\/p><p>Ore piene, ore buche, intervalli di 15, 30, 60, 90, 120 minuti. Tutto \u00e8 modulabile in funzione della vostra attivit\u00e0 e delle vostre necessit\u00e0. Gestite le prenotazioni annue e la fascia di prezzo.<\/p><p>Controllate, dalla stessa schermata, gli affitti delle vostre sale e gli spazi dedicati alle attivit\u00e0.<\/p><\/div><\/div><\/div><\/div><\/div><div class=\"vce-col vce-element--has-background vce-col--md-56-65p vce-col--xs-1 vce-col--xs-last vce-col--xs-first vce-col--sm-last vce-col--sm-first vce-col--md-last vce-col--lg-last vce-col--xl-last\" id=\"el-fba5445d\"><div class=\"vce-col-inner\" data-vce-do-apply=\"border margin background  el-fba5445d\"><div class=\"vce-content-background-container\"><div class=\"vce-asset-background-simple-container vce-visible-all-only vce-asset-background-simple--style-cover vce-asset-background-simple--position-center-center\"><div class=\"vce-asset-background-simple\">\n              <div class=\"vce-asset-background-simple-item vcv-lozad\" data-background-image=\"https:\/\/www.reservit.com\/wp-content\/uploads\/2021\/02\/brooke-lark-kXQ3J7_2fpc-unsplash-scaled.jpg\"><\/div>\n              <noscript>\n                <div class=\"vce-asset-background-simple-item\" style=\"background-image: url(https:\/\/www.reservit.com\/wp-content\/uploads\/2021\/02\/brooke-lark-kXQ3J7_2fpc-unsplash-scaled.jpg)\"><\/div>\n              <\/noscript>\n            <\/div><\/div><\/div><div class=\"vce-col-content\" data-vce-element-content=\"true\" data-vce-do-apply=\"padding el-fba5445d\"><\/div><\/div><\/div><\/div><\/div><\/div>\n","protected":false},"excerpt":{"rendered":"<p>Gestione del planningGestire la vostra attivit\u00e0 secondo fasce orarie in un planning electronico Gestione delle attivit\u00e0&nbsp;Modulo di prenotazione per tutte le strutture che desiderano gestire le prenotazioni delle attivit\u00e0 integrando il concetto di fascia oraria. Gestite il vostro planning in back office per tutte le vostre attivit\u00e0.Un planning \u00e8 a disposizione della struttura per una [&hellip;]<\/p>\n","protected":false},"author":3,"featured_media":0,"parent":0,"menu_order":0,"comment_status":"closed","ping_status":"closed","template":"","meta":{"footnotes":""},"class_list":["post-3106","page","type-page","status-publish","hentry"],"yoast_head":"<!-- This site is optimized with the Yoast SEO plugin v24.1 - https:\/\/yoast.com\/wordpress\/plugins\/seo\/ -->\n<title>Spa | Gestione del planning<\/title>\n<meta name=\"description\" content=\"Gestione del planningGestire la vostra attivit\u00e0 secondo fasce orarie in un planning electronico Gestione delle attivit\u00e0&nbsp;Modulo di prenotazione per\" \/>\n<meta name=\"robots\" content=\"index, follow, max-snippet:-1, max-image-preview:large, max-video-preview:-1\" \/>\n<link rel=\"canonical\" href=\"https:\/\/reservit.wagaia.com\/it\/spa-gestione-del-planning\/\" \/>\n<meta property=\"og:locale\" content=\"it_IT\" \/>\n<meta property=\"og:type\" content=\"article\" \/>\n<meta property=\"og:title\" content=\"Spa | Gestione del planning\" \/>\n<meta property=\"og:description\" content=\"Gestione del planningGestire la vostra attivit\u00e0 secondo fasce orarie in un planning electronico Gestione delle attivit\u00e0&nbsp;Modulo di prenotazione per\" \/>\n<meta property=\"og:url\" content=\"https:\/\/reservit.wagaia.com\/it\/spa-gestione-del-planning\/\" \/>\n<meta property=\"og:site_name\" content=\"Reservit\" \/>\n<meta property=\"article:modified_time\" content=\"2021-08-10T10:15:58+00:00\" \/>\n<meta name=\"twitter:card\" content=\"summary_large_image\" \/>\n<meta name=\"twitter:label1\" content=\"Tempo di lettura stimato\" \/>\n\t<meta name=\"twitter:data1\" content=\"1 minuto\" \/>\n<script type=\"application\/ld+json\" class=\"yoast-schema-graph\">{\"@context\":\"https:\/\/schema.org\",\"@graph\":[{\"@type\":\"WebPage\",\"@id\":\"https:\/\/reservit.wagaia.com\/it\/spa-gestione-del-planning\/\",\"url\":\"https:\/\/reservit.wagaia.com\/it\/spa-gestione-del-planning\/\",\"name\":\"Spa | Gestione del planning\",\"isPartOf\":{\"@id\":\"https:\/\/reservit.wagaia.com\/it\/#website\"},\"datePublished\":\"2021-01-15T09:38:49+00:00\",\"dateModified\":\"2021-08-10T10:15:58+00:00\",\"description\":\"Gestione del planningGestire la vostra attivit\u00e0 secondo fasce orarie in un planning electronico Gestione delle attivit\u00e0&nbsp;Modulo di prenotazione per\",\"breadcrumb\":{\"@id\":\"https:\/\/reservit.wagaia.com\/it\/spa-gestione-del-planning\/#breadcrumb\"},\"inLanguage\":\"it-IT\",\"potentialAction\":[{\"@type\":\"ReadAction\",\"target\":[\"https:\/\/reservit.wagaia.com\/it\/spa-gestione-del-planning\/\"]}]},{\"@type\":\"BreadcrumbList\",\"@id\":\"https:\/\/reservit.wagaia.com\/it\/spa-gestione-del-planning\/#breadcrumb\",\"itemListElement\":[{\"@type\":\"ListItem\",\"position\":1,\"name\":\"Accueil\",\"item\":\"https:\/\/reservit.wagaia.com\/it\/\"},{\"@type\":\"ListItem\",\"position\":2,\"name\":\"Spa | Gestione del planning\"}]},{\"@type\":\"WebSite\",\"@id\":\"https:\/\/reservit.wagaia.com\/it\/#website\",\"url\":\"https:\/\/reservit.wagaia.com\/it\/\",\"name\":\"Reservit\",\"description\":\"Un site utilisant WordPress\",\"potentialAction\":[{\"@type\":\"SearchAction\",\"target\":{\"@type\":\"EntryPoint\",\"urlTemplate\":\"https:\/\/reservit.wagaia.com\/it\/?s={search_term_string}\"},\"query-input\":{\"@type\":\"PropertyValueSpecification\",\"valueRequired\":true,\"valueName\":\"search_term_string\"}}],\"inLanguage\":\"it-IT\"}]}<\/script>\n<!-- \/ Yoast SEO plugin. -->","yoast_head_json":{"title":"Spa | Gestione del planning","description":"Gestione del planningGestire la vostra attivit\u00e0 secondo fasce orarie in un planning electronico Gestione delle attivit\u00e0&nbsp;Modulo di prenotazione per","robots":{"index":"index","follow":"follow","max-snippet":"max-snippet:-1","max-image-preview":"max-image-preview:large","max-video-preview":"max-video-preview:-1"},"canonical":"https:\/\/reservit.wagaia.com\/it\/spa-gestione-del-planning\/","og_locale":"it_IT","og_type":"article","og_title":"Spa | Gestione del planning","og_description":"Gestione del planningGestire la vostra attivit\u00e0 secondo fasce orarie in un planning electronico Gestione delle attivit\u00e0&nbsp;Modulo di prenotazione per","og_url":"https:\/\/reservit.wagaia.com\/it\/spa-gestione-del-planning\/","og_site_name":"Reservit","article_modified_time":"2021-08-10T10:15:58+00:00","twitter_card":"summary_large_image","twitter_misc":{"Tempo di lettura stimato":"1 minuto"},"schema":{"@context":"https:\/\/schema.org","@graph":[{"@type":"WebPage","@id":"https:\/\/reservit.wagaia.com\/it\/spa-gestione-del-planning\/","url":"https:\/\/reservit.wagaia.com\/it\/spa-gestione-del-planning\/","name":"Spa | Gestione del planning","isPartOf":{"@id":"https:\/\/reservit.wagaia.com\/it\/#website"},"datePublished":"2021-01-15T09:38:49+00:00","dateModified":"2021-08-10T10:15:58+00:00","description":"Gestione del planningGestire la vostra attivit\u00e0 secondo fasce orarie in un planning electronico Gestione delle attivit\u00e0&nbsp;Modulo di prenotazione per","breadcrumb":{"@id":"https:\/\/reservit.wagaia.com\/it\/spa-gestione-del-planning\/#breadcrumb"},"inLanguage":"it-IT","potentialAction":[{"@type":"ReadAction","target":["https:\/\/reservit.wagaia.com\/it\/spa-gestione-del-planning\/"]}]},{"@type":"BreadcrumbList","@id":"https:\/\/reservit.wagaia.com\/it\/spa-gestione-del-planning\/#breadcrumb","itemListElement":[{"@type":"ListItem","position":1,"name":"Accueil","item":"https:\/\/reservit.wagaia.com\/it\/"},{"@type":"ListItem","position":2,"name":"Spa | Gestione del planning"}]},{"@type":"WebSite","@id":"https:\/\/reservit.wagaia.com\/it\/#website","url":"https:\/\/reservit.wagaia.com\/it\/","name":"Reservit","description":"Un site utilisant WordPress","potentialAction":[{"@type":"SearchAction","target":{"@type":"EntryPoint","urlTemplate":"https:\/\/reservit.wagaia.com\/it\/?s={search_term_string}"},"query-input":{"@type":"PropertyValueSpecification","valueRequired":true,"valueName":"search_term_string"}}],"inLanguage":"it-IT"}]}},"_links":{"self":[{"href":"https:\/\/reservit.wagaia.com\/it\/wp-json\/wp\/v2\/pages\/3106","targetHints":{"allow":["GET"]}}],"collection":[{"href":"https:\/\/reservit.wagaia.com\/it\/wp-json\/wp\/v2\/pages"}],"about":[{"href":"https:\/\/reservit.wagaia.com\/it\/wp-json\/wp\/v2\/types\/page"}],"author":[{"embeddable":true,"href":"https:\/\/reservit.wagaia.com\/it\/wp-json\/wp\/v2\/users\/3"}],"replies":[{"embeddable":true,"href":"https:\/\/reservit.wagaia.com\/it\/wp-json\/wp\/v2\/comments?post=3106"}],"version-history":[{"count":0,"href":"https:\/\/reservit.wagaia.com\/it\/wp-json\/wp\/v2\/pages\/3106\/revisions"}],"wp:attachment":[{"href":"https:\/\/reservit.wagaia.com\/it\/wp-json\/wp\/v2\/media?parent=3106"}],"curies":[{"name":"wp","href":"https:\/\/api.w.org\/{rel}","templated":true}]}}