{"id":3093,"date":"2021-01-15T14:54:29","date_gmt":"2021-01-15T13:54:29","guid":{"rendered":"https:\/\/www.reservit.com\/hebergement-veille-concurrentielle\/"},"modified":"2023-02-09T15:07:56","modified_gmt":"2023-02-09T14:07:56","slug":"alloggio-veglia-concorrenziale","status":"publish","type":"page","link":"https:\/\/reservit.wagaia.com\/it\/alloggio-veglia-concorrenziale\/","title":{"rendered":""},"content":{"rendered":"<div class=\"vce-row-container\" data-vce-boxed-width=\"true\"><div class=\"vce-row vce-element--has-background vce-row--col-gap-30 page-banner vce-row-content--top\" id=\"el-94b67783\" data-vce-do-apply=\"all el-94b67783\"><div class=\"vce-content-background-container\"><div class=\"vce-asset-background-simple-container vce-visible-all-only vce-asset-background-simple--style-cover vce-asset-background-simple--position-center-center\"><div class=\"vce-asset-background-simple\">\n              <div class=\"vce-asset-background-simple-item vcv-lozad\" data-background-image=\"https:\/\/www.reservit.com\/wp-content\/uploads\/2021\/02\/scott-graham-5fNmWej4tAA-unsplash-1-scaled.jpg\"><\/div>\n              <noscript>\n                <div class=\"vce-asset-background-simple-item\" style=\"background-image: url(https:\/\/www.reservit.com\/wp-content\/uploads\/2021\/02\/scott-graham-5fNmWej4tAA-unsplash-1-scaled.jpg)\"><\/div>\n              <\/noscript>\n            <\/div><\/div><\/div><div class=\"vce-row-content\" data-vce-element-content=\"true\"><div class=\"vce-col vce-col--md-auto vce-col--xs-1 vce-col--xs-last vce-col--xs-first vce-col--sm-last vce-col--sm-first vce-col--md-last vce-col--lg-last vce-col--xl-last vce-col--md-first vce-col--lg-first vce-col--xl-first\" id=\"el-d252c871\"><div class=\"vce-col-inner\" data-vce-do-apply=\"border margin background  el-d252c871\"><div class=\"vce-col-content\" data-vce-element-content=\"true\" data-vce-do-apply=\"padding el-d252c871\"><div class=\"vce-text-block banner-arrows\"><div class=\"vce-text-block-wrapper vce\" id=\"el-c450b284\" data-vce-do-apply=\"all el-c450b284\"><h1>Adattare la vostra offerta in base alla vostra concorrenza<\/h1><p>1 albergatore su 2 esegue un piano di veglia concorrenziale in modo manuale<\/p><\/div><\/div><\/div><\/div><\/div><\/div><\/div><\/div><div class=\"vce-row-container\" data-vce-boxed-width=\"true\"><div class=\"vce-row vce-row--col-gap-70 vce-row-equal-height vce-row-content--top\" id=\"el-dd8b2c8e\" data-vce-do-apply=\"all el-dd8b2c8e\"><div class=\"vce-content-background-container\"><\/div><div class=\"vce-row-content\" data-vce-element-content=\"true\"><div class=\"vce-col vce-col--md-56-73p vce-col--xs-1 vce-col--xs-last vce-col--xs-first vce-col--sm-last vce-col--sm-first vce-col--md-first vce-col--lg-first vce-col--xl-first\" id=\"el-309d95f4\"><div class=\"vce-col-inner\" data-vce-do-apply=\"border margin background  el-309d95f4\"><div class=\"vce-col-content\" data-vce-element-content=\"true\" data-vce-do-apply=\"padding el-309d95f4\"><div class=\"vce-single-image-container vce-single-image--align-center\"><div class=\"vce vce-single-image-wrapper\" id=\"el-728e9dd0\" data-vce-do-apply=\"all el-728e9dd0\"><figure><div class=\"vce-single-image-figure-inner\" style=\"width: 1024px;\"><div class=\"vce-single-image-inner vce-single-image--absolute\" style=\"width: 100%; padding-bottom: 84.9609%;\"><img loading=\"lazy\" decoding=\"async\" class=\"vce-single-image\"  width=\"1024\" height=\"870\" src=\"https:\/\/www.reservit.com\/wp-content\/uploads\/2021\/01\/mise_en_scene_RIT_veille-1030x876-1.png\" data-img-src=\"https:\/\/www.reservit.com\/wp-content\/uploads\/2021\/01\/mise_en_scene_RIT_veille-1030x876-1.png\" data-attachment-id=\"207\"  alt=\"\" title=\"mise_en_scene_RIT_veille-1030x876\" \/><\/div><\/div><figcaption hidden=\"\"><\/figcaption><\/figure><\/div><\/div><\/div><\/div><\/div><div class=\"vce-col vce-col--md-43-25p vce-col--xs-1 vce-col--xs-last vce-col--xs-first vce-col--sm-last vce-col--sm-first vce-col--md-last vce-col--lg-last vce-col--xl-last\" id=\"el-b151a1a8\"><div class=\"vce-col-inner\" data-vce-do-apply=\"border margin background  el-b151a1a8\"><div class=\"vce-col-content\" data-vce-element-content=\"true\" data-vce-do-apply=\"padding el-b151a1a8\"><div class=\"vce-text-block\"><div class=\"vce-text-block-wrapper vce\" id=\"el-332669f5\" data-vce-do-apply=\"all el-332669f5\"><h2 style=\"text-align: center;\"><span style=\"font-family: inherit;\">Perch\u00e9 fare la veglia tariffaria?<\/span><\/h2><p>Un hotel potrebbe farvi concorrenza solo su qualche aspetto dell\u2019attivit\u00e0 e in momenti diversi della settimana (per esempio il weekend). Il prezzo \u00e8 il criterio di scelta principale per pi\u00f9 del 60% dei clienti che prenotano on-line.<\/p><p>Anticipate questa fluttuazione e la strategia tariffaria dei vostri concorrenti grazie al modulo di comparazione dei prezzi di Reservit. Questo strumento vi doner\u00e0 una migliore visibilit\u00e0 delle offerte disponibili sugli altri canali di distribuzione.<\/p><p>La veglia concorrenziale vi permette giorno dopo giorno di comparare il vostro miglior prezzo di vendita con quelli dei vostri principali concorrenti\u2026 E\u2019 un chiaro vantaggio nel settore alberghiero per adattare la vostra offerta e ottimizzare al massimo la vostra redditivit\u00e0.<\/p><\/div><\/div><\/div><\/div><\/div><\/div><\/div><\/div><div class=\"vce-row-container\" data-vce-boxed-width=\"true\"><div class=\"vce-row vce-row--col-gap-30 vce-row-equal-height vce-row-content--top\" id=\"el-5588d8e5\" data-vce-do-apply=\"all el-5588d8e5\"><div class=\"vce-row-content\" data-vce-element-content=\"true\"><div class=\"vce-col vce-col--md-auto vce-col--xs-1 vce-col--xs-last vce-col--xs-first vce-col--sm-last vce-col--sm-first vce-col--md-last vce-col--lg-last vce-col--xl-last vce-col--md-first vce-col--lg-first vce-col--xl-first\" id=\"el-8c8836f8\"><div class=\"vce-col-inner\" data-vce-do-apply=\"border margin background  el-8c8836f8\"><div class=\"vce-col-content\" data-vce-element-content=\"true\" data-vce-do-apply=\"padding el-8c8836f8\"><div class=\"vce-text-block\"><div class=\"vce-text-block-wrapper vce\" id=\"el-c21eeb2d\" data-vce-do-apply=\"all el-c21eeb2d\"><h2 style=\"text-align: center;\">Uno strumento preciso di comparazione tariffaria<\/h2><p>La nostra soluzione \u00e8 stata pensata per garantire un intervento rapido e un utilizzo intuitivo. L\u2019accesso alla veglia si fa direttamente dal manager Reservit. Avendo un accesso rapido e affidabile a delle informazioni importanti, in particolare il prezzo degli hotel nei dintorni, migliorerete la vostra capacit\u00e0 di acquisizione di nuovi clienti.<\/p><p>Questo modulo di veglia vi permetter\u00e0 di automatizzare la raccolta delle informazioni sulle tariffe praticate dai vostri concorrenti. Migliorerete le vostre performance sul web.<\/p><\/div><\/div><\/div><\/div><\/div><\/div><\/div><\/div><div class=\"vce-row-container\" data-vce-boxed-width=\"true\"><div class=\"vce-row vce-row--col-gap-30 fancy-bloc vce-row-equal-height vce-row-content--top\" id=\"el-bf986116\" data-vce-do-apply=\"all el-bf986116\"><div class=\"vce-row-content\" data-vce-element-content=\"true\"><div class=\"vce-col vce-col--md-19-05p vce-col--xs-1 vce-col--xs-last vce-col--xs-first vce-col--sm-last vce-col--sm-first vce-col--md-first vce-col--lg-first vce-col--xl-first\" id=\"el-377ef714\"><div class=\"vce-col-inner\" data-vce-do-apply=\"border margin background  el-377ef714\"><div class=\"vce-col-content\" data-vce-element-content=\"true\" data-vce-do-apply=\"padding el-377ef714\"><div class=\"vce-text-block\"><div class=\"vce-text-block-wrapper vce\" id=\"el-cd7433b9\" data-vce-do-apply=\"all el-cd7433b9\"><p><img loading=\"lazy\" decoding=\"async\" class=\"alignnone size-full wp-image-37\" src=\"https:\/\/www.reservit.com\/wp-content\/uploads\/2021\/01\/picto3.png\" alt=\"\" width=\"95\" height=\"82\">&nbsp; Utilizzo semplice<\/p><h4>&nbsp;<\/h4><\/div><\/div><\/div><\/div><\/div><div class=\"vce-col vce-col--md-27-68p vce-col--xs-1 vce-col--xs-last vce-col--xs-first vce-col--sm-last vce-col--sm-first\" id=\"el-c94a74aa\"><div class=\"vce-col-inner\" data-vce-do-apply=\"border margin background  el-c94a74aa\"><div class=\"vce-col-content\" data-vce-element-content=\"true\" data-vce-do-apply=\"padding el-c94a74aa\"><div class=\"vce-text-block\"><div class=\"vce-text-block-wrapper vce\" id=\"el-4b8b4a3a\" data-vce-do-apply=\"all el-4b8b4a3a\"><p><img loading=\"lazy\" decoding=\"async\" class=\"alignnone size-full wp-image-36\" src=\"https:\/\/www.reservit.com\/wp-content\/uploads\/2021\/01\/picto2.png\" alt=\"\" width=\"90\" height=\"63\">&nbsp; Registrazione di 5 strutture o pi\u00f9<\/p><h4>&nbsp;<\/h4><\/div><\/div><\/div><\/div><\/div><div class=\"vce-col vce-col--md-28-26p vce-col--xs-1 vce-col--xs-last vce-col--xs-first vce-col--sm-last vce-col--sm-first\" id=\"el-cc7a1463\"><div class=\"vce-col-inner\" data-vce-do-apply=\"border margin background  el-cc7a1463\"><div class=\"vce-col-content\" data-vce-element-content=\"true\" data-vce-do-apply=\"padding el-cc7a1463\"><div class=\"vce-text-block\"><div class=\"vce-text-block-wrapper vce\" id=\"el-065d7d25\" data-vce-do-apply=\"all el-065d7d25\"><p><img loading=\"lazy\" decoding=\"async\" class=\"alignnone size-full wp-image-30\" src=\"https:\/\/www.reservit.com\/wp-content\/uploads\/2021\/01\/demo.png\" alt=\"\" width=\"87\" height=\"87\">&nbsp; Migliori tariffe giornaliere sui 30 giorni<\/p><h4>&nbsp;<\/h4><\/div><\/div><\/div><\/div><\/div><div class=\"vce-col vce-col--md-auto vce-col--xs-1 vce-col--xs-last vce-col--xs-first vce-col--sm-last vce-col--sm-first vce-col--md-last vce-col--lg-last vce-col--xl-last\" id=\"el-22a9530d\"><div class=\"vce-col-inner\" data-vce-do-apply=\"border margin background  el-22a9530d\"><div class=\"vce-col-content\" data-vce-element-content=\"true\" data-vce-do-apply=\"padding el-22a9530d\"><div class=\"vce-text-block\"><div class=\"vce-text-block-wrapper vce\" id=\"el-db1f0d25\" data-vce-do-apply=\"all el-db1f0d25\"><p><img loading=\"lazy\" decoding=\"async\" class=\"alignnone size-full wp-image-35\" src=\"https:\/\/www.reservit.com\/wp-content\/uploads\/2021\/01\/picto1.png\" alt=\"\" width=\"98\" height=\"82\">&nbsp; Rapporto quotidiano automatico<\/p><h4>&nbsp;<\/h4><\/div><\/div><\/div><\/div><\/div><\/div><\/div><\/div>\n","protected":false},"excerpt":{"rendered":"<p>Adattare la vostra offerta in base alla vostra concorrenza1 albergatore su 2 esegue un piano di veglia concorrenziale in modo manualePerch\u00e9 fare la veglia tariffaria?Un hotel potrebbe farvi concorrenza solo su qualche aspetto dell\u2019attivit\u00e0 e in momenti diversi della settimana (per esempio il weekend). Il prezzo \u00e8 il criterio di scelta principale per pi\u00f9 del [&hellip;]<\/p>\n","protected":false},"author":5,"featured_media":0,"parent":0,"menu_order":0,"comment_status":"closed","ping_status":"closed","template":"","meta":{"footnotes":""},"class_list":["post-3093","page","type-page","status-publish","hentry"],"yoast_head":"<!-- This site is optimized with the Yoast SEO plugin v24.1 - https:\/\/yoast.com\/wordpress\/plugins\/seo\/ -->\n<title>Alloggio | Veglia concorrenziale<\/title>\n<meta name=\"description\" content=\"Adattare la vostra offerta in base alla vostra concorrenza1 albergatore su 2 esegue un piano di veglia concorrenziale in modo manualePerch\u00e9 fare la veglia\" \/>\n<meta name=\"robots\" content=\"index, follow, max-snippet:-1, max-image-preview:large, max-video-preview:-1\" \/>\n<link rel=\"canonical\" href=\"https:\/\/reservit.wagaia.com\/it\/alloggio-veglia-concorrenziale\/\" \/>\n<meta property=\"og:locale\" content=\"it_IT\" \/>\n<meta property=\"og:type\" content=\"article\" \/>\n<meta property=\"og:title\" content=\"Alloggio | Veglia concorrenziale\" \/>\n<meta property=\"og:description\" content=\"Adattare la vostra offerta in base alla vostra concorrenza1 albergatore su 2 esegue un piano di veglia concorrenziale in modo manualePerch\u00e9 fare la veglia\" \/>\n<meta property=\"og:url\" content=\"https:\/\/reservit.wagaia.com\/it\/alloggio-veglia-concorrenziale\/\" \/>\n<meta property=\"og:site_name\" content=\"Reservit\" \/>\n<meta property=\"article:modified_time\" content=\"2023-02-09T14:07:56+00:00\" \/>\n<meta property=\"og:image\" content=\"https:\/\/www.reservit.com\/wp-content\/uploads\/2021\/01\/mise_en_scene_RIT_veille-1030x876-1.png\" \/>\n<meta name=\"twitter:card\" content=\"summary_large_image\" \/>\n<meta name=\"twitter:label1\" content=\"Tempo di lettura stimato\" \/>\n\t<meta name=\"twitter:data1\" content=\"1 minuto\" \/>\n<script type=\"application\/ld+json\" class=\"yoast-schema-graph\">{\"@context\":\"https:\/\/schema.org\",\"@graph\":[{\"@type\":\"WebPage\",\"@id\":\"https:\/\/reservit.wagaia.com\/it\/alloggio-veglia-concorrenziale\/\",\"url\":\"https:\/\/reservit.wagaia.com\/it\/alloggio-veglia-concorrenziale\/\",\"name\":\"Alloggio | Veglia concorrenziale\",\"isPartOf\":{\"@id\":\"https:\/\/reservit.wagaia.com\/it\/#website\"},\"primaryImageOfPage\":{\"@id\":\"https:\/\/reservit.wagaia.com\/it\/alloggio-veglia-concorrenziale\/#primaryimage\"},\"image\":{\"@id\":\"https:\/\/reservit.wagaia.com\/it\/alloggio-veglia-concorrenziale\/#primaryimage\"},\"thumbnailUrl\":\"https:\/\/www.reservit.com\/wp-content\/uploads\/2021\/01\/mise_en_scene_RIT_veille-1030x876-1.png\",\"datePublished\":\"2021-01-15T13:54:29+00:00\",\"dateModified\":\"2023-02-09T14:07:56+00:00\",\"description\":\"Adattare la vostra offerta in base alla vostra concorrenza1 albergatore su 2 esegue un piano di veglia concorrenziale in modo manualePerch\u00e9 fare la veglia\",\"breadcrumb\":{\"@id\":\"https:\/\/reservit.wagaia.com\/it\/alloggio-veglia-concorrenziale\/#breadcrumb\"},\"inLanguage\":\"it-IT\",\"potentialAction\":[{\"@type\":\"ReadAction\",\"target\":[\"https:\/\/reservit.wagaia.com\/it\/alloggio-veglia-concorrenziale\/\"]}]},{\"@type\":\"ImageObject\",\"inLanguage\":\"it-IT\",\"@id\":\"https:\/\/reservit.wagaia.com\/it\/alloggio-veglia-concorrenziale\/#primaryimage\",\"url\":\"https:\/\/www.reservit.com\/wp-content\/uploads\/2021\/01\/mise_en_scene_RIT_veille-1030x876-1.png\",\"contentUrl\":\"https:\/\/www.reservit.com\/wp-content\/uploads\/2021\/01\/mise_en_scene_RIT_veille-1030x876-1.png\"},{\"@type\":\"BreadcrumbList\",\"@id\":\"https:\/\/reservit.wagaia.com\/it\/alloggio-veglia-concorrenziale\/#breadcrumb\",\"itemListElement\":[{\"@type\":\"ListItem\",\"position\":1,\"name\":\"Accueil\",\"item\":\"https:\/\/reservit.wagaia.com\/it\/\"},{\"@type\":\"ListItem\",\"position\":2,\"name\":\"Alloggio | Veglia concorrenziale\"}]},{\"@type\":\"WebSite\",\"@id\":\"https:\/\/reservit.wagaia.com\/it\/#website\",\"url\":\"https:\/\/reservit.wagaia.com\/it\/\",\"name\":\"Reservit\",\"description\":\"Un site utilisant WordPress\",\"potentialAction\":[{\"@type\":\"SearchAction\",\"target\":{\"@type\":\"EntryPoint\",\"urlTemplate\":\"https:\/\/reservit.wagaia.com\/it\/?s={search_term_string}\"},\"query-input\":{\"@type\":\"PropertyValueSpecification\",\"valueRequired\":true,\"valueName\":\"search_term_string\"}}],\"inLanguage\":\"it-IT\"}]}<\/script>\n<!-- \/ Yoast SEO plugin. -->","yoast_head_json":{"title":"Alloggio | Veglia concorrenziale","description":"Adattare la vostra offerta in base alla vostra concorrenza1 albergatore su 2 esegue un piano di veglia concorrenziale in modo manualePerch\u00e9 fare la veglia","robots":{"index":"index","follow":"follow","max-snippet":"max-snippet:-1","max-image-preview":"max-image-preview:large","max-video-preview":"max-video-preview:-1"},"canonical":"https:\/\/reservit.wagaia.com\/it\/alloggio-veglia-concorrenziale\/","og_locale":"it_IT","og_type":"article","og_title":"Alloggio | Veglia concorrenziale","og_description":"Adattare la vostra offerta in base alla vostra concorrenza1 albergatore su 2 esegue un piano di veglia concorrenziale in modo manualePerch\u00e9 fare la veglia","og_url":"https:\/\/reservit.wagaia.com\/it\/alloggio-veglia-concorrenziale\/","og_site_name":"Reservit","article_modified_time":"2023-02-09T14:07:56+00:00","og_image":[{"url":"https:\/\/www.reservit.com\/wp-content\/uploads\/2021\/01\/mise_en_scene_RIT_veille-1030x876-1.png","type":"","width":"","height":""}],"twitter_card":"summary_large_image","twitter_misc":{"Tempo di lettura stimato":"1 minuto"},"schema":{"@context":"https:\/\/schema.org","@graph":[{"@type":"WebPage","@id":"https:\/\/reservit.wagaia.com\/it\/alloggio-veglia-concorrenziale\/","url":"https:\/\/reservit.wagaia.com\/it\/alloggio-veglia-concorrenziale\/","name":"Alloggio | Veglia concorrenziale","isPartOf":{"@id":"https:\/\/reservit.wagaia.com\/it\/#website"},"primaryImageOfPage":{"@id":"https:\/\/reservit.wagaia.com\/it\/alloggio-veglia-concorrenziale\/#primaryimage"},"image":{"@id":"https:\/\/reservit.wagaia.com\/it\/alloggio-veglia-concorrenziale\/#primaryimage"},"thumbnailUrl":"https:\/\/www.reservit.com\/wp-content\/uploads\/2021\/01\/mise_en_scene_RIT_veille-1030x876-1.png","datePublished":"2021-01-15T13:54:29+00:00","dateModified":"2023-02-09T14:07:56+00:00","description":"Adattare la vostra offerta in base alla vostra concorrenza1 albergatore su 2 esegue un piano di veglia concorrenziale in modo manualePerch\u00e9 fare la veglia","breadcrumb":{"@id":"https:\/\/reservit.wagaia.com\/it\/alloggio-veglia-concorrenziale\/#breadcrumb"},"inLanguage":"it-IT","potentialAction":[{"@type":"ReadAction","target":["https:\/\/reservit.wagaia.com\/it\/alloggio-veglia-concorrenziale\/"]}]},{"@type":"ImageObject","inLanguage":"it-IT","@id":"https:\/\/reservit.wagaia.com\/it\/alloggio-veglia-concorrenziale\/#primaryimage","url":"https:\/\/www.reservit.com\/wp-content\/uploads\/2021\/01\/mise_en_scene_RIT_veille-1030x876-1.png","contentUrl":"https:\/\/www.reservit.com\/wp-content\/uploads\/2021\/01\/mise_en_scene_RIT_veille-1030x876-1.png"},{"@type":"BreadcrumbList","@id":"https:\/\/reservit.wagaia.com\/it\/alloggio-veglia-concorrenziale\/#breadcrumb","itemListElement":[{"@type":"ListItem","position":1,"name":"Accueil","item":"https:\/\/reservit.wagaia.com\/it\/"},{"@type":"ListItem","position":2,"name":"Alloggio | Veglia concorrenziale"}]},{"@type":"WebSite","@id":"https:\/\/reservit.wagaia.com\/it\/#website","url":"https:\/\/reservit.wagaia.com\/it\/","name":"Reservit","description":"Un site utilisant WordPress","potentialAction":[{"@type":"SearchAction","target":{"@type":"EntryPoint","urlTemplate":"https:\/\/reservit.wagaia.com\/it\/?s={search_term_string}"},"query-input":{"@type":"PropertyValueSpecification","valueRequired":true,"valueName":"search_term_string"}}],"inLanguage":"it-IT"}]}},"_links":{"self":[{"href":"https:\/\/reservit.wagaia.com\/it\/wp-json\/wp\/v2\/pages\/3093","targetHints":{"allow":["GET"]}}],"collection":[{"href":"https:\/\/reservit.wagaia.com\/it\/wp-json\/wp\/v2\/pages"}],"about":[{"href":"https:\/\/reservit.wagaia.com\/it\/wp-json\/wp\/v2\/types\/page"}],"author":[{"embeddable":true,"href":"https:\/\/reservit.wagaia.com\/it\/wp-json\/wp\/v2\/users\/5"}],"replies":[{"embeddable":true,"href":"https:\/\/reservit.wagaia.com\/it\/wp-json\/wp\/v2\/comments?post=3093"}],"version-history":[{"count":0,"href":"https:\/\/reservit.wagaia.com\/it\/wp-json\/wp\/v2\/pages\/3093\/revisions"}],"wp:attachment":[{"href":"https:\/\/reservit.wagaia.com\/it\/wp-json\/wp\/v2\/media?parent=3093"}],"curies":[{"name":"wp","href":"https:\/\/api.w.org\/{rel}","templated":true}]}}