{"id":2798,"date":"2021-01-14T15:51:10","date_gmt":"2021-01-14T14:51:10","guid":{"rendered":"https:\/\/www.reservit.com\/gestion-des-coffrets-cadeaux-coffrets-cadeaux\/"},"modified":"2021-08-10T14:49:00","modified_gmt":"2021-08-10T12:49:00","slug":"gestion-de-cajas-de-regalo","status":"publish","type":"page","link":"https:\/\/reservit.wagaia.com\/es\/gestion-de-cajas-de-regalo\/","title":{"rendered":""},"content":{"rendered":"<div class=\"vce-row-container\" data-vce-boxed-width=\"true\"><div class=\"vce-row vce-element--has-background vce-row--col-gap-30 page-banner vce-row-content--top\" id=\"el-94b67783\" data-vce-do-apply=\"all el-94b67783\"><div class=\"vce-content-background-container\"><div class=\"vce-asset-background-simple-container vce-visible-all-only vce-asset-background-simple--style-cover vce-asset-background-simple--position-right-center\"><div class=\"vce-asset-background-simple\">\n              <div class=\"vce-asset-background-simple-item vcv-lozad\" data-background-image=\"https:\/\/www.reservit.com\/zeeptapo\/2021\/02\/mia-golic-6JtuGvLzh20-unsplash-1-scaled.jpg\"><\/div>\n              <noscript>\n                <div class=\"vce-asset-background-simple-item\" style=\"background-image: url(https:\/\/www.reservit.com\/zeeptapo\/2021\/02\/mia-golic-6JtuGvLzh20-unsplash-1-scaled.jpg)\"><\/div>\n              <\/noscript>\n            <\/div><\/div><\/div><div class=\"vce-row-content\" data-vce-element-content=\"true\"><div class=\"vce-col vce-col--md-auto vce-col--xs-1 vce-col--xs-last vce-col--xs-first vce-col--sm-last vce-col--sm-first vce-col--md-last vce-col--lg-last vce-col--xl-last vce-col--md-first vce-col--lg-first vce-col--xl-first\" id=\"el-d252c871\"><div class=\"vce-col-inner\" data-vce-do-apply=\"border margin background  el-d252c871\"><div class=\"vce-col-content\" data-vce-element-content=\"true\" data-vce-do-apply=\"padding el-d252c871\"><div class=\"vce-text-block banner-arrows\"><div class=\"vce-text-block-wrapper vce\" id=\"el-c450b284\" data-vce-do-apply=\"all el-c450b284\"><h1>Gesti\u00f3n de cajas regalo<\/h1><p>Comercialice y administre sus cajas de regalo en su sitio web<\/p><\/div><\/div><\/div><\/div><\/div><\/div><\/div><\/div><div class=\"vce-row-container\" data-vce-boxed-width=\"true\"><div class=\"vce-row vce-row--col-gap-70 vce-row-equal-height vce-row-content--top\" id=\"el-dd8b2c8e\" data-vce-do-apply=\"all el-dd8b2c8e\"><div class=\"vce-content-background-container\"><\/div><div class=\"vce-row-content\" data-vce-element-content=\"true\"><div class=\"vce-col vce-col--md-56-73p vce-col--xs-1 vce-col--xs-last vce-col--xs-first vce-col--sm-last vce-col--sm-first vce-col--md-first vce-col--lg-first vce-col--xl-first\" id=\"el-309d95f4\"><div class=\"vce-col-inner\" data-vce-do-apply=\"border margin background  el-309d95f4\"><div class=\"vce-col-content\" data-vce-element-content=\"true\" data-vce-do-apply=\"padding el-309d95f4\"><div class=\"vce-single-image-container vce-single-image--align-left\"><div class=\"vce vce-single-image-wrapper\" id=\"el-728e9dd0\" data-vce-do-apply=\"all el-728e9dd0\"><figure><div class=\"vce-single-image-inner vce-single-image--absolute\" style=\"padding-bottom: 100%; width: 1000px;\"><img loading=\"lazy\" decoding=\"async\" class=\"vce-single-image vcv-lozad\" data-src=\"https:\/\/www.reservit.com\/wp-content\/uploads\/2021\/02\/Copie-de-Design-sans-titre.jpg\" width=\"1000\" height=\"1000\" src=\"\" data-img-src=\"https:\/\/www.reservit.com\/wp-content\/uploads\/2021\/02\/Copie-de-Design-sans-titre.jpg\" alt=\"\" title=\"Copie de Design sans titre\" \/><noscript>\n        <img loading=\"lazy\" decoding=\"async\" class=\"vce-single-image\" src=\"https:\/\/www.reservit.com\/wp-content\/uploads\/2021\/02\/Copie-de-Design-sans-titre.jpg\" width=\"1000\" height=\"1000\" alt=\"\" title=\"Copie de Design sans titre\" \/>\n      <\/noscript><\/div><figcaption hidden=\"\"><\/figcaption><\/figure><\/div><\/div><\/div><\/div><\/div><div class=\"vce-col vce-col--md-43-25p vce-col--xs-1 vce-col--xs-last vce-col--xs-first vce-col--sm-last vce-col--sm-first vce-col--md-last vce-col--lg-last vce-col--xl-last\" id=\"el-b151a1a8\"><div class=\"vce-col-inner\" data-vce-do-apply=\"border margin background  el-b151a1a8\"><div class=\"vce-col-content\" data-vce-element-content=\"true\" data-vce-do-apply=\"padding el-b151a1a8\"><div class=\"vce-text-block\"><div class=\"vce-text-block-wrapper vce\" id=\"el-bcc24724\" data-vce-do-apply=\"all el-bcc24724\"><h2 style=\"text-align: center;\">Gesti\u00f3n de tarjetas y cajas regalo para sus prestaciones y actividades<\/h2><p>La soluci\u00f3n de cajas regalo le permite una comercializaci\u00f3n f\u00e1cil y eficaz, directamente desde su p\u00e1gina web. Ofrece a sus clientes la posibilidad de comprar en l\u00ednea y consumir la caja comprada de manera muy sencilla.<\/p><p>Las cajas se presentan por tipo de actividad y se ilustran con fotograf\u00edas, descripciones y precios \u00aba partir de\u00bb. Todo ello respetando su identidad gr\u00e1fica.<\/p><p>\u00bfDesea crear ofertas para su spa, para una estancia todo incluido, para una cena especial? \u00bf Tiene un hotel, un restaurante, una actividad, un spa? \u00a1Aqu\u00ed encontrar\u00e1 una nueva herramienta de venta eficaz para aumentar su volumen de negocio! Su p\u00e1gina web se convertir\u00e1 en una verdadera herramienta de comercio electr\u00f3nico gracias al pago en l\u00ednea.<\/p><p>Para su estructura representar\u00e1 un importante ahorro de tiempo, una gesti\u00f3n simplificada y una comercializaci\u00f3n de sus productos las 24 horas del d\u00eda.<\/p><\/div><\/div><\/div><\/div><\/div><\/div><\/div><\/div><div class=\"vce-row-container\" data-vce-boxed-width=\"true\"><div class=\"vce-row vce-row--has-col-background vce-row--col-gap-70 vce-row-equal-height vce-row-content--top\" id=\"el-d246aba8\" data-vce-do-apply=\"all el-d246aba8\"><div class=\"vce-content-background-container\"><\/div><div class=\"vce-row-content\" data-vce-element-content=\"true\"><div class=\"vce-col vce-col--md-43-35p vce-col--xs-1 vce-col--xs-last vce-col--xs-first vce-col--sm-last vce-col--sm-first vce-col--md-first vce-col--lg-first vce-col--xl-first\" id=\"el-376874ee\"><div class=\"vce-col-inner\" data-vce-do-apply=\"border margin background  el-376874ee\"><div class=\"vce-col-content\" data-vce-element-content=\"true\" data-vce-do-apply=\"padding el-376874ee\"><div class=\"vce-text-block\"><div class=\"vce-text-block-wrapper vce\" id=\"el-f2adaf45\" data-vce-do-apply=\"all el-f2adaf45\"><h2 style=\"text-align: center;\">Ventajas de la soluci\u00f3n de cajas regalo:<\/h2><\/div><\/div><div class=\"vce-row-container\" data-vce-boxed-width=\"true\"><div class=\"vce-row vce-row--col-gap-30 fancy-bloc vce-row-equal-height vce-row-content--top\" id=\"el-6dd7bc83\" data-vce-do-apply=\"all el-6dd7bc83\"><div class=\"vce-row-content\" data-vce-element-content=\"true\"><div class=\"vce-col vce-col--md-auto vce-col--xs-1 vce-col--xs-last vce-col--xs-first vce-col--sm-last vce-col--sm-first vce-col--md-first vce-col--lg-first vce-col--xl-first\" id=\"el-cf84d43d\"><div class=\"vce-col-inner\" data-vce-do-apply=\"border margin background  el-cf84d43d\"><div class=\"vce-col-content\" data-vce-element-content=\"true\" data-vce-do-apply=\"padding el-cf84d43d\"><div class=\"vce-text-block\"><div class=\"vce-text-block-wrapper vce\" id=\"el-651b6d79\" data-vce-do-apply=\"all el-651b6d79\"><p><strong><img loading=\"lazy\" decoding=\"async\" class=\"alignnone wp-image-1646 size-full\" src=\"https:\/\/www.reservit.com\/zeeptapo\/2021\/02\/PictoD.png\" alt=\"\" width=\"90\" height=\"85\"><\/strong><\/p><\/div><\/div><div class=\"vce-row-container\" data-vce-boxed-width=\"true\"><div class=\"vce-row vce-row--col-gap-30 vce-row-equal-height vce-row-content--top\" id=\"el-ea96cf8e\" data-vce-do-apply=\"all el-ea96cf8e\"><div class=\"vce-row-content\" data-vce-element-content=\"true\"><div class=\"vce-col vce-col--md-auto vce-col--xs-1 vce-col--xs-last vce-col--xs-first vce-col--sm-last vce-col--sm-first vce-col--md-last vce-col--lg-last vce-col--xl-last vce-col--md-first vce-col--lg-first vce-col--xl-first\" id=\"el-ffa6f919\"><div class=\"vce-col-inner\" data-vce-do-apply=\"border margin background  el-ffa6f919\"><div class=\"vce-col-content\" data-vce-element-content=\"true\" data-vce-do-apply=\"padding el-ffa6f919\"><div class=\"vce-text-block\"><div class=\"vce-text-block-wrapper vce\" id=\"el-50e6cb6d\" data-vce-do-apply=\"all el-50e6cb6d\"><p>Ahorro de tiempo para la gesti\u00f3n de su establecimiento para el internauta<\/p><\/div><\/div><\/div><\/div><\/div><\/div><\/div><\/div><\/div><\/div><\/div><div class=\"vce-col vce-col--md-auto vce-col--xs-1 vce-col--xs-last vce-col--xs-first vce-col--sm-last vce-col--sm-first\" id=\"el-1ec87b8c\"><div class=\"vce-col-inner\" data-vce-do-apply=\"border margin background  el-1ec87b8c\"><div class=\"vce-col-content\" data-vce-element-content=\"true\" data-vce-do-apply=\"padding el-1ec87b8c\"><div class=\"vce-text-block\"><div class=\"vce-text-block-wrapper vce\" id=\"el-b96c02c6\" data-vce-do-apply=\"all el-b96c02c6\"><p><img loading=\"lazy\" decoding=\"async\" class=\"alignnone wp-image-1594 size-full\" src=\"https:\/\/www.reservit.com\/zeeptapo\/2021\/02\/PictoE.png\" alt=\"\" width=\"90\" height=\"85\"><\/p><\/div><\/div><div class=\"vce-text-block\"><div class=\"vce-text-block-wrapper vce\" id=\"el-dc1e8873\" data-vce-do-apply=\"all el-dc1e8873\"><p>Organizaci\u00f3n de sus ofertas por tipo de prestaci\u00f3n<\/p><h4>&nbsp;<\/h4><\/div><\/div><\/div><\/div><\/div><div class=\"vce-col vce-col--md-auto vce-col--xs-1 vce-col--xs-last vce-col--xs-first vce-col--sm-last vce-col--sm-first vce-col--md-last vce-col--lg-last vce-col--xl-last\" id=\"el-3d4cf447\"><div class=\"vce-col-inner\" data-vce-do-apply=\"border margin background  el-3d4cf447\"><div class=\"vce-col-content\" data-vce-element-content=\"true\" data-vce-do-apply=\"padding el-3d4cf447\"><div class=\"vce-text-block\"><div class=\"vce-text-block-wrapper vce\" id=\"el-66fc94ef\" data-vce-do-apply=\"all el-66fc94ef\"><p><img loading=\"lazy\" decoding=\"async\" class=\"alignnone size-full wp-image-30\" src=\"https:\/\/www.reservit.com\/zeeptapo\/2021\/01\/demo.png\" alt=\"\" width=\"87\" height=\"87\"><\/p><\/div><\/div><div class=\"vce-text-block\"><div class=\"vce-text-block-wrapper vce\" id=\"el-69ade221\" data-vce-do-apply=\"all el-69ade221\"><p>Gesti\u00f3n simplificada&nbsp;<\/p><h4>&nbsp;<\/h4><\/div><\/div><\/div><\/div><\/div><\/div><\/div><\/div><div class=\"vce-row-container\" data-vce-boxed-width=\"true\"><div class=\"vce-row vce-row--col-gap-30 fancy-bloc vce-row-equal-height vce-row-content--top\" id=\"el-bd5351dc\" data-vce-do-apply=\"all el-bd5351dc\"><div class=\"vce-row-content\" data-vce-element-content=\"true\"><div class=\"vce-col vce-col--md-auto vce-col--xs-1 vce-col--xs-last vce-col--xs-first vce-col--sm-last vce-col--sm-first vce-col--md-first vce-col--lg-first vce-col--xl-first\" id=\"el-52ba79dc\"><div class=\"vce-col-inner\" data-vce-do-apply=\"border margin background  el-52ba79dc\"><div class=\"vce-col-content\" data-vce-element-content=\"true\" data-vce-do-apply=\"padding el-52ba79dc\"><div class=\"vce-text-block\"><div class=\"vce-text-block-wrapper vce\" id=\"el-f3f30bfd\" data-vce-do-apply=\"all el-f3f30bfd\"><p><img loading=\"lazy\" decoding=\"async\" class=\"alignnone size-full wp-image-37\" src=\"https:\/\/www.reservit.com\/zeeptapo\/2021\/01\/picto3.png\" alt=\"\" width=\"95\" height=\"82\"><\/p><\/div><\/div><div class=\"vce-text-block\"><div class=\"vce-text-block-wrapper vce\" id=\"el-369ea963\" data-vce-do-apply=\"all el-369ea963\"><p>Sus p\u00e1ginas de reserva adaptadas a m\u00f3viles y tabletas<\/p><\/div><\/div><\/div><\/div><\/div><div class=\"vce-col vce-col--md-31-11p vce-col--xs-1 vce-col--xs-last vce-col--xs-first vce-col--sm-last vce-col--sm-first\" id=\"el-e1e1d17d\"><div class=\"vce-col-inner\" data-vce-do-apply=\"border margin background  el-e1e1d17d\"><div class=\"vce-col-content\" data-vce-element-content=\"true\" data-vce-do-apply=\"padding el-e1e1d17d\"><div class=\"vce-text-block\"><div class=\"vce-text-block-wrapper vce\" id=\"el-397f8cf1\" data-vce-do-apply=\"all el-397f8cf1\"><p><img loading=\"lazy\" decoding=\"async\" class=\"alignnone size-full wp-image-36\" src=\"https:\/\/www.reservit.com\/zeeptapo\/2021\/01\/picto2.png\" alt=\"\" width=\"90\" height=\"63\"><\/p><\/div><\/div><div class=\"vce-text-block\"><div class=\"vce-text-block-wrapper vce\" id=\"el-0ee2517d\" data-vce-do-apply=\"all el-0ee2517d\"><p>Vale de compra generado autom\u00e1ticamente&nbsp;<\/p><\/div><\/div><\/div><\/div><\/div><div class=\"vce-col vce-col--md-35-55p vce-col--xs-1 vce-col--xs-last vce-col--xs-first vce-col--sm-last vce-col--sm-first vce-col--md-last vce-col--lg-last vce-col--xl-last\" id=\"el-104c0d8d\"><div class=\"vce-col-inner\" data-vce-do-apply=\"border margin background  el-104c0d8d\"><div class=\"vce-col-content\" data-vce-element-content=\"true\" data-vce-do-apply=\"padding el-104c0d8d\"><div class=\"vce-text-block\"><div class=\"vce-text-block-wrapper vce\" id=\"el-dc8f2a6e\" data-vce-do-apply=\"all el-dc8f2a6e\"><p><img loading=\"lazy\" decoding=\"async\" class=\"alignnone size-full wp-image-1658\" src=\"https:\/\/www.reservit.com\/zeeptapo\/2021\/02\/PictoG.png\" alt=\"\" width=\"90\" height=\"85\"><\/p><\/div><\/div><div class=\"vce-text-block\"><div class=\"vce-text-block-wrapper vce\" id=\"el-1bb265cf\" data-vce-do-apply=\"all el-1bb265cf\"><p>Herramienta integrada en el back office de Reservit o en modo stand-alone<\/p><\/div><\/div><\/div><\/div><\/div><\/div><\/div><\/div><\/div><\/div><\/div><div class=\"vce-col vce-element--has-background vce-col--md-56-65p vce-col--xs-1 vce-col--xs-last vce-col--xs-first vce-col--sm-last vce-col--sm-first vce-col--md-last vce-col--lg-last vce-col--xl-last\" id=\"el-fba5445d\"><div class=\"vce-col-inner\" data-vce-do-apply=\"border margin background  el-fba5445d\"><div class=\"vce-content-background-container\"><div class=\"vce-asset-background-simple-container vce-visible-all-only vce-asset-background-simple--style-cover vce-asset-background-simple--position-center-center\"><div class=\"vce-asset-background-simple\">\n              <div class=\"vce-asset-background-simple-item vcv-lozad\" data-background-image=\"https:\/\/www.reservit.com\/zeeptapo\/2021\/01\/book-1667826_1920-1-1500x430-1.jpg\"><\/div>\n              <noscript>\n                <div class=\"vce-asset-background-simple-item\" style=\"background-image: url(https:\/\/www.reservit.com\/zeeptapo\/2021\/01\/book-1667826_1920-1-1500x430-1.jpg)\"><\/div>\n              <\/noscript>\n            <\/div><\/div><\/div><div class=\"vce-col-content\" data-vce-element-content=\"true\" data-vce-do-apply=\"padding el-fba5445d\"><\/div><\/div><\/div><\/div><\/div><\/div>\n","protected":false},"excerpt":{"rendered":"<p>Gesti\u00f3n de cajas regaloComercialice y administre sus cajas de regalo en su sitio web Gesti\u00f3n de tarjetas y cajas regalo para sus prestaciones y actividadesLa soluci\u00f3n de cajas regalo le permite una comercializaci\u00f3n f\u00e1cil y eficaz, directamente desde su p\u00e1gina web. Ofrece a sus clientes la posibilidad de comprar en l\u00ednea y consumir la caja [&hellip;]<\/p>\n","protected":false},"author":5,"featured_media":0,"parent":0,"menu_order":0,"comment_status":"closed","ping_status":"closed","template":"","meta":{"footnotes":""},"class_list":["post-2798","page","type-page","status-publish","hentry"],"yoast_head":"<!-- This site is optimized with the Yoast SEO plugin v24.1 - https:\/\/yoast.com\/wordpress\/plugins\/seo\/ -->\n<title>Cajas de regalo | Gesti\u00f3n de Cajas de regalo<\/title>\n<meta name=\"description\" content=\"Gesti\u00f3n de cajas regaloComercialice y administre sus cajas de regalo en su sitio web Gesti\u00f3n de tarjetas y cajas regalo para sus prestaciones y\" \/>\n<meta name=\"robots\" content=\"index, follow, max-snippet:-1, max-image-preview:large, max-video-preview:-1\" \/>\n<link rel=\"canonical\" href=\"https:\/\/reservit.wagaia.com\/es\/gestion-de-cajas-de-regalo\/\" \/>\n<meta property=\"og:locale\" content=\"es_ES\" \/>\n<meta property=\"og:type\" content=\"article\" \/>\n<meta property=\"og:title\" content=\"Cajas de regalo | Gesti\u00f3n de Cajas de regalo\" \/>\n<meta property=\"og:description\" content=\"Gesti\u00f3n de cajas regaloComercialice y administre sus cajas de regalo en su sitio web Gesti\u00f3n de tarjetas y cajas regalo para sus prestaciones y\" \/>\n<meta property=\"og:url\" content=\"https:\/\/reservit.wagaia.com\/es\/gestion-de-cajas-de-regalo\/\" \/>\n<meta property=\"og:site_name\" content=\"Reservit\" \/>\n<meta property=\"article:modified_time\" content=\"2021-08-10T12:49:00+00:00\" \/>\n<meta property=\"og:image\" content=\"https:\/\/www.reservit.com\/wp-content\/uploads\/2021\/02\/Copie-de-Design-sans-titre.jpg\" \/>\n<meta name=\"twitter:card\" content=\"summary_large_image\" \/>\n<meta name=\"twitter:label1\" content=\"Tiempo de lectura\" \/>\n\t<meta name=\"twitter:data1\" content=\"1 minuto\" \/>\n<script type=\"application\/ld+json\" class=\"yoast-schema-graph\">{\"@context\":\"https:\/\/schema.org\",\"@graph\":[{\"@type\":\"WebPage\",\"@id\":\"https:\/\/reservit.wagaia.com\/es\/gestion-de-cajas-de-regalo\/\",\"url\":\"https:\/\/reservit.wagaia.com\/es\/gestion-de-cajas-de-regalo\/\",\"name\":\"Cajas de regalo | Gesti\u00f3n de Cajas de regalo\",\"isPartOf\":{\"@id\":\"https:\/\/reservit.wagaia.com\/es\/#website\"},\"primaryImageOfPage\":{\"@id\":\"https:\/\/reservit.wagaia.com\/es\/gestion-de-cajas-de-regalo\/#primaryimage\"},\"image\":{\"@id\":\"https:\/\/reservit.wagaia.com\/es\/gestion-de-cajas-de-regalo\/#primaryimage\"},\"thumbnailUrl\":\"https:\/\/www.reservit.com\/wp-content\/uploads\/2021\/02\/Copie-de-Design-sans-titre.jpg\",\"datePublished\":\"2021-01-14T14:51:10+00:00\",\"dateModified\":\"2021-08-10T12:49:00+00:00\",\"description\":\"Gesti\u00f3n de cajas regaloComercialice y administre sus cajas de regalo en su sitio web Gesti\u00f3n de tarjetas y cajas regalo para sus prestaciones y\",\"breadcrumb\":{\"@id\":\"https:\/\/reservit.wagaia.com\/es\/gestion-de-cajas-de-regalo\/#breadcrumb\"},\"inLanguage\":\"es\",\"potentialAction\":[{\"@type\":\"ReadAction\",\"target\":[\"https:\/\/reservit.wagaia.com\/es\/gestion-de-cajas-de-regalo\/\"]}]},{\"@type\":\"ImageObject\",\"inLanguage\":\"es\",\"@id\":\"https:\/\/reservit.wagaia.com\/es\/gestion-de-cajas-de-regalo\/#primaryimage\",\"url\":\"https:\/\/www.reservit.com\/wp-content\/uploads\/2021\/02\/Copie-de-Design-sans-titre.jpg\",\"contentUrl\":\"https:\/\/www.reservit.com\/wp-content\/uploads\/2021\/02\/Copie-de-Design-sans-titre.jpg\"},{\"@type\":\"BreadcrumbList\",\"@id\":\"https:\/\/reservit.wagaia.com\/es\/gestion-de-cajas-de-regalo\/#breadcrumb\",\"itemListElement\":[{\"@type\":\"ListItem\",\"position\":1,\"name\":\"Accueil\",\"item\":\"https:\/\/reservit.wagaia.com\/es\/\"},{\"@type\":\"ListItem\",\"position\":2,\"name\":\"Cajas de regalo | Gesti\u00f3n de Cajas de regalo\"}]},{\"@type\":\"WebSite\",\"@id\":\"https:\/\/reservit.wagaia.com\/es\/#website\",\"url\":\"https:\/\/reservit.wagaia.com\/es\/\",\"name\":\"Reservit\",\"description\":\"Un site utilisant WordPress\",\"potentialAction\":[{\"@type\":\"SearchAction\",\"target\":{\"@type\":\"EntryPoint\",\"urlTemplate\":\"https:\/\/reservit.wagaia.com\/es\/?s={search_term_string}\"},\"query-input\":{\"@type\":\"PropertyValueSpecification\",\"valueRequired\":true,\"valueName\":\"search_term_string\"}}],\"inLanguage\":\"es\"}]}<\/script>\n<!-- \/ Yoast SEO plugin. -->","yoast_head_json":{"title":"Cajas de regalo | Gesti\u00f3n de Cajas de regalo","description":"Gesti\u00f3n de cajas regaloComercialice y administre sus cajas de regalo en su sitio web Gesti\u00f3n de tarjetas y cajas regalo para sus prestaciones y","robots":{"index":"index","follow":"follow","max-snippet":"max-snippet:-1","max-image-preview":"max-image-preview:large","max-video-preview":"max-video-preview:-1"},"canonical":"https:\/\/reservit.wagaia.com\/es\/gestion-de-cajas-de-regalo\/","og_locale":"es_ES","og_type":"article","og_title":"Cajas de regalo | Gesti\u00f3n de Cajas de regalo","og_description":"Gesti\u00f3n de cajas regaloComercialice y administre sus cajas de regalo en su sitio web Gesti\u00f3n de tarjetas y cajas regalo para sus prestaciones y","og_url":"https:\/\/reservit.wagaia.com\/es\/gestion-de-cajas-de-regalo\/","og_site_name":"Reservit","article_modified_time":"2021-08-10T12:49:00+00:00","og_image":[{"url":"https:\/\/www.reservit.com\/wp-content\/uploads\/2021\/02\/Copie-de-Design-sans-titre.jpg","type":"","width":"","height":""}],"twitter_card":"summary_large_image","twitter_misc":{"Tiempo de lectura":"1 minuto"},"schema":{"@context":"https:\/\/schema.org","@graph":[{"@type":"WebPage","@id":"https:\/\/reservit.wagaia.com\/es\/gestion-de-cajas-de-regalo\/","url":"https:\/\/reservit.wagaia.com\/es\/gestion-de-cajas-de-regalo\/","name":"Cajas de regalo | Gesti\u00f3n de Cajas de regalo","isPartOf":{"@id":"https:\/\/reservit.wagaia.com\/es\/#website"},"primaryImageOfPage":{"@id":"https:\/\/reservit.wagaia.com\/es\/gestion-de-cajas-de-regalo\/#primaryimage"},"image":{"@id":"https:\/\/reservit.wagaia.com\/es\/gestion-de-cajas-de-regalo\/#primaryimage"},"thumbnailUrl":"https:\/\/www.reservit.com\/wp-content\/uploads\/2021\/02\/Copie-de-Design-sans-titre.jpg","datePublished":"2021-01-14T14:51:10+00:00","dateModified":"2021-08-10T12:49:00+00:00","description":"Gesti\u00f3n de cajas regaloComercialice y administre sus cajas de regalo en su sitio web Gesti\u00f3n de tarjetas y cajas regalo para sus prestaciones y","breadcrumb":{"@id":"https:\/\/reservit.wagaia.com\/es\/gestion-de-cajas-de-regalo\/#breadcrumb"},"inLanguage":"es","potentialAction":[{"@type":"ReadAction","target":["https:\/\/reservit.wagaia.com\/es\/gestion-de-cajas-de-regalo\/"]}]},{"@type":"ImageObject","inLanguage":"es","@id":"https:\/\/reservit.wagaia.com\/es\/gestion-de-cajas-de-regalo\/#primaryimage","url":"https:\/\/www.reservit.com\/wp-content\/uploads\/2021\/02\/Copie-de-Design-sans-titre.jpg","contentUrl":"https:\/\/www.reservit.com\/wp-content\/uploads\/2021\/02\/Copie-de-Design-sans-titre.jpg"},{"@type":"BreadcrumbList","@id":"https:\/\/reservit.wagaia.com\/es\/gestion-de-cajas-de-regalo\/#breadcrumb","itemListElement":[{"@type":"ListItem","position":1,"name":"Accueil","item":"https:\/\/reservit.wagaia.com\/es\/"},{"@type":"ListItem","position":2,"name":"Cajas de regalo | Gesti\u00f3n de Cajas de regalo"}]},{"@type":"WebSite","@id":"https:\/\/reservit.wagaia.com\/es\/#website","url":"https:\/\/reservit.wagaia.com\/es\/","name":"Reservit","description":"Un site utilisant WordPress","potentialAction":[{"@type":"SearchAction","target":{"@type":"EntryPoint","urlTemplate":"https:\/\/reservit.wagaia.com\/es\/?s={search_term_string}"},"query-input":{"@type":"PropertyValueSpecification","valueRequired":true,"valueName":"search_term_string"}}],"inLanguage":"es"}]}},"_links":{"self":[{"href":"https:\/\/reservit.wagaia.com\/es\/wp-json\/wp\/v2\/pages\/2798","targetHints":{"allow":["GET"]}}],"collection":[{"href":"https:\/\/reservit.wagaia.com\/es\/wp-json\/wp\/v2\/pages"}],"about":[{"href":"https:\/\/reservit.wagaia.com\/es\/wp-json\/wp\/v2\/types\/page"}],"author":[{"embeddable":true,"href":"https:\/\/reservit.wagaia.com\/es\/wp-json\/wp\/v2\/users\/5"}],"replies":[{"embeddable":true,"href":"https:\/\/reservit.wagaia.com\/es\/wp-json\/wp\/v2\/comments?post=2798"}],"version-history":[{"count":0,"href":"https:\/\/reservit.wagaia.com\/es\/wp-json\/wp\/v2\/pages\/2798\/revisions"}],"wp:attachment":[{"href":"https:\/\/reservit.wagaia.com\/es\/wp-json\/wp\/v2\/media?parent=2798"}],"curies":[{"name":"wp","href":"https:\/\/api.w.org\/{rel}","templated":true}]}}