{"id":2791,"date":"2021-01-14T13:41:50","date_gmt":"2021-01-14T12:41:50","guid":{"rendered":"https:\/\/www.reservit.com\/gestion-de-plannings-activites\/"},"modified":"2021-08-10T14:41:53","modified_gmt":"2021-08-10T12:41:53","slug":"actividades-gestion-de-planificacion","status":"publish","type":"page","link":"https:\/\/reservit.wagaia.com\/es\/actividades-gestion-de-planificacion\/","title":{"rendered":""},"content":{"rendered":"<div class=\"vce-row-container\" data-vce-boxed-width=\"true\"><div class=\"vce-row vce-element--has-background vce-row--col-gap-30 page-banner vce-row-content--top\" id=\"el-eee01a32\" data-vce-do-apply=\"all el-eee01a32\"><div class=\"vce-content-background-container\"><div class=\"vce-asset-background-simple-container vce-visible-all-only vce-asset-background-simple--style-cover vce-asset-background-simple--position-center-center\"><div class=\"vce-asset-background-simple\">\n              <div class=\"vce-asset-background-simple-item vcv-lozad\" data-background-image=\"https:\/\/www.reservit.com\/wp-content\/uploads\/2021\/02\/stil-Mw9KxYkqsnk-unsplash-scaled.jpg\"><\/div>\n              <noscript>\n                <div class=\"vce-asset-background-simple-item\" style=\"background-image: url(https:\/\/www.reservit.com\/wp-content\/uploads\/2021\/02\/stil-Mw9KxYkqsnk-unsplash-scaled.jpg)\"><\/div>\n              <\/noscript>\n            <\/div><\/div><\/div><div class=\"vce-row-content\" data-vce-element-content=\"true\"><div class=\"vce-col vce-col--md-auto vce-col--xs-1 vce-col--xs-last vce-col--xs-first vce-col--sm-last vce-col--sm-first vce-col--md-last vce-col--lg-last vce-col--xl-last vce-col--md-first vce-col--lg-first vce-col--xl-first\" id=\"el-3687b84a\"><div class=\"vce-col-inner\" data-vce-do-apply=\"border margin background  el-3687b84a\"><div class=\"vce-col-content\" data-vce-element-content=\"true\" data-vce-do-apply=\"padding el-3687b84a\"><div class=\"vce-text-block banner-arrows\"><div class=\"vce-text-block-wrapper vce\" id=\"el-fe1fd225\" data-vce-do-apply=\"all el-fe1fd225\"><h1>Gesti\u00f3n de planificaci\u00f3n<\/h1><p>Gestionar sus actividades por franjas horarias en una planificaci\u00f3n electr\u00f3nica<\/p><\/div><\/div><\/div><\/div><\/div><\/div><\/div><\/div><div class=\"vce-row-container\" data-vce-boxed-width=\"true\"><div class=\"vce-row vce-row--has-col-background vce-row--col-gap-70 vce-row-equal-height vce-row-content--top\" id=\"el-dd8b2c8e\" data-vce-do-apply=\"all el-dd8b2c8e\"><div class=\"vce-content-background-container\"><\/div><div class=\"vce-row-content\" data-vce-element-content=\"true\"><div class=\"vce-col vce-element--has-background vce-col--md-56-73p vce-col--xs-1 vce-col--xs-last vce-col--xs-first vce-col--sm-last vce-col--sm-first vce-col--md-first vce-col--lg-first vce-col--xl-first\" id=\"el-309d95f4\"><div class=\"vce-col-inner\" data-vce-do-apply=\"border margin background  el-309d95f4\"><div class=\"vce-content-background-container\"><div class=\"vce-asset-background-simple-container vce-visible-all-only vce-asset-background-simple--style-cover vce-asset-background-simple--position-center-center\"><div class=\"vce-asset-background-simple\">\n              <div class=\"vce-asset-background-simple-item vcv-lozad\" data-background-image=\"https:\/\/www.reservit.com\/wp-content\/uploads\/2021\/02\/william-iven-gcsNOsPEXfs-unsplash-1-scaled.jpg\"><\/div>\n              <noscript>\n                <div class=\"vce-asset-background-simple-item\" style=\"background-image: url(https:\/\/www.reservit.com\/wp-content\/uploads\/2021\/02\/william-iven-gcsNOsPEXfs-unsplash-1-scaled.jpg)\"><\/div>\n              <\/noscript>\n            <\/div><\/div><\/div><div class=\"vce-col-content\" data-vce-element-content=\"true\" data-vce-do-apply=\"padding el-309d95f4\"><\/div><\/div><\/div><div class=\"vce-col vce-col--md-43-25p vce-col--xs-1 vce-col--xs-last vce-col--xs-first vce-col--sm-last vce-col--sm-first vce-col--md-last vce-col--lg-last vce-col--xl-last\" id=\"el-b151a1a8\"><div class=\"vce-col-inner\" data-vce-do-apply=\"border margin background  el-b151a1a8\"><div class=\"vce-col-content\" data-vce-element-content=\"true\" data-vce-do-apply=\"padding el-b151a1a8\"><div class=\"vce-text-block\"><div class=\"vce-text-block-wrapper vce\" id=\"el-bcc24724\" data-vce-do-apply=\"all el-bcc24724\"><h2 style=\"text-align: center;\">Gesti\u00f3n de actividades<\/h2><p>M\u00f3dulos de reservas para todas las estructuras que desean gestionar reservas de actividades incorporando el concepto de franjas horarias. Gestiones su planificaci\u00f3n en back office para todas sus actividades.<\/p><p>La estructura tiene a su disposici\u00f3n una planificaci\u00f3n para visualizar las reservas por recurso (sala, terreno, habitaci\u00f3n, etc.), por d\u00eda y por hora (posibilidad de dividir la visibilidad de la planificaci\u00f3n en medios d\u00edas), con dos pesta\u00f1as, para una mejor visibilidad.<\/p><\/div><\/div><\/div><\/div><\/div><div class=\"vce-col vce-col--md-auto vce-col--xs-1 vce-col--xs-last vce-col--xs-first vce-col--sm-last vce-col--sm-first vce-col--md-last vce-col--lg-last vce-col--xl-last vce-col--md-first vce-col--lg-first vce-col--xl-first\" id=\"el-d323e16d\"><div class=\"vce-col-inner\" data-vce-do-apply=\"border margin background  el-d323e16d\"><div class=\"vce-col-content\" data-vce-element-content=\"true\" data-vce-do-apply=\"padding el-d323e16d\"><div class=\"vce-empty-space-container\" id=\"el-d632a6c7\" data-vce-do-apply=\"margin el-d632a6c7\"><div class=\"vce vce-empty-space vce-empty-space--height-30px--400px--400px--400px--400px--400px\" data-vce-do-apply=\"border padding background  el-d632a6c7\"><\/div><\/div><\/div><\/div><\/div><\/div><\/div><\/div><div class=\"vce-row-container\" data-vce-boxed-width=\"true\"><div class=\"vce-row vce-row--has-col-background vce-row--col-gap-70 vce-row-equal-height vce-row-content--top vcv-state--show-resizer\" id=\"el-d246aba8\" data-vce-do-apply=\"all el-d246aba8\"><div class=\"vce-row-content\" data-vce-element-content=\"true\"><div class=\"vce-col vce-col--md-43-35p vce-col--xs-1 vce-col--xs-last vce-col--xs-first vce-col--sm-last vce-col--sm-first vce-col--md-first vce-col--lg-first vce-col--xl-first\" id=\"el-376874ee\"><div class=\"vce-col-inner\" data-vce-do-apply=\"border margin background  el-376874ee\"><div class=\"vce-col-content\" data-vce-element-content=\"true\" data-vce-do-apply=\"padding el-376874ee\"><div class=\"vce-text-block\"><div class=\"vce-text-block-wrapper vce\" id=\"el-f2adaf45\" data-vce-do-apply=\"all el-f2adaf45\"><h2 style=\"text-align: center;\">Gestione sus reservas<\/h2><p>\u00a1Se acab\u00f3 la planificaci\u00f3n en papel!<\/p><p>Horas punta, horas valle, franjas de 15, 30, 60, 90 y 120 min. Todo se puede adaptar en funci\u00f3n de su actividad y de sus necesidades. Puede gestionar sus reservas durante todo el a\u00f1o y sus tarifas seg\u00fan el nicho.<br>Controle, en la misma pantalla, la ubicaci\u00f3n de sus salas e espacios de actividad.<\/p><\/div><\/div><\/div><\/div><\/div><div class=\"vce-col vce-element--has-background vce-col--md-56-65p vce-col--xs-1 vce-col--xs-last vce-col--xs-first vce-col--sm-last vce-col--sm-first vce-col--md-last vce-col--lg-last vce-col--xl-last\" id=\"el-fba5445d\"><div class=\"vce-col-inner\" data-vce-do-apply=\"border margin background  el-fba5445d\"><div class=\"vce-content-background-container\"><div class=\"vce-asset-background-simple-container vce-visible-all-only vce-asset-background-simple--style-cover vce-asset-background-simple--position-center-bottom\"><div class=\"vce-asset-background-simple\">\n              <div class=\"vce-asset-background-simple-item vcv-lozad\" data-background-image=\"https:\/\/www.reservit.com\/wp-content\/uploads\/2021\/02\/denise-jans-p0QUpDUX8X8-unsplash-scaled.jpg\"><\/div>\n              <noscript>\n                <div class=\"vce-asset-background-simple-item\" style=\"background-image: url(https:\/\/www.reservit.com\/wp-content\/uploads\/2021\/02\/denise-jans-p0QUpDUX8X8-unsplash-scaled.jpg)\"><\/div>\n              <\/noscript>\n            <\/div><\/div><\/div><div class=\"vce-col-content\" data-vce-element-content=\"true\" data-vce-do-apply=\"padding el-fba5445d\"><\/div><\/div><\/div><\/div><\/div><\/div>\n","protected":false},"excerpt":{"rendered":"<p>Gesti\u00f3n de planificaci\u00f3nGestionar sus actividades por franjas horarias en una planificaci\u00f3n electr\u00f3nica Gesti\u00f3n de actividadesM\u00f3dulos de reservas para todas las estructuras que desean gestionar reservas de actividades incorporando el concepto de franjas horarias. Gestiones su planificaci\u00f3n en back office para todas sus actividades.La estructura tiene a su disposici\u00f3n una planificaci\u00f3n para visualizar las reservas por [&hellip;]<\/p>\n","protected":false},"author":5,"featured_media":0,"parent":0,"menu_order":0,"comment_status":"closed","ping_status":"closed","template":"","meta":{"footnotes":""},"class_list":["post-2791","page","type-page","status-publish","hentry"],"yoast_head":"<!-- This site is optimized with the Yoast SEO plugin v24.1 - https:\/\/yoast.com\/wordpress\/plugins\/seo\/ -->\n<title>Actividades | Gesti\u00f3n de planificaci\u00f3n<\/title>\n<meta name=\"description\" content=\"Gesti\u00f3n de planificaci\u00f3nGestionar sus actividades por franjas horarias en una planificaci\u00f3n electr\u00f3nica Gesti\u00f3n de actividadesM\u00f3dulos de reservas para\" \/>\n<meta name=\"robots\" content=\"index, follow, max-snippet:-1, max-image-preview:large, max-video-preview:-1\" \/>\n<link rel=\"canonical\" href=\"https:\/\/reservit.wagaia.com\/es\/actividades-gestion-de-planificacion\/\" \/>\n<meta property=\"og:locale\" content=\"es_ES\" \/>\n<meta property=\"og:type\" content=\"article\" \/>\n<meta property=\"og:title\" content=\"Actividades | Gesti\u00f3n de planificaci\u00f3n\" \/>\n<meta property=\"og:description\" content=\"Gesti\u00f3n de planificaci\u00f3nGestionar sus actividades por franjas horarias en una planificaci\u00f3n electr\u00f3nica Gesti\u00f3n de actividadesM\u00f3dulos de reservas para\" \/>\n<meta property=\"og:url\" content=\"https:\/\/reservit.wagaia.com\/es\/actividades-gestion-de-planificacion\/\" \/>\n<meta property=\"og:site_name\" content=\"Reservit\" \/>\n<meta property=\"article:modified_time\" content=\"2021-08-10T12:41:53+00:00\" \/>\n<meta name=\"twitter:card\" content=\"summary_large_image\" \/>\n<meta name=\"twitter:label1\" content=\"Tiempo de lectura\" \/>\n\t<meta name=\"twitter:data1\" content=\"1 minuto\" \/>\n<script type=\"application\/ld+json\" class=\"yoast-schema-graph\">{\"@context\":\"https:\/\/schema.org\",\"@graph\":[{\"@type\":\"WebPage\",\"@id\":\"https:\/\/reservit.wagaia.com\/es\/actividades-gestion-de-planificacion\/\",\"url\":\"https:\/\/reservit.wagaia.com\/es\/actividades-gestion-de-planificacion\/\",\"name\":\"Actividades | Gesti\u00f3n de planificaci\u00f3n\",\"isPartOf\":{\"@id\":\"https:\/\/reservit.wagaia.com\/es\/#website\"},\"datePublished\":\"2021-01-14T12:41:50+00:00\",\"dateModified\":\"2021-08-10T12:41:53+00:00\",\"description\":\"Gesti\u00f3n de planificaci\u00f3nGestionar sus actividades por franjas horarias en una planificaci\u00f3n electr\u00f3nica Gesti\u00f3n de actividadesM\u00f3dulos de reservas para\",\"breadcrumb\":{\"@id\":\"https:\/\/reservit.wagaia.com\/es\/actividades-gestion-de-planificacion\/#breadcrumb\"},\"inLanguage\":\"es\",\"potentialAction\":[{\"@type\":\"ReadAction\",\"target\":[\"https:\/\/reservit.wagaia.com\/es\/actividades-gestion-de-planificacion\/\"]}]},{\"@type\":\"BreadcrumbList\",\"@id\":\"https:\/\/reservit.wagaia.com\/es\/actividades-gestion-de-planificacion\/#breadcrumb\",\"itemListElement\":[{\"@type\":\"ListItem\",\"position\":1,\"name\":\"Accueil\",\"item\":\"https:\/\/reservit.wagaia.com\/es\/\"},{\"@type\":\"ListItem\",\"position\":2,\"name\":\"Actividades | Gesti\u00f3n de planificaci\u00f3n\"}]},{\"@type\":\"WebSite\",\"@id\":\"https:\/\/reservit.wagaia.com\/es\/#website\",\"url\":\"https:\/\/reservit.wagaia.com\/es\/\",\"name\":\"Reservit\",\"description\":\"Un site utilisant WordPress\",\"potentialAction\":[{\"@type\":\"SearchAction\",\"target\":{\"@type\":\"EntryPoint\",\"urlTemplate\":\"https:\/\/reservit.wagaia.com\/es\/?s={search_term_string}\"},\"query-input\":{\"@type\":\"PropertyValueSpecification\",\"valueRequired\":true,\"valueName\":\"search_term_string\"}}],\"inLanguage\":\"es\"}]}<\/script>\n<!-- \/ Yoast SEO plugin. -->","yoast_head_json":{"title":"Actividades | Gesti\u00f3n de planificaci\u00f3n","description":"Gesti\u00f3n de planificaci\u00f3nGestionar sus actividades por franjas horarias en una planificaci\u00f3n electr\u00f3nica Gesti\u00f3n de actividadesM\u00f3dulos de reservas para","robots":{"index":"index","follow":"follow","max-snippet":"max-snippet:-1","max-image-preview":"max-image-preview:large","max-video-preview":"max-video-preview:-1"},"canonical":"https:\/\/reservit.wagaia.com\/es\/actividades-gestion-de-planificacion\/","og_locale":"es_ES","og_type":"article","og_title":"Actividades | Gesti\u00f3n de planificaci\u00f3n","og_description":"Gesti\u00f3n de planificaci\u00f3nGestionar sus actividades por franjas horarias en una planificaci\u00f3n electr\u00f3nica Gesti\u00f3n de actividadesM\u00f3dulos de reservas para","og_url":"https:\/\/reservit.wagaia.com\/es\/actividades-gestion-de-planificacion\/","og_site_name":"Reservit","article_modified_time":"2021-08-10T12:41:53+00:00","twitter_card":"summary_large_image","twitter_misc":{"Tiempo de lectura":"1 minuto"},"schema":{"@context":"https:\/\/schema.org","@graph":[{"@type":"WebPage","@id":"https:\/\/reservit.wagaia.com\/es\/actividades-gestion-de-planificacion\/","url":"https:\/\/reservit.wagaia.com\/es\/actividades-gestion-de-planificacion\/","name":"Actividades | Gesti\u00f3n de planificaci\u00f3n","isPartOf":{"@id":"https:\/\/reservit.wagaia.com\/es\/#website"},"datePublished":"2021-01-14T12:41:50+00:00","dateModified":"2021-08-10T12:41:53+00:00","description":"Gesti\u00f3n de planificaci\u00f3nGestionar sus actividades por franjas horarias en una planificaci\u00f3n electr\u00f3nica Gesti\u00f3n de actividadesM\u00f3dulos de reservas para","breadcrumb":{"@id":"https:\/\/reservit.wagaia.com\/es\/actividades-gestion-de-planificacion\/#breadcrumb"},"inLanguage":"es","potentialAction":[{"@type":"ReadAction","target":["https:\/\/reservit.wagaia.com\/es\/actividades-gestion-de-planificacion\/"]}]},{"@type":"BreadcrumbList","@id":"https:\/\/reservit.wagaia.com\/es\/actividades-gestion-de-planificacion\/#breadcrumb","itemListElement":[{"@type":"ListItem","position":1,"name":"Accueil","item":"https:\/\/reservit.wagaia.com\/es\/"},{"@type":"ListItem","position":2,"name":"Actividades | Gesti\u00f3n de planificaci\u00f3n"}]},{"@type":"WebSite","@id":"https:\/\/reservit.wagaia.com\/es\/#website","url":"https:\/\/reservit.wagaia.com\/es\/","name":"Reservit","description":"Un site utilisant WordPress","potentialAction":[{"@type":"SearchAction","target":{"@type":"EntryPoint","urlTemplate":"https:\/\/reservit.wagaia.com\/es\/?s={search_term_string}"},"query-input":{"@type":"PropertyValueSpecification","valueRequired":true,"valueName":"search_term_string"}}],"inLanguage":"es"}]}},"_links":{"self":[{"href":"https:\/\/reservit.wagaia.com\/es\/wp-json\/wp\/v2\/pages\/2791","targetHints":{"allow":["GET"]}}],"collection":[{"href":"https:\/\/reservit.wagaia.com\/es\/wp-json\/wp\/v2\/pages"}],"about":[{"href":"https:\/\/reservit.wagaia.com\/es\/wp-json\/wp\/v2\/types\/page"}],"author":[{"embeddable":true,"href":"https:\/\/reservit.wagaia.com\/es\/wp-json\/wp\/v2\/users\/5"}],"replies":[{"embeddable":true,"href":"https:\/\/reservit.wagaia.com\/es\/wp-json\/wp\/v2\/comments?post=2791"}],"version-history":[{"count":0,"href":"https:\/\/reservit.wagaia.com\/es\/wp-json\/wp\/v2\/pages\/2791\/revisions"}],"wp:attachment":[{"href":"https:\/\/reservit.wagaia.com\/es\/wp-json\/wp\/v2\/media?parent=2791"}],"curies":[{"name":"wp","href":"https:\/\/api.w.org\/{rel}","templated":true}]}}