{"id":2789,"date":"2021-01-14T16:25:52","date_gmt":"2021-01-14T15:25:52","guid":{"rendered":"https:\/\/www.reservit.com\/connectivites-pms-hebergement\/"},"modified":"2023-02-09T15:06:06","modified_gmt":"2023-02-09T14:06:06","slug":"alojamiento-conectividad-pms","status":"publish","type":"page","link":"https:\/\/reservit.wagaia.com\/es\/alojamiento-conectividad-pms\/","title":{"rendered":""},"content":{"rendered":"<div class=\"vce-row-container\" data-vce-boxed-width=\"true\"><div class=\"vce-row vce-element--has-background vce-row--col-gap-30 page-banner vce-row-content--top\" id=\"el-94b67783\" data-vce-do-apply=\"all el-94b67783\"><div class=\"vce-content-background-container\"><div class=\"vce-asset-background-simple-container vce-visible-all-only vce-asset-background-simple--style-cover vce-asset-background-simple--position-center-top\"><div class=\"vce-asset-background-simple\">\n              <div class=\"vce-asset-background-simple-item vcv-lozad\" data-background-image=\"http:\/\/www.reservit.com\/wp-content\/uploads\/2021\/01\/iStock_68516781_MEDIUM-1500x630-1.jpg\"><\/div>\n              <noscript>\n                <div class=\"vce-asset-background-simple-item\" style=\"background-image: url(http:\/\/www.reservit.com\/wp-content\/uploads\/2021\/01\/iStock_68516781_MEDIUM-1500x630-1.jpg)\"><\/div>\n              <\/noscript>\n            <\/div><\/div><\/div><div class=\"vce-row-content\" data-vce-element-content=\"true\"><div class=\"vce-col vce-col--md-auto vce-col--xs-1 vce-col--xs-last vce-col--xs-first vce-col--sm-last vce-col--sm-first vce-col--md-last vce-col--lg-last vce-col--xl-last vce-col--md-first vce-col--lg-first vce-col--xl-first\" id=\"el-d252c871\"><div class=\"vce-col-inner\" data-vce-do-apply=\"border margin background  el-d252c871\"><div class=\"vce-col-content\" data-vce-element-content=\"true\" data-vce-do-apply=\"padding el-d252c871\"><div class=\"vce-text-block banner-arrows\"><div class=\"vce-text-block-wrapper vce\" id=\"el-c450b284\" data-vce-do-apply=\"all el-c450b284\"><h1>Conectividad PMS<\/h1><p>Vincule su programa PMS con el motor de reserva Reservit<\/p><\/div><\/div><\/div><\/div><\/div><\/div><\/div><\/div><div class=\"vce-row-container\" data-vce-boxed-width=\"true\"><div class=\"vce-row vce-row--col-gap-70 vce-row-equal-height vce-row-content--top\" id=\"el-dd8b2c8e\" data-vce-do-apply=\"all el-dd8b2c8e\"><div class=\"vce-content-background-container\"><\/div><div class=\"vce-row-content\" data-vce-element-content=\"true\"><div class=\"vce-col vce-col--md-42-85p vce-col--xs-1 vce-col--xs-last vce-col--xs-first vce-col--sm-last vce-col--sm-first vce-col--md-first vce-col--lg-first vce-col--xl-first\" id=\"el-309d95f4\"><div class=\"vce-col-inner\" data-vce-do-apply=\"border margin background  el-309d95f4\"><div class=\"vce-col-content\" data-vce-element-content=\"true\" data-vce-do-apply=\"padding el-309d95f4\"><div class=\"vce-text-block\"><div class=\"vce-text-block-wrapper vce\" id=\"el-bcc24724\" data-vce-do-apply=\"all el-bcc24724\"><h2 style=\"text-align: center;\">La conectividad PMS con Reservit Hotels<\/h2><p>Todas nuestras interfaces PMS permiten como m\u00ednimo intercambiar la siguiente informaci\u00f3n:<\/p><ul><li>La conectividad PMS permite alimentarse directamente a partir del programa de gesti\u00f3n del hotel (PMS) la disponibilidad en Reservit Hotels y recuperar las reservas directamente en el PMS.<\/li><li>Los principales PMS del mercado ya est\u00e1n conectados. M\u00e1s de 750 establecimientos han hecho la interfaz de su programa de gesti\u00f3n con Reservit.<\/li><li>La conectividad PMS permite establecer verdaderas interfaces de \u201cdos caminos\u201d asegurando la trazabilidad y fiabilidad de los intercambios.<\/li><li>La comercializaci\u00f3n en l\u00ednea del hotel tambi\u00e9n se gestiona directamente desde el programa que se usa a diario en el establecimiento. Por tanto, se hace posible dejar abiertos los canales de comercializaci\u00f3n en l\u00ednea elegidos hasta la \u00faltima habitaci\u00f3n sin riesgo de hacer una reserva doble.<\/li><\/ul><p><strong>El establecimiento de la conectividad PMS permite aumentar hasta un 25 % de volumen de reserva.<\/strong><\/p><\/div><\/div><\/div><\/div><\/div><div class=\"vce-col vce-col--md-57-13p vce-col--xs-1 vce-col--xs-last vce-col--xs-first vce-col--sm-last vce-col--sm-first vce-col--md-last vce-col--lg-last vce-col--xl-last\" id=\"el-b151a1a8\"><div class=\"vce-col-inner\" data-vce-do-apply=\"border margin background  el-b151a1a8\"><div class=\"vce-content-background-container\"><\/div><div class=\"vce-col-content\" data-vce-element-content=\"true\" data-vce-do-apply=\"padding el-b151a1a8\"><div class=\"vce-single-image-container vce-single-image--align-left\"><div class=\"vce vce-single-image-wrapper\" id=\"el-7d02af65\" data-vce-do-apply=\"all el-7d02af65\"><figure><div class=\"vce-single-image-figure-inner\" style=\"width: 548px;\"><div class=\"vce-single-image-inner vce-single-image--absolute\" style=\"width: 100%; padding-bottom: 43.7956%;\"><img loading=\"lazy\" decoding=\"async\" class=\"vce-single-image\"  width=\"548\" height=\"240\" src=\"https:\/\/www.reservit.com\/wp-content\/uploads\/2021\/01\/connectivite_pms-2.jpg\" data-img-src=\"https:\/\/www.reservit.com\/wp-content\/uploads\/2021\/01\/connectivite_pms-2.jpg\" data-attachment-id=\"169\"  alt=\"\" title=\"connectivit\u00e9_pms\" \/><\/div><\/div><figcaption hidden=\"\"><\/figcaption><\/figure><\/div><\/div><\/div><\/div><\/div><\/div><\/div><\/div><div class=\"vce-row-container\" data-vce-boxed-width=\"true\"><div class=\"vce-row vce-row--col-gap-30 vce-row-equal-height vce-row-content--top\" id=\"el-54d473c7\" data-vce-do-apply=\"all el-54d473c7\"><div class=\"vce-row-content\" data-vce-element-content=\"true\"><div class=\"vce-col vce-col--md-auto vce-col--xs-1 vce-col--xs-last vce-col--xs-first vce-col--sm-last vce-col--sm-first vce-col--md-last vce-col--lg-last vce-col--xl-last vce-col--md-first vce-col--lg-first vce-col--xl-first\" id=\"el-fe1bd923\"><div class=\"vce-col-inner\" data-vce-do-apply=\"border margin background  el-fe1bd923\"><div class=\"vce-col-content\" data-vce-element-content=\"true\" data-vce-do-apply=\"padding el-fe1bd923\"><div class=\"vce-button--style-basic-container vce-button--style-basic-container--align-center\"><span class=\"vce-button--style-basic-wrapper vce\" id=\"el-26ed6220\" data-vce-do-apply=\"margin el-26ed6220\"><a class=\"vce-button vce-button--style-basic vce-button--style-basic--border-round vce-button--style-basic--size-medium vce-button--style-basic--color-empty--b-215-21-92\" href=\"https:\/\/www.reservit.com\/es\/socios-pms-tms\/\" title=\"\" data-vce-do-apply=\"padding border background  el-26ed6220\">Ver nuestros socios PMS<\/a><\/span><\/div><\/div><\/div><\/div><\/div><\/div><\/div><div class=\"vce-row-container\" data-vce-boxed-width=\"true\"><div class=\"vce-row vce-row--has-col-background vce-row--col-gap-70 vce-row-equal-height vce-row-content--top\" id=\"el-fbdf9faf\" data-vce-do-apply=\"all el-fbdf9faf\"><div class=\"vce-content-background-container\"><\/div><div class=\"vce-row-content\" data-vce-element-content=\"true\"><div class=\"vce-col vce-element--has-background vce-col--md-57-32p vce-col--xs-1 vce-col--xs-last vce-col--xs-first vce-col--sm-last vce-col--sm-first vce-col--md-first vce-col--lg-first vce-col--xl-first\" id=\"el-967df686\"><div class=\"vce-col-inner\" data-vce-do-apply=\"border margin background  el-967df686\"><div class=\"vce-content-background-container\"><div class=\"vce-asset-background-simple-container vce-visible-all-only vce-asset-background-simple--style-cover vce-asset-background-simple--position-center-top\"><div class=\"vce-asset-background-simple\">\n              <div class=\"vce-asset-background-simple-item vcv-lozad\" data-background-image=\"https:\/\/www.reservit.com\/wp-content\/uploads\/2021\/01\/OAV9EA0-1030x740-1.jpg\"><\/div>\n              <noscript>\n                <div class=\"vce-asset-background-simple-item\" style=\"background-image: url(https:\/\/www.reservit.com\/wp-content\/uploads\/2021\/01\/OAV9EA0-1030x740-1.jpg)\"><\/div>\n              <\/noscript>\n            <\/div><\/div><\/div><div class=\"vce-col-content\" data-vce-element-content=\"true\" data-vce-do-apply=\"padding el-967df686\"><div><\/div><\/div><\/div><\/div><div class=\"vce-col vce-col--md-42-66p vce-col--xs-1 vce-col--xs-last vce-col--xs-first vce-col--sm-last vce-col--sm-first vce-col--md-last vce-col--lg-last vce-col--xl-last\" id=\"el-7d64941f\"><div class=\"vce-col-inner\" data-vce-do-apply=\"border margin background  el-7d64941f\"><div class=\"vce-content-background-container\"><\/div><div class=\"vce-col-content\" data-vce-element-content=\"true\" data-vce-do-apply=\"padding el-7d64941f\"><div class=\"vce-text-block\"><div class=\"vce-text-block-wrapper vce\" id=\"el-efba6a15\" data-vce-do-apply=\"all el-efba6a15\"><h2 style=\"text-align: center;\">\u00bfQu\u00e9 es un PMS?<\/h2><p>Se trata de un sistema global que gestiona su hotel. La conectividad con nuestros socios PMS le permite ahorrar tiempo, as\u00ed como una actualizaci\u00f3n \u00f3ptima.<\/p><h2 style=\"text-align: center;\">Los ventajens<\/h2><ul><li>Creaci\u00f3n de habitaciones<\/li><li>Actualizaci\u00f3n de precios autom\u00e1tica<\/li><li>Actualizaci\u00f3n de stock autom\u00e1tica<\/li><li>Creaci\u00f3n de la reserva<\/li><li>Modificaci\u00f3n de la reserva<\/li><li>Anulaci\u00f3n de la reserva<\/li><\/ul><\/div><\/div><\/div><\/div><\/div><\/div><\/div><\/div>","protected":false},"excerpt":{"rendered":"<p>Conectividad PMSVincule su programa PMS con el motor de reserva ReservitLa conectividad PMS con Reservit HotelsTodas nuestras interfaces PMS permiten como m\u00ednimo intercambiar la siguiente informaci\u00f3n:La conectividad PMS permite alimentarse directamente a partir del programa de gesti\u00f3n del hotel (PMS) la disponibilidad en Reservit Hotels y recuperar las reservas directamente en el PMS.Los principales PMS [&hellip;]<\/p>\n","protected":false},"author":5,"featured_media":0,"parent":0,"menu_order":0,"comment_status":"closed","ping_status":"closed","template":"","meta":{"footnotes":""},"class_list":["post-2789","page","type-page","status-publish","hentry"],"yoast_head":"<!-- This site is optimized with the Yoast SEO plugin v24.1 - https:\/\/yoast.com\/wordpress\/plugins\/seo\/ -->\n<title>Alojamiento | Conectividad PMS<\/title>\n<meta name=\"description\" content=\"Conectividad PMSVincule su programa PMS con el motor de reserva ReservitLa conectividad PMS con Reservit HotelsTodas nuestras interfaces PMS permiten como\" \/>\n<meta name=\"robots\" content=\"index, follow, max-snippet:-1, max-image-preview:large, max-video-preview:-1\" \/>\n<link rel=\"canonical\" href=\"https:\/\/reservit.wagaia.com\/es\/alojamiento-conectividad-pms\/\" \/>\n<meta property=\"og:locale\" content=\"es_ES\" \/>\n<meta property=\"og:type\" content=\"article\" \/>\n<meta property=\"og:title\" content=\"Alojamiento | Conectividad PMS\" \/>\n<meta property=\"og:description\" content=\"Conectividad PMSVincule su programa PMS con el motor de reserva ReservitLa conectividad PMS con Reservit HotelsTodas nuestras interfaces PMS permiten como\" \/>\n<meta property=\"og:url\" content=\"https:\/\/reservit.wagaia.com\/es\/alojamiento-conectividad-pms\/\" \/>\n<meta property=\"og:site_name\" content=\"Reservit\" \/>\n<meta property=\"article:modified_time\" content=\"2023-02-09T14:06:06+00:00\" \/>\n<meta property=\"og:image\" content=\"https:\/\/www.reservit.com\/wp-content\/uploads\/2021\/01\/connectivite_pms-2.jpg\" \/>\n<meta name=\"twitter:card\" content=\"summary_large_image\" \/>\n<meta name=\"twitter:label1\" content=\"Tiempo de lectura\" \/>\n\t<meta name=\"twitter:data1\" content=\"1 minuto\" \/>\n<script type=\"application\/ld+json\" class=\"yoast-schema-graph\">{\"@context\":\"https:\/\/schema.org\",\"@graph\":[{\"@type\":\"WebPage\",\"@id\":\"https:\/\/reservit.wagaia.com\/es\/alojamiento-conectividad-pms\/\",\"url\":\"https:\/\/reservit.wagaia.com\/es\/alojamiento-conectividad-pms\/\",\"name\":\"Alojamiento | Conectividad PMS\",\"isPartOf\":{\"@id\":\"https:\/\/reservit.wagaia.com\/es\/#website\"},\"primaryImageOfPage\":{\"@id\":\"https:\/\/reservit.wagaia.com\/es\/alojamiento-conectividad-pms\/#primaryimage\"},\"image\":{\"@id\":\"https:\/\/reservit.wagaia.com\/es\/alojamiento-conectividad-pms\/#primaryimage\"},\"thumbnailUrl\":\"https:\/\/www.reservit.com\/wp-content\/uploads\/2021\/01\/connectivite_pms-2.jpg\",\"datePublished\":\"2021-01-14T15:25:52+00:00\",\"dateModified\":\"2023-02-09T14:06:06+00:00\",\"description\":\"Conectividad PMSVincule su programa PMS con el motor de reserva ReservitLa conectividad PMS con Reservit HotelsTodas nuestras interfaces PMS permiten como\",\"breadcrumb\":{\"@id\":\"https:\/\/reservit.wagaia.com\/es\/alojamiento-conectividad-pms\/#breadcrumb\"},\"inLanguage\":\"es\",\"potentialAction\":[{\"@type\":\"ReadAction\",\"target\":[\"https:\/\/reservit.wagaia.com\/es\/alojamiento-conectividad-pms\/\"]}]},{\"@type\":\"ImageObject\",\"inLanguage\":\"es\",\"@id\":\"https:\/\/reservit.wagaia.com\/es\/alojamiento-conectividad-pms\/#primaryimage\",\"url\":\"https:\/\/www.reservit.com\/wp-content\/uploads\/2021\/01\/connectivite_pms-2.jpg\",\"contentUrl\":\"https:\/\/www.reservit.com\/wp-content\/uploads\/2021\/01\/connectivite_pms-2.jpg\"},{\"@type\":\"BreadcrumbList\",\"@id\":\"https:\/\/reservit.wagaia.com\/es\/alojamiento-conectividad-pms\/#breadcrumb\",\"itemListElement\":[{\"@type\":\"ListItem\",\"position\":1,\"name\":\"Accueil\",\"item\":\"https:\/\/reservit.wagaia.com\/es\/\"},{\"@type\":\"ListItem\",\"position\":2,\"name\":\"Alojamiento | Conectividad PMS\"}]},{\"@type\":\"WebSite\",\"@id\":\"https:\/\/reservit.wagaia.com\/es\/#website\",\"url\":\"https:\/\/reservit.wagaia.com\/es\/\",\"name\":\"Reservit\",\"description\":\"Un site utilisant WordPress\",\"potentialAction\":[{\"@type\":\"SearchAction\",\"target\":{\"@type\":\"EntryPoint\",\"urlTemplate\":\"https:\/\/reservit.wagaia.com\/es\/?s={search_term_string}\"},\"query-input\":{\"@type\":\"PropertyValueSpecification\",\"valueRequired\":true,\"valueName\":\"search_term_string\"}}],\"inLanguage\":\"es\"}]}<\/script>\n<!-- \/ Yoast SEO plugin. -->","yoast_head_json":{"title":"Alojamiento | Conectividad PMS","description":"Conectividad PMSVincule su programa PMS con el motor de reserva ReservitLa conectividad PMS con Reservit HotelsTodas nuestras interfaces PMS permiten como","robots":{"index":"index","follow":"follow","max-snippet":"max-snippet:-1","max-image-preview":"max-image-preview:large","max-video-preview":"max-video-preview:-1"},"canonical":"https:\/\/reservit.wagaia.com\/es\/alojamiento-conectividad-pms\/","og_locale":"es_ES","og_type":"article","og_title":"Alojamiento | Conectividad PMS","og_description":"Conectividad PMSVincule su programa PMS con el motor de reserva ReservitLa conectividad PMS con Reservit HotelsTodas nuestras interfaces PMS permiten como","og_url":"https:\/\/reservit.wagaia.com\/es\/alojamiento-conectividad-pms\/","og_site_name":"Reservit","article_modified_time":"2023-02-09T14:06:06+00:00","og_image":[{"url":"https:\/\/www.reservit.com\/wp-content\/uploads\/2021\/01\/connectivite_pms-2.jpg","type":"","width":"","height":""}],"twitter_card":"summary_large_image","twitter_misc":{"Tiempo de lectura":"1 minuto"},"schema":{"@context":"https:\/\/schema.org","@graph":[{"@type":"WebPage","@id":"https:\/\/reservit.wagaia.com\/es\/alojamiento-conectividad-pms\/","url":"https:\/\/reservit.wagaia.com\/es\/alojamiento-conectividad-pms\/","name":"Alojamiento | Conectividad PMS","isPartOf":{"@id":"https:\/\/reservit.wagaia.com\/es\/#website"},"primaryImageOfPage":{"@id":"https:\/\/reservit.wagaia.com\/es\/alojamiento-conectividad-pms\/#primaryimage"},"image":{"@id":"https:\/\/reservit.wagaia.com\/es\/alojamiento-conectividad-pms\/#primaryimage"},"thumbnailUrl":"https:\/\/www.reservit.com\/wp-content\/uploads\/2021\/01\/connectivite_pms-2.jpg","datePublished":"2021-01-14T15:25:52+00:00","dateModified":"2023-02-09T14:06:06+00:00","description":"Conectividad PMSVincule su programa PMS con el motor de reserva ReservitLa conectividad PMS con Reservit HotelsTodas nuestras interfaces PMS permiten como","breadcrumb":{"@id":"https:\/\/reservit.wagaia.com\/es\/alojamiento-conectividad-pms\/#breadcrumb"},"inLanguage":"es","potentialAction":[{"@type":"ReadAction","target":["https:\/\/reservit.wagaia.com\/es\/alojamiento-conectividad-pms\/"]}]},{"@type":"ImageObject","inLanguage":"es","@id":"https:\/\/reservit.wagaia.com\/es\/alojamiento-conectividad-pms\/#primaryimage","url":"https:\/\/www.reservit.com\/wp-content\/uploads\/2021\/01\/connectivite_pms-2.jpg","contentUrl":"https:\/\/www.reservit.com\/wp-content\/uploads\/2021\/01\/connectivite_pms-2.jpg"},{"@type":"BreadcrumbList","@id":"https:\/\/reservit.wagaia.com\/es\/alojamiento-conectividad-pms\/#breadcrumb","itemListElement":[{"@type":"ListItem","position":1,"name":"Accueil","item":"https:\/\/reservit.wagaia.com\/es\/"},{"@type":"ListItem","position":2,"name":"Alojamiento | Conectividad PMS"}]},{"@type":"WebSite","@id":"https:\/\/reservit.wagaia.com\/es\/#website","url":"https:\/\/reservit.wagaia.com\/es\/","name":"Reservit","description":"Un site utilisant WordPress","potentialAction":[{"@type":"SearchAction","target":{"@type":"EntryPoint","urlTemplate":"https:\/\/reservit.wagaia.com\/es\/?s={search_term_string}"},"query-input":{"@type":"PropertyValueSpecification","valueRequired":true,"valueName":"search_term_string"}}],"inLanguage":"es"}]}},"_links":{"self":[{"href":"https:\/\/reservit.wagaia.com\/es\/wp-json\/wp\/v2\/pages\/2789","targetHints":{"allow":["GET"]}}],"collection":[{"href":"https:\/\/reservit.wagaia.com\/es\/wp-json\/wp\/v2\/pages"}],"about":[{"href":"https:\/\/reservit.wagaia.com\/es\/wp-json\/wp\/v2\/types\/page"}],"author":[{"embeddable":true,"href":"https:\/\/reservit.wagaia.com\/es\/wp-json\/wp\/v2\/users\/5"}],"replies":[{"embeddable":true,"href":"https:\/\/reservit.wagaia.com\/es\/wp-json\/wp\/v2\/comments?post=2789"}],"version-history":[{"count":0,"href":"https:\/\/reservit.wagaia.com\/es\/wp-json\/wp\/v2\/pages\/2789\/revisions"}],"wp:attachment":[{"href":"https:\/\/reservit.wagaia.com\/es\/wp-json\/wp\/v2\/media?parent=2789"}],"curies":[{"name":"wp","href":"https:\/\/api.w.org\/{rel}","templated":true}]}}