{"id":2786,"date":"2021-01-15T15:26:02","date_gmt":"2021-01-15T14:26:02","guid":{"rendered":"https:\/\/www.reservit.com\/hebergement-avis-clients\/"},"modified":"2023-02-09T15:05:44","modified_gmt":"2023-02-09T14:05:44","slug":"alojamiento-reputacion-online","status":"publish","type":"page","link":"https:\/\/reservit.wagaia.com\/es\/alojamiento-reputacion-online\/","title":{"rendered":""},"content":{"rendered":"<div class=\"vce-row-container\" data-vce-boxed-width=\"true\"><div class=\"vce-row vce-element--has-background vce-row--col-gap-30 page-banner vce-row-content--top\" id=\"el-94b67783\" data-vce-do-apply=\"all el-94b67783\"><div class=\"vce-content-background-container\"><div class=\"vce-asset-background-simple-container vce-visible-all-only vce-asset-background-simple--style-cover vce-asset-background-simple--position-left-bottom\"><div class=\"vce-asset-background-simple\">\n              <div class=\"vce-asset-background-simple-item vcv-lozad\" data-background-image=\"https:\/\/www.reservit.com\/wp-content\/uploads\/2021\/01\/avis_client-1-1500x565-1.jpg\"><\/div>\n              <noscript>\n                <div class=\"vce-asset-background-simple-item\" style=\"background-image: url(https:\/\/www.reservit.com\/wp-content\/uploads\/2021\/01\/avis_client-1-1500x565-1.jpg)\"><\/div>\n              <\/noscript>\n            <\/div><\/div><\/div><div class=\"vce-row-content\" data-vce-element-content=\"true\"><div class=\"vce-col vce-col--md-auto vce-col--xs-1 vce-col--xs-last vce-col--xs-first vce-col--sm-last vce-col--sm-first vce-col--md-last vce-col--lg-last vce-col--xl-last vce-col--md-first vce-col--lg-first vce-col--xl-first\" id=\"el-d252c871\"><div class=\"vce-col-inner\" data-vce-do-apply=\"border margin background  el-d252c871\"><div class=\"vce-col-content\" data-vce-element-content=\"true\" data-vce-do-apply=\"padding el-d252c871\"><div class=\"vce-text-block banner-arrows\"><div class=\"vce-text-block-wrapper vce\" id=\"el-c450b284\" data-vce-do-apply=\"all el-c450b284\"><h1>Opini\u00f3n de los clientes<\/h1><p>Herramienta de satisfacci\u00f3n de sus alojamientos<\/p><\/div><\/div><\/div><\/div><\/div><\/div><\/div><\/div><div class=\"vce-row-container\" data-vce-boxed-width=\"true\"><div class=\"vce-row vce-row--col-gap-30 vce-row-equal-height vce-row-content--top\" id=\"el-adf4a92b\" data-vce-do-apply=\"all el-adf4a92b\"><div class=\"vce-row-content\" data-vce-element-content=\"true\"><div class=\"vce-col vce-col--md-auto vce-col--xs-1 vce-col--xs-last vce-col--xs-first vce-col--sm-last vce-col--sm-first vce-col--md-last vce-col--lg-last vce-col--xl-last vce-col--md-first vce-col--lg-first vce-col--xl-first\" id=\"el-b294a653\"><div class=\"vce-col-inner\" data-vce-do-apply=\"border margin background  el-b294a653\"><div class=\"vce-col-content\" data-vce-element-content=\"true\" data-vce-do-apply=\"padding el-b294a653\"><div class=\"vce-text-block\"><div class=\"vce-text-block-wrapper vce\" id=\"el-ccb9539e\" data-vce-do-apply=\"all el-ccb9539e\"><h2 style=\"text-align: center;\"><span style=\"font-size: 24pt;\">Controle su reputaci\u00f3n electronica gracias a las opiniones de sus clientes&nbsp;<\/span><\/h2><\/div><\/div><\/div><\/div><\/div><\/div><\/div><\/div><div class=\"vce-row-container\" data-vce-boxed-width=\"true\"><div class=\"vce-row vce-row--col-gap-70 vce-row-equal-height vce-row-content--top\" id=\"el-dd8b2c8e\" data-vce-do-apply=\"all el-dd8b2c8e\"><div class=\"vce-content-background-container\"><\/div><div class=\"vce-row-content\" data-vce-element-content=\"true\"><div class=\"vce-col vce-col--md-42-77p vce-col--xs-1 vce-col--xs-last vce-col--xs-first vce-col--sm-last vce-col--sm-first vce-col--md-first vce-col--lg-first vce-col--xl-first\" id=\"el-309d95f4\"><div class=\"vce-col-inner\" data-vce-do-apply=\"border margin background  el-309d95f4\"><div class=\"vce-col-content\" data-vce-element-content=\"true\" data-vce-do-apply=\"padding el-309d95f4\"><div class=\"vce-text-block\"><div class=\"vce-text-block-wrapper vce\" id=\"el-e7f9d12f\" data-vce-do-apply=\"all el-e7f9d12f\"><h2 style=\"text-align: center;\"><br>\u00bfPor qu\u00e9 gestionar su reputaci\u00f3n electr\u00f3nica?<\/h2><p>La reputaci\u00f3n electr\u00f3nica crea la imagen de su hotel e influye directamente sobre su posicionamiento estrat\u00e9gico, sobre las reservas y, por tanto, sobre su volumen de negocios.<\/p><p>Para cerca del 80 % de los compradores a trav\u00e9s de Internet, las opiniones de los clientes son un elemento determinante en la decisi\u00f3n de compra. Con o sin su intervenci\u00f3n, sus clientes hablar\u00e1n de usted. Resulta fundamental gestionar su reputaci\u00f3n electr\u00f3nica y las opiniones de los clientes.<br>Uno de cada dos viajeros no reservar\u00e1 un hotel que no tenga opiniones de clientes en su sitio web.<\/p><p>Por tanto, el control de la reputaci\u00f3n en Internet resulta fundamental para el hotel, por una parte para tranquilizar a los internautas y, por otra, para controlar el efecto perjudicial de opiniones negativos en la web.<\/p><\/div><\/div><\/div><\/div><\/div><div class=\"vce-col vce-col--md-57-21p vce-col--xs-1 vce-col--xs-last vce-col--xs-first vce-col--sm-last vce-col--sm-first vce-col--md-last vce-col--lg-last vce-col--xl-last\" id=\"el-b151a1a8\"><div class=\"vce-col-inner\" data-vce-do-apply=\"border margin background  el-b151a1a8\"><div class=\"vce-col-content\" data-vce-element-content=\"true\" data-vce-do-apply=\"padding el-b151a1a8\"><div class=\"vce-single-image-container vce-single-image--align-center\"><div class=\"vce vce-single-image-wrapper\" id=\"el-9e12a048\" data-vce-do-apply=\"all el-9e12a048\"><figure><div class=\"vce-single-image-figure-inner\" style=\"width: 1030px;\"><div class=\"vce-single-image-inner vce-single-image--absolute\" style=\"width: 100%; padding-bottom: 85.0485%;\"><img decoding=\"async\" class=\"vce-single-image\" src=\"https:\/\/www.reservit.com\/wp-content\/uploads\/2021\/01\/mise_en_scene_RIT_satisfaction-1030x876-1.png\" data-img-src=\"https:\/\/www.reservit.com\/wp-content\/uploads\/2021\/01\/mise_en_scene_RIT_satisfaction-1030x876-1.png\" data-attachment-id=\"213\" alt=\"\" title=\"mise_en_scene_RIT_satisfaction-1030x876\"><\/div><\/div><figcaption hidden=\"\"><\/figcaption><\/figure><\/div><\/div><\/div><\/div><\/div><\/div><\/div><\/div><div class=\"vce-row-container\" data-vce-boxed-width=\"true\"><div class=\"vce-row vce-row--has-col-background vce-row--col-gap-30 vce-row-equal-height vce-row-content--top\" id=\"el-317d36f9\" data-vce-do-apply=\"all el-317d36f9\"><div class=\"vce-row-content\" data-vce-element-content=\"true\"><div class=\"vce-col vce-element--has-background vce-col--md-56-54p vce-col--xs-1 vce-col--xs-last vce-col--xs-first vce-col--sm-last vce-col--sm-first vce-col--md-first vce-col--lg-first vce-col--xl-first\" id=\"el-c881cefe\"><div class=\"vce-col-inner\" data-vce-do-apply=\"border margin background  el-c881cefe\"><div class=\"vce-content-background-container\"><div class=\"vce-asset-background-simple-container vce-visible-all-only vce-asset-background-simple--style-cover vce-asset-background-simple--position-center-top\"><div class=\"vce-asset-background-simple\">\n              <div class=\"vce-asset-background-simple-item vcv-lozad\" data-background-image=\"https:\/\/www.reservit.com\/wp-content\/uploads\/2021\/01\/avis_client_statistique.jpg\"><\/div>\n              <noscript>\n                <div class=\"vce-asset-background-simple-item\" style=\"background-image: url(https:\/\/www.reservit.com\/wp-content\/uploads\/2021\/01\/avis_client_statistique.jpg)\"><\/div>\n              <\/noscript>\n            <\/div><\/div><\/div><div class=\"vce-col-content\" data-vce-element-content=\"true\" data-vce-do-apply=\"padding el-c881cefe\"><div><\/div><\/div><\/div><\/div><div class=\"vce-col vce-col--md-43-46p vce-col--xs-1 vce-col--xs-last vce-col--xs-first vce-col--sm-last vce-col--sm-first vce-col--md-last vce-col--lg-last vce-col--xl-last\" id=\"el-0a4b67f0\"><div class=\"vce-col-inner\" data-vce-do-apply=\"border margin background  el-0a4b67f0\"><div class=\"vce-col-content\" data-vce-element-content=\"true\" data-vce-do-apply=\"padding el-0a4b67f0\"><div class=\"vce-text-block\"><div class=\"vce-text-block-wrapper vce\" id=\"el-d7f75022\" data-vce-do-apply=\"all el-d7f75022\"><h2 style=\"text-align: center;\">Una herramienta imprescindible para medir la satisfacci\u00f3n de los clientes<\/h2><p>La herramienta de satisfacci\u00f3n de los clientes Reservit tiene como fin permitir que el hotel aumente su visibilidad y favorecer las reservas directas de los internautas.<\/p><p>Un d\u00eda despu\u00e9s de la salida del cliente, se recogen las opiniones gracias a un cuestionario enviado por correo electr\u00f3nico. En un abrir y cerrar de ojos, el hotel puede visualizar sus puntos fuertes e identificar las \u00e1reas que hay que mejorar.<\/p><p>Una vez recopiladas y moderadas, las opiniones de los clientes se publican en el sitio de Internet del hotel y en TripAdvisor, en particular, sin duplicar el contenido, gracias a contratos de difusi\u00f3n especialmente negociados.<\/p><\/div><\/div><\/div><\/div><\/div><\/div><\/div><\/div><div class=\"vce-row-container\" data-vce-boxed-width=\"true\"><div class=\"vce-row vce-row--col-gap-30 vce-row-equal-height vce-row-content--top\" id=\"el-f86210a1\" data-vce-do-apply=\"all el-f86210a1\"><div class=\"vce-row-content\" data-vce-element-content=\"true\"><div class=\"vce-col vce-col--md-auto vce-col--xs-1 vce-col--xs-last vce-col--xs-first vce-col--sm-last vce-col--sm-first vce-col--md-last vce-col--lg-last vce-col--xl-last vce-col--md-first vce-col--lg-first vce-col--xl-first\" id=\"el-934f316d\"><div class=\"vce-col-inner\" data-vce-do-apply=\"border margin background  el-934f316d\"><div class=\"vce-col-content\" data-vce-element-content=\"true\" data-vce-do-apply=\"padding el-934f316d\"><div class=\"vce-text-block\"><div class=\"vce-text-block-wrapper vce\" id=\"el-28fca9f6\" data-vce-do-apply=\"all el-28fca9f6\"><h2 style=\"text-align: center;\">&nbsp;Las ventajas Reservit<\/h2><\/div><\/div><\/div><\/div><\/div><\/div><\/div><\/div><div class=\"vce-row-container\" data-vce-boxed-width=\"true\"><div class=\"vce-row vce-row--col-gap-30 fancy-bloc vce-row-equal-height vce-row-content--top\" id=\"el-f6169b3a\" data-vce-do-apply=\"all el-f6169b3a\"><div class=\"vce-content-background-container\"><\/div><div class=\"vce-row-content\" data-vce-element-content=\"true\"><div class=\"vce-col vce-col--md-auto vce-col--xs-1 vce-col--xs-last vce-col--xs-first vce-col--sm-last vce-col--sm-first vce-col--md-first vce-col--lg-first vce-col--xl-first\" id=\"el-bf28c898\"><div class=\"vce-col-inner\" data-vce-do-apply=\"border margin background  el-bf28c898\"><div class=\"vce-col-content\" data-vce-element-content=\"true\" data-vce-do-apply=\"padding el-bf28c898\"><div class=\"vce-text-block\"><div class=\"vce-text-block-wrapper vce\" id=\"el-fa9c4911\" data-vce-do-apply=\"all el-fa9c4911\"><p><img loading=\"lazy\" decoding=\"async\" class=\"alignnone wp-image-37 size-full\" src=\"https:\/\/www.reservit.com\/wp-content\/uploads\/2021\/01\/picto3.png\" alt=\"\" width=\"95\" height=\"82\">&nbsp; &nbsp;<span style=\"font-size: 14pt;\"><strong>Tras la estancia<\/strong><\/span><\/p><\/div><\/div><div class=\"vce-row-container\" data-vce-boxed-width=\"true\"><div class=\"vce-row vce-row--col-gap-30 vce-row-equal-height vce-row-content--top\" id=\"el-59602c0c\" data-vce-do-apply=\"all el-59602c0c\"><div class=\"vce-row-content\" data-vce-element-content=\"true\"><div class=\"vce-col vce-col--md-auto vce-col--xs-1 vce-col--xs-last vce-col--xs-first vce-col--sm-last vce-col--sm-first vce-col--md-last vce-col--lg-last vce-col--xl-last vce-col--md-first vce-col--lg-first vce-col--xl-first\" id=\"el-e36149dc\"><div class=\"vce-col-inner\" data-vce-do-apply=\"border margin background  el-e36149dc\"><div class=\"vce-col-content\" data-vce-element-content=\"true\" data-vce-do-apply=\"padding el-e36149dc\"><div class=\"vce-text-block\"><div class=\"vce-text-block-wrapper vce\" id=\"el-8bea0dd9\" data-vce-do-apply=\"all el-8bea0dd9\"><p>La solicitud de la opini\u00f3n del cliente se env\u00eda autom\u00e1ticamente por correo electr\u00f3nico una vez finalizada las estancia<\/p><\/div><\/div><\/div><\/div><\/div><\/div><\/div><\/div><\/div><\/div><\/div><div class=\"vce-col vce-col--md-auto vce-col--xs-1 vce-col--xs-last vce-col--xs-first vce-col--sm-last vce-col--sm-first\" id=\"el-1adab886\"><div class=\"vce-col-inner\" data-vce-do-apply=\"border margin background  el-1adab886\"><div class=\"vce-col-content\" data-vce-element-content=\"true\" data-vce-do-apply=\"padding el-1adab886\"><div class=\"vce-text-block\"><div class=\"vce-text-block-wrapper vce\" id=\"el-96d38e8b\" data-vce-do-apply=\"all el-96d38e8b\"><p><img loading=\"lazy\" decoding=\"async\" class=\"alignnone wp-image-36 size-full\" src=\"https:\/\/www.reservit.com\/wp-content\/uploads\/2021\/01\/picto2.png\" alt=\"\" width=\"90\" height=\"63\">&nbsp; &nbsp;<span style=\"font-size: 14pt;\"><strong>Moderaci\u00f3n<\/strong><\/span><\/p><\/div><\/div><div class=\"vce-row-container\" data-vce-boxed-width=\"true\"><div class=\"vce-row vce-row--col-gap-30 vce-row-equal-height vce-row-content--top\" id=\"el-477a69b9\" data-vce-do-apply=\"all el-477a69b9\"><div class=\"vce-row-content\" data-vce-element-content=\"true\"><div class=\"vce-col vce-col--md-auto vce-col--xs-1 vce-col--xs-last vce-col--xs-first vce-col--sm-last vce-col--sm-first vce-col--md-last vce-col--lg-last vce-col--xl-last vce-col--md-first vce-col--lg-first vce-col--xl-first\" id=\"el-9be52235\"><div class=\"vce-col-inner\" data-vce-do-apply=\"border margin background  el-9be52235\"><div class=\"vce-col-content\" data-vce-element-content=\"true\" data-vce-do-apply=\"padding el-9be52235\"><div class=\"vce-text-block\"><div class=\"vce-text-block-wrapper vce\" id=\"el-28382a63\" data-vce-do-apply=\"all el-28382a63\"><p>Moderaci\u00f3n semiautom\u00e1tica<\/p><\/div><\/div><\/div><\/div><\/div><\/div><\/div><\/div><\/div><\/div><\/div><div class=\"vce-col vce-col--md-auto vce-col--xs-1 vce-col--xs-last vce-col--xs-first vce-col--sm-last vce-col--sm-first vce-col--md-last vce-col--lg-last vce-col--xl-last\" id=\"el-d0c0be51\"><div class=\"vce-col-inner\" data-vce-do-apply=\"border margin background  el-d0c0be51\"><div class=\"vce-col-content\" data-vce-element-content=\"true\" data-vce-do-apply=\"padding el-d0c0be51\"><div class=\"vce-text-block\"><div class=\"vce-text-block-wrapper vce\" id=\"el-33dff052\" data-vce-do-apply=\"all el-33dff052\"><p><img loading=\"lazy\" decoding=\"async\" class=\"alignnone size-full wp-image-30\" src=\"https:\/\/www.reservit.com\/wp-content\/uploads\/2021\/01\/demo.png\" alt=\"\" width=\"87\" height=\"87\">&nbsp; &nbsp;<strong><span style=\"font-size: 14pt;\">Sitio web de opiniones<\/span><\/strong><\/p><\/div><\/div><div class=\"vce-row-container\" data-vce-boxed-width=\"true\"><div class=\"vce-row vce-row--col-gap-30 vce-row-equal-height vce-row-content--top\" id=\"el-1602b982\" data-vce-do-apply=\"all el-1602b982\"><div class=\"vce-row-content\" data-vce-element-content=\"true\"><div class=\"vce-col vce-col--md-auto vce-col--xs-1 vce-col--xs-last vce-col--xs-first vce-col--sm-last vce-col--sm-first vce-col--md-last vce-col--lg-last vce-col--xl-last vce-col--md-first vce-col--lg-first vce-col--xl-first\" id=\"el-c7eb47bd\"><div class=\"vce-col-inner\" data-vce-do-apply=\"border margin background  el-c7eb47bd\"><div class=\"vce-col-content\" data-vce-element-content=\"true\" data-vce-do-apply=\"padding el-c7eb47bd\"><div class=\"vce-text-block\"><div class=\"vce-text-block-wrapper vce\" id=\"el-39a878b1\" data-vce-do-apply=\"all el-39a878b1\"><p>Publicaci\u00f3n en su sitio web y en los sitios de opiniones de colaboradores<\/p><\/div><\/div><\/div><\/div><\/div><\/div><\/div><\/div><\/div><\/div><\/div><\/div><\/div><\/div>","protected":false},"excerpt":{"rendered":"<p>Opini\u00f3n de los clientesHerramienta de satisfacci\u00f3n de sus alojamientosControle su reputaci\u00f3n electronica gracias a las opiniones de sus clientes&nbsp;\u00bfPor qu\u00e9 gestionar su reputaci\u00f3n electr\u00f3nica?La reputaci\u00f3n electr\u00f3nica crea la imagen de su hotel e influye directamente sobre su posicionamiento estrat\u00e9gico, sobre las reservas y, por tanto, sobre su volumen de negocios.Para cerca del 80 % de [&hellip;]<\/p>\n","protected":false},"author":5,"featured_media":0,"parent":0,"menu_order":0,"comment_status":"closed","ping_status":"closed","template":"","meta":{"footnotes":""},"class_list":["post-2786","page","type-page","status-publish","hentry"],"yoast_head":"<!-- This site is optimized with the Yoast SEO plugin v24.1 - https:\/\/yoast.com\/wordpress\/plugins\/seo\/ -->\n<title>Alojamiento | Reputaci\u00f3n Online<\/title>\n<meta name=\"description\" content=\"Opini\u00f3n de los clientesHerramienta de satisfacci\u00f3n de sus alojamientosControle su reputaci\u00f3n electronica gracias a las opiniones de sus clientes&nbsp;\u00bfPor\" \/>\n<meta name=\"robots\" content=\"index, follow, max-snippet:-1, max-image-preview:large, max-video-preview:-1\" \/>\n<link rel=\"canonical\" href=\"https:\/\/reservit.wagaia.com\/es\/alojamiento-reputacion-online\/\" \/>\n<meta property=\"og:locale\" content=\"es_ES\" \/>\n<meta property=\"og:type\" content=\"article\" \/>\n<meta property=\"og:title\" content=\"Alojamiento | Reputaci\u00f3n Online\" \/>\n<meta property=\"og:description\" content=\"Opini\u00f3n de los clientesHerramienta de satisfacci\u00f3n de sus alojamientosControle su reputaci\u00f3n electronica gracias a las opiniones de sus clientes&nbsp;\u00bfPor\" \/>\n<meta property=\"og:url\" content=\"https:\/\/reservit.wagaia.com\/es\/alojamiento-reputacion-online\/\" \/>\n<meta property=\"og:site_name\" content=\"Reservit\" \/>\n<meta property=\"article:modified_time\" content=\"2023-02-09T14:05:44+00:00\" \/>\n<meta property=\"og:image\" content=\"https:\/\/www.reservit.com\/wp-content\/uploads\/2021\/01\/mise_en_scene_RIT_satisfaction-1030x876-1.png\" \/>\n<meta name=\"twitter:card\" content=\"summary_large_image\" \/>\n<meta name=\"twitter:label1\" content=\"Tiempo de lectura\" \/>\n\t<meta name=\"twitter:data1\" content=\"2 minutos\" \/>\n<script type=\"application\/ld+json\" class=\"yoast-schema-graph\">{\"@context\":\"https:\/\/schema.org\",\"@graph\":[{\"@type\":\"WebPage\",\"@id\":\"https:\/\/reservit.wagaia.com\/es\/alojamiento-reputacion-online\/\",\"url\":\"https:\/\/reservit.wagaia.com\/es\/alojamiento-reputacion-online\/\",\"name\":\"Alojamiento | Reputaci\u00f3n Online\",\"isPartOf\":{\"@id\":\"https:\/\/reservit.wagaia.com\/es\/#website\"},\"primaryImageOfPage\":{\"@id\":\"https:\/\/reservit.wagaia.com\/es\/alojamiento-reputacion-online\/#primaryimage\"},\"image\":{\"@id\":\"https:\/\/reservit.wagaia.com\/es\/alojamiento-reputacion-online\/#primaryimage\"},\"thumbnailUrl\":\"https:\/\/www.reservit.com\/wp-content\/uploads\/2021\/01\/mise_en_scene_RIT_satisfaction-1030x876-1.png\",\"datePublished\":\"2021-01-15T14:26:02+00:00\",\"dateModified\":\"2023-02-09T14:05:44+00:00\",\"description\":\"Opini\u00f3n de los clientesHerramienta de satisfacci\u00f3n de sus alojamientosControle su reputaci\u00f3n electronica gracias a las opiniones de sus clientes&nbsp;\u00bfPor\",\"breadcrumb\":{\"@id\":\"https:\/\/reservit.wagaia.com\/es\/alojamiento-reputacion-online\/#breadcrumb\"},\"inLanguage\":\"es\",\"potentialAction\":[{\"@type\":\"ReadAction\",\"target\":[\"https:\/\/reservit.wagaia.com\/es\/alojamiento-reputacion-online\/\"]}]},{\"@type\":\"ImageObject\",\"inLanguage\":\"es\",\"@id\":\"https:\/\/reservit.wagaia.com\/es\/alojamiento-reputacion-online\/#primaryimage\",\"url\":\"https:\/\/www.reservit.com\/wp-content\/uploads\/2021\/01\/mise_en_scene_RIT_satisfaction-1030x876-1.png\",\"contentUrl\":\"https:\/\/www.reservit.com\/wp-content\/uploads\/2021\/01\/mise_en_scene_RIT_satisfaction-1030x876-1.png\"},{\"@type\":\"BreadcrumbList\",\"@id\":\"https:\/\/reservit.wagaia.com\/es\/alojamiento-reputacion-online\/#breadcrumb\",\"itemListElement\":[{\"@type\":\"ListItem\",\"position\":1,\"name\":\"Accueil\",\"item\":\"https:\/\/reservit.wagaia.com\/es\/\"},{\"@type\":\"ListItem\",\"position\":2,\"name\":\"Alojamiento | Reputaci\u00f3n Online\"}]},{\"@type\":\"WebSite\",\"@id\":\"https:\/\/reservit.wagaia.com\/es\/#website\",\"url\":\"https:\/\/reservit.wagaia.com\/es\/\",\"name\":\"Reservit\",\"description\":\"Un site utilisant WordPress\",\"potentialAction\":[{\"@type\":\"SearchAction\",\"target\":{\"@type\":\"EntryPoint\",\"urlTemplate\":\"https:\/\/reservit.wagaia.com\/es\/?s={search_term_string}\"},\"query-input\":{\"@type\":\"PropertyValueSpecification\",\"valueRequired\":true,\"valueName\":\"search_term_string\"}}],\"inLanguage\":\"es\"}]}<\/script>\n<!-- \/ Yoast SEO plugin. -->","yoast_head_json":{"title":"Alojamiento | Reputaci\u00f3n Online","description":"Opini\u00f3n de los clientesHerramienta de satisfacci\u00f3n de sus alojamientosControle su reputaci\u00f3n electronica gracias a las opiniones de sus clientes&nbsp;\u00bfPor","robots":{"index":"index","follow":"follow","max-snippet":"max-snippet:-1","max-image-preview":"max-image-preview:large","max-video-preview":"max-video-preview:-1"},"canonical":"https:\/\/reservit.wagaia.com\/es\/alojamiento-reputacion-online\/","og_locale":"es_ES","og_type":"article","og_title":"Alojamiento | Reputaci\u00f3n Online","og_description":"Opini\u00f3n de los clientesHerramienta de satisfacci\u00f3n de sus alojamientosControle su reputaci\u00f3n electronica gracias a las opiniones de sus clientes&nbsp;\u00bfPor","og_url":"https:\/\/reservit.wagaia.com\/es\/alojamiento-reputacion-online\/","og_site_name":"Reservit","article_modified_time":"2023-02-09T14:05:44+00:00","og_image":[{"url":"https:\/\/www.reservit.com\/wp-content\/uploads\/2021\/01\/mise_en_scene_RIT_satisfaction-1030x876-1.png","type":"","width":"","height":""}],"twitter_card":"summary_large_image","twitter_misc":{"Tiempo de lectura":"2 minutos"},"schema":{"@context":"https:\/\/schema.org","@graph":[{"@type":"WebPage","@id":"https:\/\/reservit.wagaia.com\/es\/alojamiento-reputacion-online\/","url":"https:\/\/reservit.wagaia.com\/es\/alojamiento-reputacion-online\/","name":"Alojamiento | Reputaci\u00f3n Online","isPartOf":{"@id":"https:\/\/reservit.wagaia.com\/es\/#website"},"primaryImageOfPage":{"@id":"https:\/\/reservit.wagaia.com\/es\/alojamiento-reputacion-online\/#primaryimage"},"image":{"@id":"https:\/\/reservit.wagaia.com\/es\/alojamiento-reputacion-online\/#primaryimage"},"thumbnailUrl":"https:\/\/www.reservit.com\/wp-content\/uploads\/2021\/01\/mise_en_scene_RIT_satisfaction-1030x876-1.png","datePublished":"2021-01-15T14:26:02+00:00","dateModified":"2023-02-09T14:05:44+00:00","description":"Opini\u00f3n de los clientesHerramienta de satisfacci\u00f3n de sus alojamientosControle su reputaci\u00f3n electronica gracias a las opiniones de sus clientes&nbsp;\u00bfPor","breadcrumb":{"@id":"https:\/\/reservit.wagaia.com\/es\/alojamiento-reputacion-online\/#breadcrumb"},"inLanguage":"es","potentialAction":[{"@type":"ReadAction","target":["https:\/\/reservit.wagaia.com\/es\/alojamiento-reputacion-online\/"]}]},{"@type":"ImageObject","inLanguage":"es","@id":"https:\/\/reservit.wagaia.com\/es\/alojamiento-reputacion-online\/#primaryimage","url":"https:\/\/www.reservit.com\/wp-content\/uploads\/2021\/01\/mise_en_scene_RIT_satisfaction-1030x876-1.png","contentUrl":"https:\/\/www.reservit.com\/wp-content\/uploads\/2021\/01\/mise_en_scene_RIT_satisfaction-1030x876-1.png"},{"@type":"BreadcrumbList","@id":"https:\/\/reservit.wagaia.com\/es\/alojamiento-reputacion-online\/#breadcrumb","itemListElement":[{"@type":"ListItem","position":1,"name":"Accueil","item":"https:\/\/reservit.wagaia.com\/es\/"},{"@type":"ListItem","position":2,"name":"Alojamiento | Reputaci\u00f3n Online"}]},{"@type":"WebSite","@id":"https:\/\/reservit.wagaia.com\/es\/#website","url":"https:\/\/reservit.wagaia.com\/es\/","name":"Reservit","description":"Un site utilisant WordPress","potentialAction":[{"@type":"SearchAction","target":{"@type":"EntryPoint","urlTemplate":"https:\/\/reservit.wagaia.com\/es\/?s={search_term_string}"},"query-input":{"@type":"PropertyValueSpecification","valueRequired":true,"valueName":"search_term_string"}}],"inLanguage":"es"}]}},"_links":{"self":[{"href":"https:\/\/reservit.wagaia.com\/es\/wp-json\/wp\/v2\/pages\/2786","targetHints":{"allow":["GET"]}}],"collection":[{"href":"https:\/\/reservit.wagaia.com\/es\/wp-json\/wp\/v2\/pages"}],"about":[{"href":"https:\/\/reservit.wagaia.com\/es\/wp-json\/wp\/v2\/types\/page"}],"author":[{"embeddable":true,"href":"https:\/\/reservit.wagaia.com\/es\/wp-json\/wp\/v2\/users\/5"}],"replies":[{"embeddable":true,"href":"https:\/\/reservit.wagaia.com\/es\/wp-json\/wp\/v2\/comments?post=2786"}],"version-history":[{"count":0,"href":"https:\/\/reservit.wagaia.com\/es\/wp-json\/wp\/v2\/pages\/2786\/revisions"}],"wp:attachment":[{"href":"https:\/\/reservit.wagaia.com\/es\/wp-json\/wp\/v2\/media?parent=2786"}],"curies":[{"name":"wp","href":"https:\/\/api.w.org\/{rel}","templated":true}]}}