{"id":2784,"date":"2021-01-15T15:03:31","date_gmt":"2021-01-15T14:03:31","guid":{"rendered":"https:\/\/www.reservit.com\/hebergement-recommandation-tarifaire\/"},"modified":"2021-08-10T14:07:37","modified_gmt":"2021-08-10T12:07:37","slug":"alojamiento-tarifas-recomendadas","status":"publish","type":"page","link":"https:\/\/reservit.wagaia.com\/es\/alojamiento-tarifas-recomendadas\/","title":{"rendered":""},"content":{"rendered":"<div class=\"vce-row-container\" data-vce-boxed-width=\"true\"><div class=\"vce-row vce-element--has-background vce-row--col-gap-30 page-banner vce-row-content--top\" id=\"el-94b67783\" data-vce-do-apply=\"all el-94b67783\"><div class=\"vce-content-background-container\"><div class=\"vce-asset-background-simple-container vce-visible-all-only vce-asset-background-simple--style-cover vce-asset-background-simple--position-center-top\"><div class=\"vce-asset-background-simple\">\n              <div class=\"vce-asset-background-simple-item vcv-lozad\" data-background-image=\"http:\/\/www.reservit.com\/zeeptapo\/2021\/01\/OBFBUP0_petit-1500x630-1.jpg\"><\/div>\n              <noscript>\n                <div class=\"vce-asset-background-simple-item\" style=\"background-image: url(http:\/\/www.reservit.com\/zeeptapo\/2021\/01\/OBFBUP0_petit-1500x630-1.jpg)\"><\/div>\n              <\/noscript>\n            <\/div><\/div><\/div><div class=\"vce-row-content\" data-vce-element-content=\"true\"><div class=\"vce-col vce-col--md-auto vce-col--xs-1 vce-col--xs-last vce-col--xs-first vce-col--sm-last vce-col--sm-first vce-col--md-last vce-col--lg-last vce-col--xl-last vce-col--md-first vce-col--lg-first vce-col--xl-first\" id=\"el-d252c871\"><div class=\"vce-col-inner\" data-vce-do-apply=\"border margin background  el-d252c871\"><div class=\"vce-col-content\" data-vce-element-content=\"true\" data-vce-do-apply=\"padding el-d252c871\"><div class=\"vce-text-block banner-arrows\"><div class=\"vce-text-block-wrapper vce\" id=\"el-c450b284\" data-vce-do-apply=\"all el-c450b284\"><h1 style=\"text-align: left;\"><span style=\"color: #333333;\">Centrarse en los precios para lograr m\u00e1s \u00e9xito<\/span><\/h1><p style=\"text-align: left;\">El 60% de los clientes que reservan en l\u00ednea se decantan seg\u00fan las tarifas<\/p><\/div><\/div><\/div><\/div><\/div><\/div><\/div><\/div><div class=\"vce-row-container\" data-vce-boxed-width=\"true\"><div class=\"vce-row vce-row--col-gap-30 vce-row-equal-height vce-row-content--top\" id=\"el-5588d8e5\" data-vce-do-apply=\"all el-5588d8e5\"><div class=\"vce-row-content\" data-vce-element-content=\"true\"><div class=\"vce-col vce-col--md-auto vce-col--xs-1 vce-col--xs-last vce-col--xs-first vce-col--sm-last vce-col--sm-first vce-col--md-last vce-col--lg-last vce-col--xl-last vce-col--md-first vce-col--lg-first vce-col--xl-first\" id=\"el-8c8836f8\"><div class=\"vce-col-inner\" data-vce-do-apply=\"border margin background  el-8c8836f8\"><div class=\"vce-col-content\" data-vce-element-content=\"true\" data-vce-do-apply=\"padding el-8c8836f8\"><div class=\"vce-text-block\"><div class=\"vce-text-block-wrapper vce\" id=\"el-332669f5\" data-vce-do-apply=\"all el-332669f5\"><h2 style=\"text-align: center;\">Optimizar sus tarifas de reserva con la recomendaci\u00f3n de tarifas<\/h2><\/div><\/div><\/div><\/div><\/div><\/div><\/div><\/div><div class=\"vce-row-container\" data-vce-boxed-width=\"true\"><div class=\"vce-row vce-row--col-gap-30 fancy-bloc vce-row-equal-height vce-row-content--top\" id=\"el-d4d50a17\" data-vce-do-apply=\"all el-d4d50a17\"><div class=\"vce-row-content\" data-vce-element-content=\"true\"><div class=\"vce-col vce-col--md-auto vce-col--xs-1 vce-col--xs-last vce-col--xs-first vce-col--sm-last vce-col--sm-first vce-col--md-first vce-col--lg-first vce-col--xl-first\" id=\"el-7446bb71\"><div class=\"vce-col-inner\" data-vce-do-apply=\"border margin background  el-7446bb71\"><div class=\"vce-col-content\" data-vce-element-content=\"true\" data-vce-do-apply=\"padding el-7446bb71\"><div class=\"vce-text-block\"><div class=\"vce-text-block-wrapper vce\" id=\"el-d6c21835\" data-vce-do-apply=\"all el-d6c21835\"><p><img loading=\"lazy\" decoding=\"async\" class=\"alignnone size-full wp-image-1646\" src=\"https:\/\/www.reservit.com\/zeeptapo\/2021\/02\/PictoD.png\" alt=\"\" width=\"90\" height=\"85\">&nbsp; Algoritmo estudiado para los hoteles<\/p><\/div><\/div><\/div><\/div><\/div><div class=\"vce-col vce-col--md-auto vce-col--xs-1 vce-col--xs-last vce-col--xs-first vce-col--sm-last vce-col--sm-first\" id=\"el-27af1a10\"><div class=\"vce-col-inner\" data-vce-do-apply=\"border margin background  el-27af1a10\"><div class=\"vce-col-content\" data-vce-element-content=\"true\" data-vce-do-apply=\"padding el-27af1a10\"><div class=\"vce-text-block\"><div class=\"vce-text-block-wrapper vce\" id=\"el-fe539976\" data-vce-do-apply=\"all el-fe539976\"><p><img loading=\"lazy\" decoding=\"async\" class=\"alignnone wp-image-36 size-full\" src=\"https:\/\/www.reservit.com\/zeeptapo\/2021\/01\/picto2.png\" alt=\"\" width=\"90\" height=\"63\">&nbsp; Fiabilidad del c\u00e1lculo basado en diversos criterios (oferta de la competencia, reputaci\u00f3n electr\u00f3nica, tasa de ocupacion, etc.)<\/p><\/div><\/div><\/div><\/div><\/div><div class=\"vce-col vce-col--md-auto vce-col--xs-1 vce-col--xs-last vce-col--xs-first vce-col--sm-last vce-col--sm-first vce-col--md-last vce-col--lg-last vce-col--xl-last\" id=\"el-48bed2b3\"><div class=\"vce-col-inner\" data-vce-do-apply=\"border margin background  el-48bed2b3\"><div class=\"vce-col-content\" data-vce-element-content=\"true\" data-vce-do-apply=\"padding el-48bed2b3\"><div class=\"vce-text-block\"><div class=\"vce-text-block-wrapper vce\" id=\"el-3c25dbce\" data-vce-do-apply=\"all el-3c25dbce\"><p>&nbsp;<img loading=\"lazy\" decoding=\"async\" class=\"alignnone size-full wp-image-37\" src=\"https:\/\/www.reservit.com\/zeeptapo\/2021\/01\/picto3.png\" alt=\"\" width=\"95\" height=\"82\">&nbsp; Herramienta 100% personalizada con la competencia y los tipos de habitaciones<\/p><\/div><\/div><\/div><\/div><\/div><\/div><\/div><\/div><div class=\"vce-row-container\" data-vce-boxed-width=\"true\"><div class=\"vce-row vce-row--col-gap-30 fancy-bloc vce-row-equal-height vce-row-content--top\" id=\"el-b8ca4b7b\" data-vce-do-apply=\"all el-b8ca4b7b\"><div class=\"vce-row-content\" data-vce-element-content=\"true\"><div class=\"vce-col vce-col--md-auto vce-col--xs-1 vce-col--xs-last vce-col--xs-first vce-col--sm-last vce-col--sm-first vce-col--md-first vce-col--lg-first vce-col--xl-first\" id=\"el-bb671d69\"><div class=\"vce-col-inner\" data-vce-do-apply=\"border margin background  el-bb671d69\"><div class=\"vce-col-content\" data-vce-element-content=\"true\" data-vce-do-apply=\"padding el-bb671d69\"><div class=\"vce-text-block\"><div class=\"vce-text-block-wrapper vce\" id=\"el-f098374e\" data-vce-do-apply=\"all el-f098374e\"><p><img loading=\"lazy\" decoding=\"async\" class=\"alignnone size-full wp-image-37\" src=\"https:\/\/www.reservit.com\/zeeptapo\/2021\/01\/picto3.png\" alt=\"\" width=\"95\" height=\"82\">&nbsp; Compatible con la inteligencia competitiva<\/p><\/div><\/div><\/div><\/div><\/div><div class=\"vce-col vce-col--md-auto vce-col--xs-1 vce-col--xs-last vce-col--xs-first vce-col--sm-last vce-col--sm-first\" id=\"el-a2e9dd6a\"><div class=\"vce-col-inner\" data-vce-do-apply=\"border margin background  el-a2e9dd6a\"><div class=\"vce-col-content\" data-vce-element-content=\"true\" data-vce-do-apply=\"padding el-a2e9dd6a\"><div class=\"vce-text-block\"><div class=\"vce-text-block-wrapper vce\" id=\"el-b3ca829e\" data-vce-do-apply=\"all el-b3ca829e\"><p><img loading=\"lazy\" decoding=\"async\" class=\"alignnone size-full wp-image-29\" src=\"https:\/\/www.reservit.com\/zeeptapo\/2021\/01\/contenu.png\" alt=\"\" width=\"81\" height=\"57\">&nbsp; Herramienta espec\u00edfica, autom\u00e1tica o manual<\/p><\/div><\/div><\/div><\/div><\/div><div class=\"vce-col vce-col--md-auto vce-col--xs-1 vce-col--xs-last vce-col--xs-first vce-col--sm-last vce-col--sm-first vce-col--md-last vce-col--lg-last vce-col--xl-last\" id=\"el-d6c62b80\"><div class=\"vce-col-inner\" data-vce-do-apply=\"border margin background  el-d6c62b80\"><div class=\"vce-col-content\" data-vce-element-content=\"true\" data-vce-do-apply=\"padding el-d6c62b80\"><div class=\"vce-text-block\"><div class=\"vce-text-block-wrapper vce\" id=\"el-08a935d1\" data-vce-do-apply=\"all el-08a935d1\"><p>&nbsp;<img loading=\"lazy\" decoding=\"async\" class=\"alignnone size-full wp-image-1640\" src=\"https:\/\/www.reservit.com\/zeeptapo\/2021\/02\/PictoC.png\" alt=\"\" width=\"90\" height=\"85\">&nbsp; Fuerza de marketing sobre su pol\u00edtica de tarifas<\/p><\/div><\/div><\/div><\/div><\/div><\/div><\/div><\/div><div class=\"vce-row-container\" data-vce-boxed-width=\"true\"><div class=\"vce-row vce-row--col-gap-30 vce-row-equal-height vce-row-content--top\" id=\"el-25451781\" data-vce-do-apply=\"all el-25451781\"><div class=\"vce-content-background-container\"><\/div><div class=\"vce-row-content\" data-vce-element-content=\"true\"><div class=\"vce-col vce-col--md-56-51p vce-col--xs-1 vce-col--xs-last vce-col--xs-first vce-col--sm-last vce-col--sm-first vce-col--md-first vce-col--lg-first vce-col--xl-first\" id=\"el-82c02f04\"><div class=\"vce-col-inner\" data-vce-do-apply=\"border margin background  el-82c02f04\"><div class=\"vce-col-content\" data-vce-element-content=\"true\" data-vce-do-apply=\"padding el-82c02f04\"><div class=\"vce-single-image-container vce-single-image--align-left\"><div class=\"vce vce-single-image-wrapper\" id=\"el-9d5a2c7d\" data-vce-do-apply=\"all el-9d5a2c7d\"><figure><div class=\"vce-single-image-inner vce-single-image--absolute\" style=\"padding-bottom: 100%; width: 1000px;\"><img loading=\"lazy\" decoding=\"async\" class=\"vce-single-image vcv-lozad\" data-src=\"https:\/\/www.reservit.com\/wp-content\/uploads\/2021\/05\/reco-ES.png\" width=\"1000\" height=\"1000\" src=\"\" data-img-src=\"https:\/\/www.reservit.com\/wp-content\/uploads\/2021\/05\/reco-ES.png\" alt=\"\" title=\"reco ES\" \/><noscript>\n        <img loading=\"lazy\" decoding=\"async\" class=\"vce-single-image\" src=\"https:\/\/www.reservit.com\/wp-content\/uploads\/2021\/05\/reco-ES.png\" width=\"1000\" height=\"1000\" alt=\"\" title=\"reco ES\" \/>\n      <\/noscript><\/div><figcaption hidden=\"\"><\/figcaption><\/figure><\/div><\/div><\/div><\/div><\/div><div class=\"vce-col vce-col--md-43-48p vce-col--xs-1 vce-col--xs-last vce-col--xs-first vce-col--sm-last vce-col--sm-first vce-col--md-last vce-col--lg-last vce-col--xl-last\" id=\"el-11c1b85c\"><div class=\"vce-col-inner\" data-vce-do-apply=\"border margin background  el-11c1b85c\"><div class=\"vce-col-content\" data-vce-element-content=\"true\" data-vce-do-apply=\"padding el-11c1b85c\"><div class=\"vce-text-block\"><div class=\"vce-text-block-wrapper vce\" id=\"el-530f338f\" data-vce-do-apply=\"all el-530f338f\"><h2 style=\"text-align: center;\">&nbsp;<\/h2><h2 style=\"text-align: center;\">\u00bfC\u00f3mo funciona?<\/h2><p>&nbsp;<\/p><p>La recomendaci\u00f3n tarifaria es la herramienta imprescindible de Reservit para optimizar sus precios de venta y maximizar su tasa de ocupaci\u00f3n.<\/p><p>Le permite posicionarse frente a sus principales competidores y elaborar la estrategia de marketing m\u00e1s interesante en torno a sus tarifas.<\/p><p>Para garantizar la m\u00e1xima fiabilidad, este m\u00f3dulo se basa en un completo y complejo algoritmo que tiene en cuenta varios criterios (tasa de ocupaci\u00f3n de su hotel y de sus competidores, estacionalidad, etc.)<\/p><\/div><\/div><\/div><\/div><\/div><\/div><\/div><\/div><div class=\"vce-row-container\" data-vce-boxed-width=\"true\"><div class=\"vce-row vce-row--col-gap-30 vce-row-equal-height vce-row-content--top\" id=\"el-01f21aaa\" data-vce-do-apply=\"all el-01f21aaa\"><div class=\"vce-row-content\" data-vce-element-content=\"true\"><div class=\"vce-col vce-col--md-auto vce-col--xs-1 vce-col--xs-last vce-col--xs-first vce-col--sm-last vce-col--sm-first vce-col--md-last vce-col--lg-last vce-col--xl-last vce-col--md-first vce-col--lg-first vce-col--xl-first\" id=\"el-4045f6da\"><div class=\"vce-col-inner\" data-vce-do-apply=\"border margin background  el-4045f6da\"><div class=\"vce-col-content\" data-vce-element-content=\"true\" data-vce-do-apply=\"padding el-4045f6da\"><div class=\"vce-text-block\"><div class=\"vce-text-block-wrapper vce\" id=\"el-a47dcafc\" data-vce-do-apply=\"all el-a47dcafc\"><h2 style=\"text-align: center;\">La herramienta de apoyo en la toma de decisiones y optimizaci\u00f3n de ingresos<\/h2><p style=\"text-align: left;\">\u00bfQuiere maximizar su facturaci\u00f3n? La recomendaci\u00f3n tarifaria es la mejor manera de aumentar su tasa de ocupaci\u00f3n.<\/p><p style=\"text-align: left;\">\u00a1Establezca el precio de venta ideal con este m\u00f3dulo!<\/p><p style=\"text-align: left;\">El algoritmo de Reservit estudia la reputaci\u00f3n online de su hotel, la de sus competidores y tambi\u00e9n las tarifas aplicadas.<\/p><p style=\"text-align: left;\">La herramienta se adapta en funci\u00f3n de su entorno y le env\u00eda una tarifa recomendada. Como gestor hotelero, usted sigue controlando sus tarifas, ya que es libre de aplicar o no las propuestas.<\/p><p style=\"text-align: left;\">De este modo, podr\u00e1 ajustar sus tarifas autom\u00e1tica o manualmente seg\u00fan:<br>\u2022 la ocupaci\u00f3n de su hotel o casa,<br>\u2022 un aumento progresivo en funci\u00f3n de la estacionalidad.<br>Una vez aceptada la recomendaci\u00f3n, el nuevo precio se env\u00eda autom\u00e1ticamente a los canales de distribuci\u00f3n o a vuestro PMS gracias a la conectividad.<\/p><\/div><\/div><\/div><\/div><\/div><\/div><\/div><\/div>\n","protected":false},"excerpt":{"rendered":"<p>Centrarse en los precios para lograr m\u00e1s \u00e9xitoEl 60% de los clientes que reservan en l\u00ednea se decantan seg\u00fan las tarifasOptimizar sus tarifas de reserva con la recomendaci\u00f3n de tarifas&nbsp; Algoritmo estudiado para los hoteles&nbsp; Fiabilidad del c\u00e1lculo basado en diversos criterios (oferta de la competencia, reputaci\u00f3n electr\u00f3nica, tasa de ocupacion, etc.)&nbsp;&nbsp; Herramienta 100% personalizada [&hellip;]<\/p>\n","protected":false},"author":5,"featured_media":0,"parent":0,"menu_order":0,"comment_status":"closed","ping_status":"closed","template":"","meta":{"footnotes":""},"class_list":["post-2784","page","type-page","status-publish","hentry"],"yoast_head":"<!-- This site is optimized with the Yoast SEO plugin v24.1 - https:\/\/yoast.com\/wordpress\/plugins\/seo\/ -->\n<title>Alojamiento | Tarifas recomendadas<\/title>\n<meta name=\"description\" content=\"Centrarse en los precios para lograr m\u00e1s \u00e9xitoEl 60% de los clientes que reservan en l\u00ednea se decantan seg\u00fan las tarifasOptimizar sus tarifas de reserva\" \/>\n<meta name=\"robots\" content=\"index, follow, max-snippet:-1, max-image-preview:large, max-video-preview:-1\" \/>\n<link rel=\"canonical\" href=\"https:\/\/reservit.wagaia.com\/es\/alojamiento-tarifas-recomendadas\/\" \/>\n<meta property=\"og:locale\" content=\"es_ES\" \/>\n<meta property=\"og:type\" content=\"article\" \/>\n<meta property=\"og:title\" content=\"Alojamiento | Tarifas recomendadas\" \/>\n<meta property=\"og:description\" content=\"Centrarse en los precios para lograr m\u00e1s \u00e9xitoEl 60% de los clientes que reservan en l\u00ednea se decantan seg\u00fan las tarifasOptimizar sus tarifas de reserva\" \/>\n<meta property=\"og:url\" content=\"https:\/\/reservit.wagaia.com\/es\/alojamiento-tarifas-recomendadas\/\" \/>\n<meta property=\"og:site_name\" content=\"Reservit\" \/>\n<meta property=\"article:modified_time\" content=\"2021-08-10T12:07:37+00:00\" \/>\n<meta property=\"og:image\" content=\"https:\/\/www.reservit.com\/zeeptapo\/2021\/02\/PictoD.png\" \/>\n<meta name=\"twitter:card\" content=\"summary_large_image\" \/>\n<meta name=\"twitter:label1\" content=\"Tiempo de lectura\" \/>\n\t<meta name=\"twitter:data1\" content=\"2 minutos\" \/>\n<script type=\"application\/ld+json\" class=\"yoast-schema-graph\">{\"@context\":\"https:\/\/schema.org\",\"@graph\":[{\"@type\":\"WebPage\",\"@id\":\"https:\/\/reservit.wagaia.com\/es\/alojamiento-tarifas-recomendadas\/\",\"url\":\"https:\/\/reservit.wagaia.com\/es\/alojamiento-tarifas-recomendadas\/\",\"name\":\"Alojamiento | Tarifas recomendadas\",\"isPartOf\":{\"@id\":\"https:\/\/reservit.wagaia.com\/es\/#website\"},\"primaryImageOfPage\":{\"@id\":\"https:\/\/reservit.wagaia.com\/es\/alojamiento-tarifas-recomendadas\/#primaryimage\"},\"image\":{\"@id\":\"https:\/\/reservit.wagaia.com\/es\/alojamiento-tarifas-recomendadas\/#primaryimage\"},\"thumbnailUrl\":\"https:\/\/www.reservit.com\/zeeptapo\/2021\/02\/PictoD.png\",\"datePublished\":\"2021-01-15T14:03:31+00:00\",\"dateModified\":\"2021-08-10T12:07:37+00:00\",\"description\":\"Centrarse en los precios para lograr m\u00e1s \u00e9xitoEl 60% de los clientes que reservan en l\u00ednea se decantan seg\u00fan las tarifasOptimizar sus tarifas de reserva\",\"breadcrumb\":{\"@id\":\"https:\/\/reservit.wagaia.com\/es\/alojamiento-tarifas-recomendadas\/#breadcrumb\"},\"inLanguage\":\"es\",\"potentialAction\":[{\"@type\":\"ReadAction\",\"target\":[\"https:\/\/reservit.wagaia.com\/es\/alojamiento-tarifas-recomendadas\/\"]}]},{\"@type\":\"ImageObject\",\"inLanguage\":\"es\",\"@id\":\"https:\/\/reservit.wagaia.com\/es\/alojamiento-tarifas-recomendadas\/#primaryimage\",\"url\":\"https:\/\/www.reservit.com\/zeeptapo\/2021\/02\/PictoD.png\",\"contentUrl\":\"https:\/\/www.reservit.com\/zeeptapo\/2021\/02\/PictoD.png\"},{\"@type\":\"BreadcrumbList\",\"@id\":\"https:\/\/reservit.wagaia.com\/es\/alojamiento-tarifas-recomendadas\/#breadcrumb\",\"itemListElement\":[{\"@type\":\"ListItem\",\"position\":1,\"name\":\"Accueil\",\"item\":\"https:\/\/reservit.wagaia.com\/es\/\"},{\"@type\":\"ListItem\",\"position\":2,\"name\":\"Alojamiento | Tarifas recomendadas\"}]},{\"@type\":\"WebSite\",\"@id\":\"https:\/\/reservit.wagaia.com\/es\/#website\",\"url\":\"https:\/\/reservit.wagaia.com\/es\/\",\"name\":\"Reservit\",\"description\":\"Un site utilisant WordPress\",\"potentialAction\":[{\"@type\":\"SearchAction\",\"target\":{\"@type\":\"EntryPoint\",\"urlTemplate\":\"https:\/\/reservit.wagaia.com\/es\/?s={search_term_string}\"},\"query-input\":{\"@type\":\"PropertyValueSpecification\",\"valueRequired\":true,\"valueName\":\"search_term_string\"}}],\"inLanguage\":\"es\"}]}<\/script>\n<!-- \/ Yoast SEO plugin. -->","yoast_head_json":{"title":"Alojamiento | Tarifas recomendadas","description":"Centrarse en los precios para lograr m\u00e1s \u00e9xitoEl 60% de los clientes que reservan en l\u00ednea se decantan seg\u00fan las tarifasOptimizar sus tarifas de reserva","robots":{"index":"index","follow":"follow","max-snippet":"max-snippet:-1","max-image-preview":"max-image-preview:large","max-video-preview":"max-video-preview:-1"},"canonical":"https:\/\/reservit.wagaia.com\/es\/alojamiento-tarifas-recomendadas\/","og_locale":"es_ES","og_type":"article","og_title":"Alojamiento | Tarifas recomendadas","og_description":"Centrarse en los precios para lograr m\u00e1s \u00e9xitoEl 60% de los clientes que reservan en l\u00ednea se decantan seg\u00fan las tarifasOptimizar sus tarifas de reserva","og_url":"https:\/\/reservit.wagaia.com\/es\/alojamiento-tarifas-recomendadas\/","og_site_name":"Reservit","article_modified_time":"2021-08-10T12:07:37+00:00","og_image":[{"url":"https:\/\/www.reservit.com\/zeeptapo\/2021\/02\/PictoD.png","type":"","width":"","height":""}],"twitter_card":"summary_large_image","twitter_misc":{"Tiempo de lectura":"2 minutos"},"schema":{"@context":"https:\/\/schema.org","@graph":[{"@type":"WebPage","@id":"https:\/\/reservit.wagaia.com\/es\/alojamiento-tarifas-recomendadas\/","url":"https:\/\/reservit.wagaia.com\/es\/alojamiento-tarifas-recomendadas\/","name":"Alojamiento | Tarifas recomendadas","isPartOf":{"@id":"https:\/\/reservit.wagaia.com\/es\/#website"},"primaryImageOfPage":{"@id":"https:\/\/reservit.wagaia.com\/es\/alojamiento-tarifas-recomendadas\/#primaryimage"},"image":{"@id":"https:\/\/reservit.wagaia.com\/es\/alojamiento-tarifas-recomendadas\/#primaryimage"},"thumbnailUrl":"https:\/\/www.reservit.com\/zeeptapo\/2021\/02\/PictoD.png","datePublished":"2021-01-15T14:03:31+00:00","dateModified":"2021-08-10T12:07:37+00:00","description":"Centrarse en los precios para lograr m\u00e1s \u00e9xitoEl 60% de los clientes que reservan en l\u00ednea se decantan seg\u00fan las tarifasOptimizar sus tarifas de reserva","breadcrumb":{"@id":"https:\/\/reservit.wagaia.com\/es\/alojamiento-tarifas-recomendadas\/#breadcrumb"},"inLanguage":"es","potentialAction":[{"@type":"ReadAction","target":["https:\/\/reservit.wagaia.com\/es\/alojamiento-tarifas-recomendadas\/"]}]},{"@type":"ImageObject","inLanguage":"es","@id":"https:\/\/reservit.wagaia.com\/es\/alojamiento-tarifas-recomendadas\/#primaryimage","url":"https:\/\/www.reservit.com\/zeeptapo\/2021\/02\/PictoD.png","contentUrl":"https:\/\/www.reservit.com\/zeeptapo\/2021\/02\/PictoD.png"},{"@type":"BreadcrumbList","@id":"https:\/\/reservit.wagaia.com\/es\/alojamiento-tarifas-recomendadas\/#breadcrumb","itemListElement":[{"@type":"ListItem","position":1,"name":"Accueil","item":"https:\/\/reservit.wagaia.com\/es\/"},{"@type":"ListItem","position":2,"name":"Alojamiento | Tarifas recomendadas"}]},{"@type":"WebSite","@id":"https:\/\/reservit.wagaia.com\/es\/#website","url":"https:\/\/reservit.wagaia.com\/es\/","name":"Reservit","description":"Un site utilisant WordPress","potentialAction":[{"@type":"SearchAction","target":{"@type":"EntryPoint","urlTemplate":"https:\/\/reservit.wagaia.com\/es\/?s={search_term_string}"},"query-input":{"@type":"PropertyValueSpecification","valueRequired":true,"valueName":"search_term_string"}}],"inLanguage":"es"}]}},"_links":{"self":[{"href":"https:\/\/reservit.wagaia.com\/es\/wp-json\/wp\/v2\/pages\/2784","targetHints":{"allow":["GET"]}}],"collection":[{"href":"https:\/\/reservit.wagaia.com\/es\/wp-json\/wp\/v2\/pages"}],"about":[{"href":"https:\/\/reservit.wagaia.com\/es\/wp-json\/wp\/v2\/types\/page"}],"author":[{"embeddable":true,"href":"https:\/\/reservit.wagaia.com\/es\/wp-json\/wp\/v2\/users\/5"}],"replies":[{"embeddable":true,"href":"https:\/\/reservit.wagaia.com\/es\/wp-json\/wp\/v2\/comments?post=2784"}],"version-history":[{"count":0,"href":"https:\/\/reservit.wagaia.com\/es\/wp-json\/wp\/v2\/pages\/2784\/revisions"}],"wp:attachment":[{"href":"https:\/\/reservit.wagaia.com\/es\/wp-json\/wp\/v2\/media?parent=2784"}],"curies":[{"name":"wp","href":"https:\/\/api.w.org\/{rel}","templated":true}]}}