{"id":2782,"date":"2021-01-15T14:54:29","date_gmt":"2021-01-15T13:54:29","guid":{"rendered":"https:\/\/www.reservit.com\/hebergement-veille-concurrentielle\/"},"modified":"2021-08-10T14:06:22","modified_gmt":"2021-08-10T12:06:22","slug":"alojamiento-inteligencia-competitiva","status":"publish","type":"page","link":"https:\/\/reservit.wagaia.com\/es\/alojamiento-inteligencia-competitiva\/","title":{"rendered":""},"content":{"rendered":"<div class=\"vce-row-container\" data-vce-boxed-width=\"true\"><div class=\"vce-row vce-element--has-background vce-row--col-gap-30 page-banner vce-row-content--top\" id=\"el-94b67783\" data-vce-do-apply=\"all el-94b67783\"><div class=\"vce-content-background-container\"><div class=\"vce-asset-background-simple-container vce-visible-all-only vce-asset-background-simple--style-cover vce-asset-background-simple--position-center-center\"><div class=\"vce-asset-background-simple\">\n              <div class=\"vce-asset-background-simple-item vcv-lozad\" data-background-image=\"https:\/\/www.reservit.com\/zeeptapo\/2021\/02\/scott-graham-5fNmWej4tAA-unsplash-1-scaled.jpg\"><\/div>\n              <noscript>\n                <div class=\"vce-asset-background-simple-item\" style=\"background-image: url(https:\/\/www.reservit.com\/zeeptapo\/2021\/02\/scott-graham-5fNmWej4tAA-unsplash-1-scaled.jpg)\"><\/div>\n              <\/noscript>\n            <\/div><\/div><\/div><div class=\"vce-row-content\" data-vce-element-content=\"true\"><div class=\"vce-col vce-col--md-auto vce-col--xs-1 vce-col--xs-last vce-col--xs-first vce-col--sm-last vce-col--sm-first vce-col--md-last vce-col--lg-last vce-col--xl-last vce-col--md-first vce-col--lg-first vce-col--xl-first\" id=\"el-d252c871\"><div class=\"vce-col-inner\" data-vce-do-apply=\"border margin background  el-d252c871\"><div class=\"vce-col-content\" data-vce-element-content=\"true\" data-vce-do-apply=\"padding el-d252c871\"><div class=\"vce-text-block banner-arrows\"><div class=\"vce-text-block-wrapper vce\" id=\"el-c450b284\" data-vce-do-apply=\"all el-c450b284\"><h1>Adaptar la oferta en funci\u00f3n de la competencia<\/h1><p>Uno de cada dos hoteles practica la inteligencia competitiva de forma manual<\/p><\/div><\/div><\/div><\/div><\/div><\/div><\/div><\/div><div class=\"vce-row-container\" data-vce-boxed-width=\"true\"><div class=\"vce-row vce-row--col-gap-70 vce-row-equal-height vce-row-content--top\" id=\"el-dd8b2c8e\" data-vce-do-apply=\"all el-dd8b2c8e\"><div class=\"vce-content-background-container\"><\/div><div class=\"vce-row-content\" data-vce-element-content=\"true\"><div class=\"vce-col vce-col--md-56-73p vce-col--xs-1 vce-col--xs-last vce-col--xs-first vce-col--sm-last vce-col--sm-first vce-col--md-first vce-col--lg-first vce-col--xl-first\" id=\"el-309d95f4\"><div class=\"vce-col-inner\" data-vce-do-apply=\"border margin background  el-309d95f4\"><div class=\"vce-col-content\" data-vce-element-content=\"true\" data-vce-do-apply=\"padding el-309d95f4\"><div class=\"vce-single-image-container vce-single-image--align-center\"><div class=\"vce vce-single-image-wrapper\" id=\"el-728e9dd0\" data-vce-do-apply=\"all el-728e9dd0\"><figure><div class=\"vce-single-image-inner vce-single-image--absolute\" style=\"padding-bottom: 100%; width: 1000px;\"><img loading=\"lazy\" decoding=\"async\" class=\"vce-single-image vcv-lozad\" data-src=\"https:\/\/www.reservit.com\/wp-content\/uploads\/2021\/05\/veille-ES.png\" width=\"1000\" height=\"1000\" src=\"\" data-img-src=\"https:\/\/www.reservit.com\/wp-content\/uploads\/2021\/05\/veille-ES.png\" alt=\"\" title=\"veille ES\" \/><noscript>\n        <img loading=\"lazy\" decoding=\"async\" class=\"vce-single-image\" src=\"https:\/\/www.reservit.com\/wp-content\/uploads\/2021\/05\/veille-ES.png\" width=\"1000\" height=\"1000\" alt=\"\" title=\"veille ES\" \/>\n      <\/noscript><\/div><figcaption hidden=\"\"><\/figcaption><\/figure><\/div><\/div><\/div><\/div><\/div><div class=\"vce-col vce-col--md-43-25p vce-col--xs-1 vce-col--xs-last vce-col--xs-first vce-col--sm-last vce-col--sm-first vce-col--md-last vce-col--lg-last vce-col--xl-last\" id=\"el-b151a1a8\"><div class=\"vce-col-inner\" data-vce-do-apply=\"border margin background  el-b151a1a8\"><div class=\"vce-col-content\" data-vce-element-content=\"true\" data-vce-do-apply=\"padding el-b151a1a8\"><div class=\"vce-text-block\"><div class=\"vce-text-block-wrapper vce\" id=\"el-332669f5\" data-vce-do-apply=\"all el-332669f5\"><h2 style=\"text-align: center;\">\u00bfPor qu\u00e9 comparar tarifas?<\/h2><p>&nbsp;<\/p><p>Un hotel puede hacerle la competencia solo en determinados segmentos y en momentos diferentes de la semana (por ejemplo, el fin de semana).<\/p><p>El precio es el criterio de elecci\u00f3n n.\u00ba 1 para m\u00e1s del 60 % de los clientes que reservan en l\u00ednea.<\/p><p>Anticipe esta oscilaci\u00f3n y la estrategia de tarifas de su competencia gracias a un m\u00f3dulo de comparaci\u00f3n de precios de Reservit. Esto le proporcionar\u00e1 una mejor visibilidad de las ofertas disponibles en otros canales de distribuci\u00f3n.<\/p><p>La inteligencia competitiva le permite comparar diariamente su mejor precio de venta con los de sus principales competidores\u2026 Esto es una ventaja indiscutible en el medio hotelero para adaptar su oferta y optimizar al m\u00e1ximo su rentabilidad.<\/p><\/div><\/div><\/div><\/div><\/div><\/div><\/div><\/div><div class=\"vce-row-container\" data-vce-boxed-width=\"true\"><div class=\"vce-row vce-row--col-gap-30 vce-row-equal-height vce-row-content--top\" id=\"el-5588d8e5\" data-vce-do-apply=\"all el-5588d8e5\"><div class=\"vce-row-content\" data-vce-element-content=\"true\"><div class=\"vce-col vce-col--md-auto vce-col--xs-1 vce-col--xs-last vce-col--xs-first vce-col--sm-last vce-col--sm-first vce-col--md-last vce-col--lg-last vce-col--xl-last vce-col--md-first vce-col--lg-first vce-col--xl-first\" id=\"el-8c8836f8\"><div class=\"vce-col-inner\" data-vce-do-apply=\"border margin background  el-8c8836f8\"><div class=\"vce-col-content\" data-vce-element-content=\"true\" data-vce-do-apply=\"padding el-8c8836f8\"><div class=\"vce-text-block\"><div class=\"vce-text-block-wrapper vce\" id=\"el-c21eeb2d\" data-vce-do-apply=\"all el-c21eeb2d\"><h2 style=\"text-align: center;\">Una herramienta de comparaci\u00f3n de tarifas exacta<\/h2><p>Nuestra soluci\u00f3n est\u00e1 pensada para garantizar que pueda asumir su control de forma sencilla y que pueda utilizarla de manera intuitiva. El acceso a la inteligencia intuitiva se realiza directamente a trav\u00e9s de su gestor Reservit. Al disponer de un acceso r\u00e1pido y fiable a las informaciones importantes, en particular al precio de los hoteles de su zona, mejorar\u00e1 su capacidad para adquirir nuevos clientes.<\/p><p>Este m\u00f3dulo de inteligencia permite automatizar la recopilaci\u00f3n de informaci\u00f3n sobre las tarifas aplicadas por la competencia. Mejorar\u00e1 su rendimiento en Internet.<\/p><\/div><\/div><\/div><\/div><\/div><\/div><\/div><\/div><div class=\"vce-row-container\" data-vce-boxed-width=\"true\"><div class=\"vce-row vce-row--col-gap-30 fancy-bloc vce-row-equal-height vce-row-content--top\" id=\"el-bf986116\" data-vce-do-apply=\"all el-bf986116\"><div class=\"vce-row-content\" data-vce-element-content=\"true\"><div class=\"vce-col vce-col--md-19-05p vce-col--xs-1 vce-col--xs-last vce-col--xs-first vce-col--sm-last vce-col--sm-first vce-col--md-first vce-col--lg-first vce-col--xl-first\" id=\"el-377ef714\"><div class=\"vce-col-inner\" data-vce-do-apply=\"border margin background  el-377ef714\"><div class=\"vce-col-content\" data-vce-element-content=\"true\" data-vce-do-apply=\"padding el-377ef714\"><div class=\"vce-text-block\"><div class=\"vce-text-block-wrapper vce\" id=\"el-cd7433b9\" data-vce-do-apply=\"all el-cd7433b9\"><p><img loading=\"lazy\" decoding=\"async\" class=\"alignnone size-full wp-image-37\" src=\"https:\/\/www.reservit.com\/zeeptapo\/2021\/01\/picto3.png\" alt=\"\" width=\"95\" height=\"82\">&nbsp; F\u00e1cil empleo<\/p><h4>&nbsp;<\/h4><\/div><\/div><\/div><\/div><\/div><div class=\"vce-col vce-col--md-27-68p vce-col--xs-1 vce-col--xs-last vce-col--xs-first vce-col--sm-last vce-col--sm-first\" id=\"el-c94a74aa\"><div class=\"vce-col-inner\" data-vce-do-apply=\"border margin background  el-c94a74aa\"><div class=\"vce-col-content\" data-vce-element-content=\"true\" data-vce-do-apply=\"padding el-c94a74aa\"><div class=\"vce-text-block\"><div class=\"vce-text-block-wrapper vce\" id=\"el-4b8b4a3a\" data-vce-do-apply=\"all el-4b8b4a3a\"><p><img loading=\"lazy\" decoding=\"async\" class=\"alignnone size-full wp-image-36\" src=\"https:\/\/www.reservit.com\/zeeptapo\/2021\/01\/picto2.png\" alt=\"\" width=\"90\" height=\"63\">&nbsp; Registro m\u00e1s de 5 establecimientos<\/p><h4>&nbsp;<\/h4><\/div><\/div><\/div><\/div><\/div><div class=\"vce-col vce-col--md-28-26p vce-col--xs-1 vce-col--xs-last vce-col--xs-first vce-col--sm-last vce-col--sm-first\" id=\"el-cc7a1463\"><div class=\"vce-col-inner\" data-vce-do-apply=\"border margin background  el-cc7a1463\"><div class=\"vce-col-content\" data-vce-element-content=\"true\" data-vce-do-apply=\"padding el-cc7a1463\"><div class=\"vce-text-block\"><div class=\"vce-text-block-wrapper vce\" id=\"el-065d7d25\" data-vce-do-apply=\"all el-065d7d25\"><p><img loading=\"lazy\" decoding=\"async\" class=\"alignnone size-full wp-image-30\" src=\"https:\/\/www.reservit.com\/zeeptapo\/2021\/01\/demo.png\" alt=\"\" width=\"87\" height=\"87\">&nbsp; Mejores tarifas diarias de los \u00faltimos 30 d\u00edas<\/p><h4>&nbsp;<\/h4><\/div><\/div><\/div><\/div><\/div><div class=\"vce-col vce-col--md-auto vce-col--xs-1 vce-col--xs-last vce-col--xs-first vce-col--sm-last vce-col--sm-first vce-col--md-last vce-col--lg-last vce-col--xl-last\" id=\"el-22a9530d\"><div class=\"vce-col-inner\" data-vce-do-apply=\"border margin background  el-22a9530d\"><div class=\"vce-col-content\" data-vce-element-content=\"true\" data-vce-do-apply=\"padding el-22a9530d\"><div class=\"vce-text-block\"><div class=\"vce-text-block-wrapper vce\" id=\"el-db1f0d25\" data-vce-do-apply=\"all el-db1f0d25\"><p><img loading=\"lazy\" decoding=\"async\" class=\"alignnone size-full wp-image-35\" src=\"https:\/\/www.reservit.com\/zeeptapo\/2021\/01\/picto1.png\" alt=\"\" width=\"98\" height=\"82\">&nbsp; Informe diario autom\u00e1tico<\/p><h4>&nbsp;<\/h4><\/div><\/div><\/div><\/div><\/div><\/div><\/div><\/div>\n","protected":false},"excerpt":{"rendered":"<p>Adaptar la oferta en funci\u00f3n de la competenciaUno de cada dos hoteles practica la inteligencia competitiva de forma manual \u00bfPor qu\u00e9 comparar tarifas?&nbsp;Un hotel puede hacerle la competencia solo en determinados segmentos y en momentos diferentes de la semana (por ejemplo, el fin de semana).El precio es el criterio de elecci\u00f3n n.\u00ba 1 para m\u00e1s [&hellip;]<\/p>\n","protected":false},"author":5,"featured_media":0,"parent":0,"menu_order":0,"comment_status":"closed","ping_status":"closed","template":"","meta":{"footnotes":""},"class_list":["post-2782","page","type-page","status-publish","hentry"],"yoast_head":"<!-- This site is optimized with the Yoast SEO plugin v24.1 - https:\/\/yoast.com\/wordpress\/plugins\/seo\/ -->\n<title>Alojamiento | Inteligencia competitiva<\/title>\n<meta name=\"description\" content=\"Adaptar la oferta en funci\u00f3n de la competenciaUno de cada dos hoteles practica la inteligencia competitiva de forma manual \u00bfPor qu\u00e9 comparar\" \/>\n<meta name=\"robots\" content=\"index, follow, max-snippet:-1, max-image-preview:large, max-video-preview:-1\" \/>\n<link rel=\"canonical\" href=\"https:\/\/reservit.wagaia.com\/es\/alojamiento-inteligencia-competitiva\/\" \/>\n<meta property=\"og:locale\" content=\"es_ES\" \/>\n<meta property=\"og:type\" content=\"article\" \/>\n<meta property=\"og:title\" content=\"Alojamiento | Inteligencia competitiva\" \/>\n<meta property=\"og:description\" content=\"Adaptar la oferta en funci\u00f3n de la competenciaUno de cada dos hoteles practica la inteligencia competitiva de forma manual \u00bfPor qu\u00e9 comparar\" \/>\n<meta property=\"og:url\" content=\"https:\/\/reservit.wagaia.com\/es\/alojamiento-inteligencia-competitiva\/\" \/>\n<meta property=\"og:site_name\" content=\"Reservit\" \/>\n<meta property=\"article:modified_time\" content=\"2021-08-10T12:06:22+00:00\" \/>\n<meta property=\"og:image\" content=\"https:\/\/www.reservit.com\/wp-content\/uploads\/2021\/05\/veille-ES.png\" \/>\n<meta name=\"twitter:card\" content=\"summary_large_image\" \/>\n<meta name=\"twitter:label1\" content=\"Tiempo de lectura\" \/>\n\t<meta name=\"twitter:data1\" content=\"1 minuto\" \/>\n<script type=\"application\/ld+json\" class=\"yoast-schema-graph\">{\"@context\":\"https:\/\/schema.org\",\"@graph\":[{\"@type\":\"WebPage\",\"@id\":\"https:\/\/reservit.wagaia.com\/es\/alojamiento-inteligencia-competitiva\/\",\"url\":\"https:\/\/reservit.wagaia.com\/es\/alojamiento-inteligencia-competitiva\/\",\"name\":\"Alojamiento | Inteligencia competitiva\",\"isPartOf\":{\"@id\":\"https:\/\/reservit.wagaia.com\/es\/#website\"},\"primaryImageOfPage\":{\"@id\":\"https:\/\/reservit.wagaia.com\/es\/alojamiento-inteligencia-competitiva\/#primaryimage\"},\"image\":{\"@id\":\"https:\/\/reservit.wagaia.com\/es\/alojamiento-inteligencia-competitiva\/#primaryimage\"},\"thumbnailUrl\":\"https:\/\/www.reservit.com\/wp-content\/uploads\/2021\/05\/veille-ES.png\",\"datePublished\":\"2021-01-15T13:54:29+00:00\",\"dateModified\":\"2021-08-10T12:06:22+00:00\",\"description\":\"Adaptar la oferta en funci\u00f3n de la competenciaUno de cada dos hoteles practica la inteligencia competitiva de forma manual \u00bfPor qu\u00e9 comparar\",\"breadcrumb\":{\"@id\":\"https:\/\/reservit.wagaia.com\/es\/alojamiento-inteligencia-competitiva\/#breadcrumb\"},\"inLanguage\":\"es\",\"potentialAction\":[{\"@type\":\"ReadAction\",\"target\":[\"https:\/\/reservit.wagaia.com\/es\/alojamiento-inteligencia-competitiva\/\"]}]},{\"@type\":\"ImageObject\",\"inLanguage\":\"es\",\"@id\":\"https:\/\/reservit.wagaia.com\/es\/alojamiento-inteligencia-competitiva\/#primaryimage\",\"url\":\"https:\/\/www.reservit.com\/wp-content\/uploads\/2021\/05\/veille-ES.png\",\"contentUrl\":\"https:\/\/www.reservit.com\/wp-content\/uploads\/2021\/05\/veille-ES.png\"},{\"@type\":\"BreadcrumbList\",\"@id\":\"https:\/\/reservit.wagaia.com\/es\/alojamiento-inteligencia-competitiva\/#breadcrumb\",\"itemListElement\":[{\"@type\":\"ListItem\",\"position\":1,\"name\":\"Accueil\",\"item\":\"https:\/\/reservit.wagaia.com\/es\/\"},{\"@type\":\"ListItem\",\"position\":2,\"name\":\"Alojamiento | Inteligencia competitiva\"}]},{\"@type\":\"WebSite\",\"@id\":\"https:\/\/reservit.wagaia.com\/es\/#website\",\"url\":\"https:\/\/reservit.wagaia.com\/es\/\",\"name\":\"Reservit\",\"description\":\"Un site utilisant WordPress\",\"potentialAction\":[{\"@type\":\"SearchAction\",\"target\":{\"@type\":\"EntryPoint\",\"urlTemplate\":\"https:\/\/reservit.wagaia.com\/es\/?s={search_term_string}\"},\"query-input\":{\"@type\":\"PropertyValueSpecification\",\"valueRequired\":true,\"valueName\":\"search_term_string\"}}],\"inLanguage\":\"es\"}]}<\/script>\n<!-- \/ Yoast SEO plugin. -->","yoast_head_json":{"title":"Alojamiento | Inteligencia competitiva","description":"Adaptar la oferta en funci\u00f3n de la competenciaUno de cada dos hoteles practica la inteligencia competitiva de forma manual \u00bfPor qu\u00e9 comparar","robots":{"index":"index","follow":"follow","max-snippet":"max-snippet:-1","max-image-preview":"max-image-preview:large","max-video-preview":"max-video-preview:-1"},"canonical":"https:\/\/reservit.wagaia.com\/es\/alojamiento-inteligencia-competitiva\/","og_locale":"es_ES","og_type":"article","og_title":"Alojamiento | Inteligencia competitiva","og_description":"Adaptar la oferta en funci\u00f3n de la competenciaUno de cada dos hoteles practica la inteligencia competitiva de forma manual \u00bfPor qu\u00e9 comparar","og_url":"https:\/\/reservit.wagaia.com\/es\/alojamiento-inteligencia-competitiva\/","og_site_name":"Reservit","article_modified_time":"2021-08-10T12:06:22+00:00","og_image":[{"url":"https:\/\/www.reservit.com\/wp-content\/uploads\/2021\/05\/veille-ES.png","type":"","width":"","height":""}],"twitter_card":"summary_large_image","twitter_misc":{"Tiempo de lectura":"1 minuto"},"schema":{"@context":"https:\/\/schema.org","@graph":[{"@type":"WebPage","@id":"https:\/\/reservit.wagaia.com\/es\/alojamiento-inteligencia-competitiva\/","url":"https:\/\/reservit.wagaia.com\/es\/alojamiento-inteligencia-competitiva\/","name":"Alojamiento | Inteligencia competitiva","isPartOf":{"@id":"https:\/\/reservit.wagaia.com\/es\/#website"},"primaryImageOfPage":{"@id":"https:\/\/reservit.wagaia.com\/es\/alojamiento-inteligencia-competitiva\/#primaryimage"},"image":{"@id":"https:\/\/reservit.wagaia.com\/es\/alojamiento-inteligencia-competitiva\/#primaryimage"},"thumbnailUrl":"https:\/\/www.reservit.com\/wp-content\/uploads\/2021\/05\/veille-ES.png","datePublished":"2021-01-15T13:54:29+00:00","dateModified":"2021-08-10T12:06:22+00:00","description":"Adaptar la oferta en funci\u00f3n de la competenciaUno de cada dos hoteles practica la inteligencia competitiva de forma manual \u00bfPor qu\u00e9 comparar","breadcrumb":{"@id":"https:\/\/reservit.wagaia.com\/es\/alojamiento-inteligencia-competitiva\/#breadcrumb"},"inLanguage":"es","potentialAction":[{"@type":"ReadAction","target":["https:\/\/reservit.wagaia.com\/es\/alojamiento-inteligencia-competitiva\/"]}]},{"@type":"ImageObject","inLanguage":"es","@id":"https:\/\/reservit.wagaia.com\/es\/alojamiento-inteligencia-competitiva\/#primaryimage","url":"https:\/\/www.reservit.com\/wp-content\/uploads\/2021\/05\/veille-ES.png","contentUrl":"https:\/\/www.reservit.com\/wp-content\/uploads\/2021\/05\/veille-ES.png"},{"@type":"BreadcrumbList","@id":"https:\/\/reservit.wagaia.com\/es\/alojamiento-inteligencia-competitiva\/#breadcrumb","itemListElement":[{"@type":"ListItem","position":1,"name":"Accueil","item":"https:\/\/reservit.wagaia.com\/es\/"},{"@type":"ListItem","position":2,"name":"Alojamiento | Inteligencia competitiva"}]},{"@type":"WebSite","@id":"https:\/\/reservit.wagaia.com\/es\/#website","url":"https:\/\/reservit.wagaia.com\/es\/","name":"Reservit","description":"Un site utilisant WordPress","potentialAction":[{"@type":"SearchAction","target":{"@type":"EntryPoint","urlTemplate":"https:\/\/reservit.wagaia.com\/es\/?s={search_term_string}"},"query-input":{"@type":"PropertyValueSpecification","valueRequired":true,"valueName":"search_term_string"}}],"inLanguage":"es"}]}},"_links":{"self":[{"href":"https:\/\/reservit.wagaia.com\/es\/wp-json\/wp\/v2\/pages\/2782","targetHints":{"allow":["GET"]}}],"collection":[{"href":"https:\/\/reservit.wagaia.com\/es\/wp-json\/wp\/v2\/pages"}],"about":[{"href":"https:\/\/reservit.wagaia.com\/es\/wp-json\/wp\/v2\/types\/page"}],"author":[{"embeddable":true,"href":"https:\/\/reservit.wagaia.com\/es\/wp-json\/wp\/v2\/users\/5"}],"replies":[{"embeddable":true,"href":"https:\/\/reservit.wagaia.com\/es\/wp-json\/wp\/v2\/comments?post=2782"}],"version-history":[{"count":0,"href":"https:\/\/reservit.wagaia.com\/es\/wp-json\/wp\/v2\/pages\/2782\/revisions"}],"wp:attachment":[{"href":"https:\/\/reservit.wagaia.com\/es\/wp-json\/wp\/v2\/media?parent=2782"}],"curies":[{"name":"wp","href":"https:\/\/api.w.org\/{rel}","templated":true}]}}