{"id":2778,"date":"2021-01-14T16:25:36","date_gmt":"2021-01-14T15:25:36","guid":{"rendered":"https:\/\/www.reservit.com\/paiement-automatise\/"},"modified":"2021-08-10T14:04:06","modified_gmt":"2021-08-10T12:04:06","slug":"alojamiento-pago-en-linea","status":"publish","type":"page","link":"https:\/\/reservit.wagaia.com\/es\/alojamiento-pago-en-linea\/","title":{"rendered":""},"content":{"rendered":"<div class=\"vce-row-container\" data-vce-boxed-width=\"true\"><div class=\"vce-row vce-element--has-background vce-row--col-gap-30 page-banner vce-row-content--top\" id=\"el-94b67783\" data-vce-do-apply=\"all el-94b67783\"><div class=\"vce-content-background-container\"><div class=\"vce-asset-background-simple-container vce-visible-all-only vce-asset-background-simple--style-cover vce-asset-background-simple--position-center-top\"><div class=\"vce-asset-background-simple\">\n              <div class=\"vce-asset-background-simple-item vcv-lozad\" data-background-image=\"http:\/\/www.reservit.com\/wp-content\/uploads\/2021\/01\/paybox_paiement-845x321-2.jpg\"><\/div>\n              <noscript>\n                <div class=\"vce-asset-background-simple-item\" style=\"background-image: url(http:\/\/www.reservit.com\/wp-content\/uploads\/2021\/01\/paybox_paiement-845x321-2.jpg)\"><\/div>\n              <\/noscript>\n            <\/div><\/div><\/div><div class=\"vce-row-content\" data-vce-element-content=\"true\"><div class=\"vce-col vce-col--md-auto vce-col--xs-1 vce-col--xs-last vce-col--xs-first vce-col--sm-last vce-col--sm-first vce-col--md-last vce-col--lg-last vce-col--xl-last vce-col--md-first vce-col--lg-first vce-col--xl-first\" id=\"el-d252c871\"><div class=\"vce-col-inner\" data-vce-do-apply=\"border margin background  el-d252c871\"><div class=\"vce-col-content\" data-vce-element-content=\"true\" data-vce-do-apply=\"padding el-d252c871\"><div class=\"vce-text-block banner-arrows\"><div class=\"vce-text-block-wrapper vce\" id=\"el-c450b284\" data-vce-do-apply=\"all el-c450b284\"><h1>Pago en l\u00ednea<\/h1><p>Pago en l\u00ednea seguro a trav\u00e9s de 3Dsecure<\/p><\/div><\/div><\/div><\/div><\/div><\/div><\/div><\/div><div class=\"vce-row-container\" data-vce-boxed-width=\"true\"><div class=\"vce-row vce-row--col-gap-30 vce-row-equal-height vce-row-content--top\" id=\"el-a78f6639\" data-vce-do-apply=\"all el-a78f6639\"><div class=\"vce-row-content\" data-vce-element-content=\"true\"><div class=\"vce-col vce-col--md-auto vce-col--xs-1 vce-col--xs-last vce-col--xs-first vce-col--sm-last vce-col--sm-first vce-col--md-last vce-col--lg-last vce-col--xl-last vce-col--md-first vce-col--lg-first vce-col--xl-first\" id=\"el-58d89bb4\"><div class=\"vce-col-inner\" data-vce-do-apply=\"border margin background  el-58d89bb4\"><div class=\"vce-col-content\" data-vce-element-content=\"true\" data-vce-do-apply=\"padding el-58d89bb4\"><div class=\"vce-text-block\"><div class=\"vce-text-block-wrapper vce\" id=\"el-83173ed3\" data-vce-do-apply=\"all el-83173ed3\"><h2 style=\"text-align: center;\">Personalice su oferta no en su sitio oficial<\/h2><\/div><\/div><\/div><\/div><\/div><\/div><\/div><\/div><div class=\"vce-row-container\" data-vce-boxed-width=\"true\"><div class=\"vce-row vce-row--col-gap-30 fancy-bloc vce-row-equal-height vce-row-content--top\" id=\"el-3008a72a\" data-vce-do-apply=\"all el-3008a72a\"><div class=\"vce-row-content\" data-vce-element-content=\"true\"><div class=\"vce-col vce-col--md-auto vce-col--xs-1 vce-col--xs-last vce-col--xs-first vce-col--sm-last vce-col--sm-first vce-col--md-first vce-col--lg-first vce-col--xl-first\" id=\"el-626f5f2d\"><div class=\"vce-col-inner\" data-vce-do-apply=\"border margin background  el-626f5f2d\"><div class=\"vce-col-content\" data-vce-element-content=\"true\" data-vce-do-apply=\"padding el-626f5f2d\"><div class=\"vce-text-block\"><div class=\"vce-text-block-wrapper vce\" id=\"el-e87eca2e\" data-vce-do-apply=\"all el-e87eca2e\"><p><img loading=\"lazy\" decoding=\"async\" class=\"alignnone size-full wp-image-35\" src=\"https:\/\/www.reservit.com\/wp-content\/uploads\/2021\/01\/picto1.png\" alt=\"\" width=\"98\" height=\"82\">&nbsp; &nbsp;Una selecci\u00f3n de medios de pago adecuada a su actividad y clientela<\/p><\/div><\/div><\/div><\/div><\/div><div class=\"vce-col vce-col--md-auto vce-col--xs-1 vce-col--xs-last vce-col--xs-first vce-col--sm-last vce-col--sm-first vce-col--md-last vce-col--lg-last vce-col--xl-last\" id=\"el-1656ff19\"><div class=\"vce-col-inner\" data-vce-do-apply=\"border margin background  el-1656ff19\"><div class=\"vce-col-content\" data-vce-element-content=\"true\" data-vce-do-apply=\"padding el-1656ff19\"><div class=\"vce-text-block\"><div class=\"vce-text-block-wrapper vce\" id=\"el-86bdec29\" data-vce-do-apply=\"all el-86bdec29\"><p><img loading=\"lazy\" decoding=\"async\" class=\"alignnone size-full wp-image-30\" src=\"https:\/\/www.reservit.com\/wp-content\/uploads\/2021\/01\/demo.png\" alt=\"\" width=\"87\" height=\"87\">&nbsp; &nbsp;Flexibilidad de cobro, de realizaci\u00f3n de informes, de reembolsos para satisfacer y fidelizar a sus clientes<\/p><\/div><\/div><\/div><\/div><\/div><\/div><\/div><\/div><div class=\"vce-row-container\" data-vce-boxed-width=\"true\"><div class=\"vce-row vce-row--col-gap-30 fancy-bloc vce-row-equal-height vce-row-content--top\" id=\"el-a3cfa53f\" data-vce-do-apply=\"all el-a3cfa53f\"><div class=\"vce-row-content\" data-vce-element-content=\"true\"><div class=\"vce-col vce-col--md-auto vce-col--xs-1 vce-col--xs-last vce-col--xs-first vce-col--sm-last vce-col--sm-first vce-col--md-first vce-col--lg-first vce-col--xl-first\" id=\"el-9de68652\"><div class=\"vce-col-inner\" data-vce-do-apply=\"border margin background  el-9de68652\"><div class=\"vce-col-content\" data-vce-element-content=\"true\" data-vce-do-apply=\"padding el-9de68652\"><div class=\"vce-text-block\"><div class=\"vce-text-block-wrapper vce\" id=\"el-e682ce2a\" data-vce-do-apply=\"all el-e682ce2a\"><p><img loading=\"lazy\" decoding=\"async\" class=\"alignnone size-full wp-image-37\" src=\"https:\/\/www.reservit.com\/wp-content\/uploads\/2021\/01\/picto3.png\" alt=\"\" width=\"95\" height=\"82\">&nbsp; Para su cliente, la comodidad de pagar en el momento de la reserva<\/p><\/div><\/div><\/div><\/div><\/div><div class=\"vce-col vce-col--md-auto vce-col--xs-1 vce-col--xs-last vce-col--xs-first vce-col--sm-last vce-col--sm-first vce-col--md-last vce-col--lg-last vce-col--xl-last\" id=\"el-18afd86a\"><div class=\"vce-col-inner\" data-vce-do-apply=\"border margin background  el-18afd86a\"><div class=\"vce-col-content\" data-vce-element-content=\"true\" data-vce-do-apply=\"padding el-18afd86a\"><div class=\"vce-text-block\"><div class=\"vce-text-block-wrapper vce\" id=\"el-e3425ff6\" data-vce-do-apply=\"all el-e3425ff6\"><p><img loading=\"lazy\" decoding=\"async\" class=\"alignnone size-full wp-image-36\" src=\"..\/..\/zeeptapo\/2021\/01\/picto2.png\" alt=\"\" width=\"90\" height=\"63\">&nbsp; Posibilidad de hacer que el 100% de las tarifas se paguen por adelantado y de carg\u00e1rselas autom\u00e1ticamente al cliente<\/p><\/div><\/div><\/div><\/div><\/div><\/div><\/div><\/div><div class=\"vce-row-container\" data-vce-boxed-width=\"true\"><div class=\"vce-row vce-row--col-gap-30 vce-row-equal-height vce-row-content--top\" id=\"el-14663c98\" data-vce-do-apply=\"all el-14663c98\"><div class=\"vce-content-background-container\"><\/div><div class=\"vce-row-content\" data-vce-element-content=\"true\"><div class=\"vce-col vce-col--md-auto vce-col--xs-1 vce-col--xs-last vce-col--xs-first vce-col--sm-last vce-col--sm-first vce-col--md-last vce-col--lg-last vce-col--xl-last vce-col--md-first vce-col--lg-first vce-col--xl-first\" id=\"el-2eb2ed62\"><div class=\"vce-col-inner\" data-vce-do-apply=\"border margin background  el-2eb2ed62\"><div class=\"vce-col-content\" data-vce-element-content=\"true\" data-vce-do-apply=\"padding el-2eb2ed62\"><div class=\"vce-text-block\"><div class=\"vce-text-block-wrapper vce\" id=\"el-f0545d5b\" data-vce-do-apply=\"all el-f0545d5b\"><h2 style=\"text-align: center;\">Proteja su actividad frente a los impagos<\/h2><p style=\"text-align: left;\">3d Secure es un protocolo antifraude establecido por Visa y MasterCard.<\/p><ul><li>Le protege contra el repudio de las transacciones.<\/li><li>Permite autentificar al portador de la tarjeta a trav\u00e9s de su banco en el momento de la compra en l\u00ednea.<\/li><li>El protocolo 3DSecure se encuentra disponible en nuestras soluciones, basta con solicitar su activaci\u00f3n.<\/li><\/ul><\/div><\/div><\/div><\/div><\/div><\/div><\/div><\/div><div class=\"vce-row-container\" data-vce-boxed-width=\"true\"><div class=\"vce-row vce-row--has-col-background vce-row--col-gap-70 vce-row-equal-height vce-row-content--top\" id=\"el-d246aba8\" data-vce-do-apply=\"all el-d246aba8\"><div class=\"vce-content-background-container\"><\/div><div class=\"vce-row-content\" data-vce-element-content=\"true\"><div class=\"vce-col vce-col--md-43-35p vce-col--xs-1 vce-col--xs-last vce-col--xs-first vce-col--sm-last vce-col--sm-first vce-col--md-first vce-col--lg-first vce-col--xl-first\" id=\"el-376874ee\"><div class=\"vce-col-inner\" data-vce-do-apply=\"border margin background  el-376874ee\"><div class=\"vce-col-content\" data-vce-element-content=\"true\" data-vce-do-apply=\"padding el-376874ee\"><div class=\"vce-text-block\"><div class=\"vce-text-block-wrapper vce\" id=\"el-f2adaf45\" data-vce-do-apply=\"all el-f2adaf45\"><h2 style=\"text-align: left;\">Sus ventajas<\/h2><ul><li>Ganar tiempo<\/li><li>Refuerzo de liquidez<\/li><li>Sin errores en la introducci\u00f3n de datos<\/li><li>Menos riesgos de pagos invalidados<\/li><li>Posibilidad de pagos parciales o a plazos<\/li><li>Posibilidad de comprobar la validez de las tarjetas proporcionadas<\/li><\/ul><\/div><\/div><\/div><\/div><\/div><div class=\"vce-col vce-element--has-background vce-col--md-56-65p vce-col--xs-1 vce-col--xs-last vce-col--xs-first vce-col--sm-last vce-col--sm-first vce-col--md-last vce-col--lg-last vce-col--xl-last\" id=\"el-fba5445d\"><div class=\"vce-col-inner\" data-vce-do-apply=\"border margin background  el-fba5445d\"><div class=\"vce-content-background-container\"><div class=\"vce-asset-background-simple-container vce-visible-all-only vce-asset-background-simple--style-cover vce-asset-background-simple--position-center-top\"><div class=\"vce-asset-background-simple\"><div class=\"vce-asset-background-simple-item\" style=\"background-image: url('https:\/\/www.reservit.com\/wp-content\/uploads\/2021\/02\/rupixen-com-Q59HmzK38eQ-unsplash-scaled.jpg');\"><\/div><\/div><\/div><\/div><div class=\"vce-col-content\" data-vce-element-content=\"true\" data-vce-do-apply=\"padding el-fba5445d\"><\/div><\/div><\/div><\/div><\/div><\/div>\n","protected":false},"excerpt":{"rendered":"<p>Pago en l\u00edneaPago en l\u00ednea seguro a trav\u00e9s de 3DsecurePersonalice su oferta no en su sitio oficial&nbsp; &nbsp;Una selecci\u00f3n de medios de pago adecuada a su actividad y clientela&nbsp; &nbsp;Flexibilidad de cobro, de realizaci\u00f3n de informes, de reembolsos para satisfacer y fidelizar a sus clientes&nbsp; Para su cliente, la comodidad de pagar en el momento [&hellip;]<\/p>\n","protected":false},"author":5,"featured_media":11142,"parent":0,"menu_order":0,"comment_status":"closed","ping_status":"closed","template":"","meta":{"footnotes":""},"class_list":["post-2778","page","type-page","status-publish","has-post-thumbnail","hentry"],"yoast_head":"<!-- This site is optimized with the Yoast SEO plugin v24.1 - https:\/\/yoast.com\/wordpress\/plugins\/seo\/ -->\n<title>Alojamiento | Pago en l\u00ednea<\/title>\n<meta name=\"description\" content=\"Pago en l\u00edneaPago en l\u00ednea seguro a trav\u00e9s de 3DsecurePersonalice su oferta no en su sitio oficial&nbsp; &nbsp;Una selecci\u00f3n de medios de pago adecuada a\" \/>\n<meta name=\"robots\" content=\"index, follow, max-snippet:-1, max-image-preview:large, max-video-preview:-1\" \/>\n<link rel=\"canonical\" href=\"https:\/\/reservit.wagaia.com\/es\/alojamiento-pago-en-linea\/\" \/>\n<meta property=\"og:locale\" content=\"es_ES\" \/>\n<meta property=\"og:type\" content=\"article\" \/>\n<meta property=\"og:title\" content=\"Alojamiento | Pago en l\u00ednea\" \/>\n<meta property=\"og:description\" content=\"Pago en l\u00edneaPago en l\u00ednea seguro a trav\u00e9s de 3DsecurePersonalice su oferta no en su sitio oficial&nbsp; &nbsp;Una selecci\u00f3n de medios de pago adecuada a\" \/>\n<meta property=\"og:url\" content=\"https:\/\/reservit.wagaia.com\/es\/alojamiento-pago-en-linea\/\" \/>\n<meta property=\"og:site_name\" content=\"Reservit\" \/>\n<meta property=\"article:modified_time\" content=\"2021-08-10T12:04:06+00:00\" \/>\n<meta property=\"og:image\" content=\"https:\/\/reservit.wagaia.com\/zeeptapo\/2024\/08\/RIT-PMS-8.png\" \/>\n\t<meta property=\"og:image:width\" content=\"800\" \/>\n\t<meta property=\"og:image:height\" content=\"500\" \/>\n\t<meta property=\"og:image:type\" content=\"image\/png\" \/>\n<meta name=\"twitter:card\" content=\"summary_large_image\" \/>\n<meta name=\"twitter:label1\" content=\"Tiempo de lectura\" \/>\n\t<meta name=\"twitter:data1\" content=\"1 minuto\" \/>\n<script type=\"application\/ld+json\" class=\"yoast-schema-graph\">{\"@context\":\"https:\/\/schema.org\",\"@graph\":[{\"@type\":\"WebPage\",\"@id\":\"https:\/\/reservit.wagaia.com\/es\/alojamiento-pago-en-linea\/\",\"url\":\"https:\/\/reservit.wagaia.com\/es\/alojamiento-pago-en-linea\/\",\"name\":\"Alojamiento | Pago en l\u00ednea\",\"isPartOf\":{\"@id\":\"https:\/\/reservit.wagaia.com\/es\/#website\"},\"primaryImageOfPage\":{\"@id\":\"https:\/\/reservit.wagaia.com\/es\/alojamiento-pago-en-linea\/#primaryimage\"},\"image\":{\"@id\":\"https:\/\/reservit.wagaia.com\/es\/alojamiento-pago-en-linea\/#primaryimage\"},\"thumbnailUrl\":\"https:\/\/reservit.wagaia.com\/zeeptapo\/2024\/08\/RIT-PMS-8.png\",\"datePublished\":\"2021-01-14T15:25:36+00:00\",\"dateModified\":\"2021-08-10T12:04:06+00:00\",\"description\":\"Pago en l\u00edneaPago en l\u00ednea seguro a trav\u00e9s de 3DsecurePersonalice su oferta no en su sitio oficial&nbsp; &nbsp;Una selecci\u00f3n de medios de pago adecuada a\",\"breadcrumb\":{\"@id\":\"https:\/\/reservit.wagaia.com\/es\/alojamiento-pago-en-linea\/#breadcrumb\"},\"inLanguage\":\"es\",\"potentialAction\":[{\"@type\":\"ReadAction\",\"target\":[\"https:\/\/reservit.wagaia.com\/es\/alojamiento-pago-en-linea\/\"]}]},{\"@type\":\"ImageObject\",\"inLanguage\":\"es\",\"@id\":\"https:\/\/reservit.wagaia.com\/es\/alojamiento-pago-en-linea\/#primaryimage\",\"url\":\"https:\/\/reservit.wagaia.com\/zeeptapo\/2024\/08\/RIT-PMS-8.png\",\"contentUrl\":\"https:\/\/reservit.wagaia.com\/zeeptapo\/2024\/08\/RIT-PMS-8.png\",\"width\":800,\"height\":500},{\"@type\":\"BreadcrumbList\",\"@id\":\"https:\/\/reservit.wagaia.com\/es\/alojamiento-pago-en-linea\/#breadcrumb\",\"itemListElement\":[{\"@type\":\"ListItem\",\"position\":1,\"name\":\"Accueil\",\"item\":\"https:\/\/reservit.wagaia.com\/es\/\"},{\"@type\":\"ListItem\",\"position\":2,\"name\":\"Alojamiento | Pago en l\u00ednea\"}]},{\"@type\":\"WebSite\",\"@id\":\"https:\/\/reservit.wagaia.com\/es\/#website\",\"url\":\"https:\/\/reservit.wagaia.com\/es\/\",\"name\":\"Reservit\",\"description\":\"Un site utilisant WordPress\",\"potentialAction\":[{\"@type\":\"SearchAction\",\"target\":{\"@type\":\"EntryPoint\",\"urlTemplate\":\"https:\/\/reservit.wagaia.com\/es\/?s={search_term_string}\"},\"query-input\":{\"@type\":\"PropertyValueSpecification\",\"valueRequired\":true,\"valueName\":\"search_term_string\"}}],\"inLanguage\":\"es\"}]}<\/script>\n<!-- \/ Yoast SEO plugin. -->","yoast_head_json":{"title":"Alojamiento | Pago en l\u00ednea","description":"Pago en l\u00edneaPago en l\u00ednea seguro a trav\u00e9s de 3DsecurePersonalice su oferta no en su sitio oficial&nbsp; &nbsp;Una selecci\u00f3n de medios de pago adecuada a","robots":{"index":"index","follow":"follow","max-snippet":"max-snippet:-1","max-image-preview":"max-image-preview:large","max-video-preview":"max-video-preview:-1"},"canonical":"https:\/\/reservit.wagaia.com\/es\/alojamiento-pago-en-linea\/","og_locale":"es_ES","og_type":"article","og_title":"Alojamiento | Pago en l\u00ednea","og_description":"Pago en l\u00edneaPago en l\u00ednea seguro a trav\u00e9s de 3DsecurePersonalice su oferta no en su sitio oficial&nbsp; &nbsp;Una selecci\u00f3n de medios de pago adecuada a","og_url":"https:\/\/reservit.wagaia.com\/es\/alojamiento-pago-en-linea\/","og_site_name":"Reservit","article_modified_time":"2021-08-10T12:04:06+00:00","og_image":[{"width":800,"height":500,"url":"https:\/\/reservit.wagaia.com\/zeeptapo\/2024\/08\/RIT-PMS-8.png","type":"image\/png"}],"twitter_card":"summary_large_image","twitter_misc":{"Tiempo de lectura":"1 minuto"},"schema":{"@context":"https:\/\/schema.org","@graph":[{"@type":"WebPage","@id":"https:\/\/reservit.wagaia.com\/es\/alojamiento-pago-en-linea\/","url":"https:\/\/reservit.wagaia.com\/es\/alojamiento-pago-en-linea\/","name":"Alojamiento | Pago en l\u00ednea","isPartOf":{"@id":"https:\/\/reservit.wagaia.com\/es\/#website"},"primaryImageOfPage":{"@id":"https:\/\/reservit.wagaia.com\/es\/alojamiento-pago-en-linea\/#primaryimage"},"image":{"@id":"https:\/\/reservit.wagaia.com\/es\/alojamiento-pago-en-linea\/#primaryimage"},"thumbnailUrl":"https:\/\/reservit.wagaia.com\/zeeptapo\/2024\/08\/RIT-PMS-8.png","datePublished":"2021-01-14T15:25:36+00:00","dateModified":"2021-08-10T12:04:06+00:00","description":"Pago en l\u00edneaPago en l\u00ednea seguro a trav\u00e9s de 3DsecurePersonalice su oferta no en su sitio oficial&nbsp; &nbsp;Una selecci\u00f3n de medios de pago adecuada a","breadcrumb":{"@id":"https:\/\/reservit.wagaia.com\/es\/alojamiento-pago-en-linea\/#breadcrumb"},"inLanguage":"es","potentialAction":[{"@type":"ReadAction","target":["https:\/\/reservit.wagaia.com\/es\/alojamiento-pago-en-linea\/"]}]},{"@type":"ImageObject","inLanguage":"es","@id":"https:\/\/reservit.wagaia.com\/es\/alojamiento-pago-en-linea\/#primaryimage","url":"https:\/\/reservit.wagaia.com\/zeeptapo\/2024\/08\/RIT-PMS-8.png","contentUrl":"https:\/\/reservit.wagaia.com\/zeeptapo\/2024\/08\/RIT-PMS-8.png","width":800,"height":500},{"@type":"BreadcrumbList","@id":"https:\/\/reservit.wagaia.com\/es\/alojamiento-pago-en-linea\/#breadcrumb","itemListElement":[{"@type":"ListItem","position":1,"name":"Accueil","item":"https:\/\/reservit.wagaia.com\/es\/"},{"@type":"ListItem","position":2,"name":"Alojamiento | Pago en l\u00ednea"}]},{"@type":"WebSite","@id":"https:\/\/reservit.wagaia.com\/es\/#website","url":"https:\/\/reservit.wagaia.com\/es\/","name":"Reservit","description":"Un site utilisant WordPress","potentialAction":[{"@type":"SearchAction","target":{"@type":"EntryPoint","urlTemplate":"https:\/\/reservit.wagaia.com\/es\/?s={search_term_string}"},"query-input":{"@type":"PropertyValueSpecification","valueRequired":true,"valueName":"search_term_string"}}],"inLanguage":"es"}]}},"_links":{"self":[{"href":"https:\/\/reservit.wagaia.com\/es\/wp-json\/wp\/v2\/pages\/2778","targetHints":{"allow":["GET"]}}],"collection":[{"href":"https:\/\/reservit.wagaia.com\/es\/wp-json\/wp\/v2\/pages"}],"about":[{"href":"https:\/\/reservit.wagaia.com\/es\/wp-json\/wp\/v2\/types\/page"}],"author":[{"embeddable":true,"href":"https:\/\/reservit.wagaia.com\/es\/wp-json\/wp\/v2\/users\/5"}],"replies":[{"embeddable":true,"href":"https:\/\/reservit.wagaia.com\/es\/wp-json\/wp\/v2\/comments?post=2778"}],"version-history":[{"count":0,"href":"https:\/\/reservit.wagaia.com\/es\/wp-json\/wp\/v2\/pages\/2778\/revisions"}],"wp:featuredmedia":[{"embeddable":true,"href":"https:\/\/reservit.wagaia.com\/es\/wp-json\/wp\/v2\/media\/11142"}],"wp:attachment":[{"href":"https:\/\/reservit.wagaia.com\/es\/wp-json\/wp\/v2\/media?parent=2778"}],"curies":[{"name":"wp","href":"https:\/\/api.w.org\/{rel}","templated":true}]}}