{"id":2776,"date":"2021-01-14T15:48:17","date_gmt":"2021-01-14T14:48:17","guid":{"rendered":"https:\/\/www.reservit.com\/channel-manager-hebergement\/"},"modified":"2021-08-10T14:03:20","modified_gmt":"2021-08-10T12:03:20","slug":"alojamiento-channel-manager","status":"publish","type":"page","link":"https:\/\/reservit.wagaia.com\/es\/alojamiento-channel-manager\/","title":{"rendered":""},"content":{"rendered":"<div class=\"vce-row-container\" data-vce-boxed-width=\"true\"><div class=\"vce-row vce-element--has-background vce-row--col-gap-30 page-banner vce-row-content--middle\" id=\"el-94b67783\" data-vce-do-apply=\"all el-94b67783\"><div class=\"vce-content-background-container\"><div class=\"vce-asset-background-simple-container vce-visible-all-only vce-asset-background-simple--style-cover vce-asset-background-simple--position-center-top\"><div class=\"vce-asset-background-simple\">\n              <div class=\"vce-asset-background-simple-item vcv-lozad\" data-background-image=\"https:\/\/www.reservit.com\/wp-content\/uploads\/2021\/02\/ordinateur-1500x630-1.jpg\"><\/div>\n              <noscript>\n                <div class=\"vce-asset-background-simple-item\" style=\"background-image: url(https:\/\/www.reservit.com\/wp-content\/uploads\/2021\/02\/ordinateur-1500x630-1.jpg)\"><\/div>\n              <\/noscript>\n            <\/div><\/div><\/div><div class=\"vce-row-content\" data-vce-element-content=\"true\"><div class=\"vce-col vce-col--md-auto vce-col--xs-1 vce-col--xs-last vce-col--xs-first vce-col--sm-last vce-col--sm-first vce-col--md-last vce-col--lg-last vce-col--xl-last vce-col--md-first vce-col--lg-first vce-col--xl-first\" id=\"el-d252c871\"><div class=\"vce-col-inner\" data-vce-do-apply=\"border margin background  el-d252c871\"><div class=\"vce-col-content\" data-vce-element-content=\"true\" data-vce-do-apply=\"padding el-d252c871\"><div class=\"vce-text-block banner-arrows\"><div class=\"vce-text-block-wrapper vce\" id=\"el-c450b284\" data-vce-do-apply=\"all el-c450b284\"><h1>Channel Manager<\/h1><p>Un stock \u00fanico, una gesti\u00f3n especifica para cada distribuidor<\/p><\/div><\/div><\/div><\/div><\/div><\/div><\/div><\/div><div class=\"vce-row-container\" data-vce-boxed-width=\"true\"><div class=\"vce-row vce-row--col-gap-30 vce-row-equal-height vce-row-content--top\" id=\"el-14663c98\" data-vce-do-apply=\"all el-14663c98\"><div class=\"vce-content-background-container\"><\/div><div class=\"vce-row-content\" data-vce-element-content=\"true\"><div class=\"vce-col vce-col--md-auto vce-col--xs-1 vce-col--xs-last vce-col--xs-first vce-col--sm-last vce-col--sm-first vce-col--md-last vce-col--lg-last vce-col--xl-last vce-col--md-first vce-col--lg-first vce-col--xl-first\" id=\"el-2eb2ed62\"><div class=\"vce-col-inner\" data-vce-do-apply=\"border margin background  el-2eb2ed62\"><div class=\"vce-col-content\" data-vce-element-content=\"true\" data-vce-do-apply=\"padding el-2eb2ed62\"><div class=\"vce-text-block\"><div class=\"vce-text-block-wrapper vce\" id=\"el-b8ef25a9\" data-vce-do-apply=\"all el-b8ef25a9\"><h2 style=\"text-align: center;\">\u00bf Que es un Channel manager ?<\/h2><p>El channel manager de Reservit es una sencilla herramienta que permite gestionar su establecimiento y mantenerlo actualizado en distintos canales de distribuci\u00f3n desde una sola interfaz.<\/p><p>Un \u00fanico objetivo: multiplicar las reservas de sus habitaciones (y locales). Todos los canales configurados en su channel manager tienen en cuenta la modificaci\u00f3n de sus tarifas, la disponibilidad de las habitaciones y los contenidos informativos.<\/p><h3>Sus ventajas :<\/h3><ul><li>Interfaces de comunicaci\u00f3n \u00ab2-ways\u00bb, ascendentes y descendentes, para garantizar la trazabilidad y la fiabilidad de los intercambios en tiempo real<\/li><li>Relaciones privilegiadas con los distribuidores<\/li><li>Un mismo stock compartido entre varios distribuidores para evitar la sobrerreserva<\/li><li>Posibilidad de control individual de cada canal<\/li><li>Posibilidad de env\u00edo del contenido (descripciones, fotos, facilidades, etc.) para una presentaci\u00f3n de los establecimientos en los diferentes canales<\/li><li>Benef\u00edciese de la amplia red de socios Reservit: principales distribuidores del mercado, del territorio e institucionales<\/li><\/ul><\/div><\/div><div class=\"vce-button--style-basic-container vce-button--style-basic-container--align-center\"><span class=\"vce-button--style-basic-wrapper vce\" id=\"el-82aa0285\" data-vce-do-apply=\"margin el-82aa0285\"><a class=\"vce-button--style-basic vce-button--style-basic--border-round vce-button--style-basic--size-medium vce-button--style-basic--color-empty--b-215-21-92\" href=\"https:\/\/www.reservit.com\/es\/socios-distribuidores\/\" title=\"\" target=\"_blank\" data-vce-do-apply=\"padding border background  el-82aa0285\" rel=\"noopener\">Nuestros socios de distribuci\u00f3n<\/a><\/span><\/div><\/div><\/div><\/div><\/div><\/div><\/div><div class=\"vce-row-container\" data-vce-boxed-width=\"true\"><div class=\"vce-row vce-row--has-col-background vce-row--col-gap-70 vce-row-equal-height vce-row-content--top\" id=\"el-b1dc623b\" data-vce-do-apply=\"all el-b1dc623b\"><div class=\"vce-row-content\" data-vce-element-content=\"true\"><div class=\"vce-col vce-col--md-43-35p vce-col--xs-1 vce-col--xs-last vce-col--xs-first vce-col--sm-last vce-col--sm-first vce-col--md-first vce-col--lg-first vce-col--xl-first\" id=\"el-74faf984\"><div class=\"vce-col-inner\" data-vce-do-apply=\"border margin background  el-74faf984\"><div class=\"vce-col-content\" data-vce-element-content=\"true\" data-vce-do-apply=\"padding el-74faf984\"><div class=\"vce-text-block\"><div class=\"vce-text-block-wrapper vce\" id=\"el-70da49cf\" data-vce-do-apply=\"all el-70da49cf\"><h2 style=\"text-align: center;\">Gestione su comercializaci\u00f3n<\/h2><p>Gracias a su experiencia, Reservit ha puesto en marcha una plataforma compatible a escala internacional que permite la comunicaci\u00f3n directa en tiempo real entre las soluciones Reservit y los principales distribuidores del mercado.<\/p><p>Con cerca de 10 000 establecimientos usuarios de Reservit Hotels y un trabajo realizado en estrecha colaboraci\u00f3n con sus clientes, Reservit ofrece las mejores oportunidades para establecer contactos directos y fiables con los distribuidores de su Channel Manager.<\/p><p>Puede cerrar cada canal espec\u00edficamente d\u00eda a d\u00eda en funci\u00f3n de las distintas estrategias comerciales y de marketing que quiera aplicar. Gracias a la mayor capacidad de reacci\u00f3n y a la visi\u00f3n global que proporciona, la implantaci\u00f3n del Channel Manager y sus conexiones permite aumentar considerablemente su rendimiento comercial con cada distribuidor, como Booking, Expedia, HRS\u2026<\/p><\/div><\/div><\/div><\/div><\/div><div class=\"vce-col vce-element--has-background vce-col--md-56-65p vce-col--xs-1 vce-col--xs-last vce-col--xs-first vce-col--sm-last vce-col--sm-first vce-col--md-last vce-col--lg-last vce-col--xl-last\" id=\"el-9f3f8826\"><div class=\"vce-col-inner\" data-vce-do-apply=\"border margin background  el-9f3f8826\"><div class=\"vce-content-background-container\"><div class=\"vce-asset-background-simple-container vce-visible-all-only vce-asset-background-simple--style-cover vce-asset-background-simple--position-center-top\"><div class=\"vce-asset-background-simple\">\n              <div class=\"vce-asset-background-simple-item vcv-lozad\" data-background-image=\"https:\/\/www.reservit.com\/wp-content\/uploads\/2021\/02\/tyler-franta-iusJ25iYu1c-unsplash-1-scaled.jpg\"><\/div>\n              <noscript>\n                <div class=\"vce-asset-background-simple-item\" style=\"background-image: url(https:\/\/www.reservit.com\/wp-content\/uploads\/2021\/02\/tyler-franta-iusJ25iYu1c-unsplash-1-scaled.jpg)\"><\/div>\n              <\/noscript>\n            <\/div><\/div><\/div><div class=\"vce-col-content\" data-vce-element-content=\"true\" data-vce-do-apply=\"padding el-9f3f8826\"><\/div><\/div><\/div><\/div><\/div><\/div><div class=\"vce-row-container\" data-vce-boxed-width=\"true\"><div class=\"vce-row vce-row--col-gap-30 vce-row-equal-height vce-row-content--top\" id=\"el-0f2a32b6\" data-vce-do-apply=\"all el-0f2a32b6\"><div class=\"vce-row-content\" data-vce-element-content=\"true\"><div class=\"vce-col vce-col--md-auto vce-col--xs-1 vce-col--xs-last vce-col--xs-first vce-col--sm-last vce-col--sm-first vce-col--md-last vce-col--lg-last vce-col--xl-last vce-col--md-first vce-col--lg-first vce-col--xl-first\" id=\"el-63c34b06\"><div class=\"vce-col-inner\" data-vce-do-apply=\"border margin background  el-63c34b06\"><div class=\"vce-col-content\" data-vce-element-content=\"true\" data-vce-do-apply=\"padding el-63c34b06\"><div class=\"vce-text-block\"><div class=\"vce-text-block-wrapper vce\" id=\"el-7f4dcb71\" data-vce-do-apply=\"all el-7f4dcb71\"><h2 style=\"text-align: center;\">\u00bfPor qu\u00e9 utilizar el Channel manager de Reservit?<\/h2><\/div><\/div><\/div><\/div><\/div><\/div><\/div><\/div><div class=\"vce-row-container\" data-vce-boxed-width=\"true\"><div class=\"vce-row vce-row--col-gap-30 fancy-bloc vce-row-equal-height vce-row-content--top\" id=\"el-0b036905\" data-vce-do-apply=\"all el-0b036905\"><div class=\"vce-content-background-container\"><\/div><div class=\"vce-row-content\" data-vce-element-content=\"true\"><div class=\"vce-col vce-col--md-auto vce-col--xs-1 vce-col--xs-last vce-col--xs-first vce-col--sm-last vce-col--sm-first vce-col--md-first vce-col--lg-first vce-col--xl-first\" id=\"el-4484828a\"><div class=\"vce-col-inner\" data-vce-do-apply=\"border margin background  el-4484828a\"><div class=\"vce-col-content\" data-vce-element-content=\"true\" data-vce-do-apply=\"padding el-4484828a\"><div class=\"vce-text-block\"><div class=\"vce-text-block-wrapper vce\" id=\"el-24a14d70\" data-vce-do-apply=\"all el-24a14d70\"><p><img loading=\"lazy\" decoding=\"async\" class=\"alignnone size-full wp-image-37\" src=\"https:\/\/www.reservit.com\/wp-content\/uploads\/2021\/01\/picto3.png\" alt=\"\" width=\"95\" height=\"82\">&nbsp; Optimizaci\u00f3n de su estrategia<\/p><\/div><\/div><\/div><\/div><\/div><div class=\"vce-col vce-col--md-auto vce-col--xs-1 vce-col--xs-last vce-col--xs-first vce-col--sm-last vce-col--sm-first\" id=\"el-b367d5d6\"><div class=\"vce-col-inner\" data-vce-do-apply=\"border margin background  el-b367d5d6\"><div class=\"vce-col-content\" data-vce-element-content=\"true\" data-vce-do-apply=\"padding el-b367d5d6\"><div class=\"vce-text-block\"><div class=\"vce-text-block-wrapper vce\" id=\"el-0f20ec98\" data-vce-do-apply=\"all el-0f20ec98\"><p><img loading=\"lazy\" decoding=\"async\" class=\"alignnone size-full wp-image-36\" src=\"https:\/\/www.reservit.com\/wp-content\/uploads\/2021\/01\/picto2.png\" alt=\"\" width=\"90\" height=\"63\">&nbsp; Ahorro de tiempo considerable<\/p><\/div><\/div><\/div><\/div><\/div><div class=\"vce-col vce-col--md-auto vce-col--xs-1 vce-col--xs-last vce-col--xs-first vce-col--sm-last vce-col--sm-first\" id=\"el-981414a9\"><div class=\"vce-col-inner\" data-vce-do-apply=\"border margin background  el-981414a9\"><div class=\"vce-col-content\" data-vce-element-content=\"true\" data-vce-do-apply=\"padding el-981414a9\"><div class=\"vce-text-block\"><div class=\"vce-text-block-wrapper vce\" id=\"el-bc9e8bfa\" data-vce-do-apply=\"all el-bc9e8bfa\"><p><img loading=\"lazy\" decoding=\"async\" class=\"alignnone size-full wp-image-30\" src=\"https:\/\/www.reservit.com\/wp-content\/uploads\/2021\/01\/demo.png\" alt=\"\" width=\"87\" height=\"87\">&nbsp; Menor riesgo de sobrerreserva<\/p><\/div><\/div><\/div><\/div><\/div><div class=\"vce-col vce-col--md-auto vce-col--xs-1 vce-col--xs-last vce-col--xs-first vce-col--sm-last vce-col--sm-first vce-col--md-last vce-col--lg-last vce-col--xl-last\" id=\"el-36e3b73e\"><div class=\"vce-col-inner\" data-vce-do-apply=\"border margin background  el-36e3b73e\"><div class=\"vce-col-content\" data-vce-element-content=\"true\" data-vce-do-apply=\"padding el-36e3b73e\"><div class=\"vce-text-block\"><div class=\"vce-text-block-wrapper vce\" id=\"el-4f1c6c0b\" data-vce-do-apply=\"all el-4f1c6c0b\"><p><img loading=\"lazy\" decoding=\"async\" class=\"alignnone size-full wp-image-35\" src=\"https:\/\/www.reservit.com\/wp-content\/uploads\/2021\/01\/picto1.png\" alt=\"\" width=\"98\" height=\"82\">&nbsp; Automatizaci\u00f3n de las reservas<\/p><\/div><\/div><\/div><\/div><\/div><\/div><\/div><\/div>\n","protected":false},"excerpt":{"rendered":"<p>Channel ManagerUn stock \u00fanico, una gesti\u00f3n especifica para cada distribuidor\u00bf Que es un Channel manager ?El channel manager de Reservit es una sencilla herramienta que permite gestionar su establecimiento y mantenerlo actualizado en distintos canales de distribuci\u00f3n desde una sola interfaz.Un \u00fanico objetivo: multiplicar las reservas de sus habitaciones (y locales). Todos los canales configurados [&hellip;]<\/p>\n","protected":false},"author":5,"featured_media":0,"parent":0,"menu_order":0,"comment_status":"closed","ping_status":"closed","template":"","meta":{"footnotes":""},"class_list":["post-2776","page","type-page","status-publish","hentry"],"yoast_head":"<!-- This site is optimized with the Yoast SEO plugin v24.1 - https:\/\/yoast.com\/wordpress\/plugins\/seo\/ -->\n<title>Alojamiento | Channel manager<\/title>\n<meta name=\"description\" content=\"Channel ManagerUn stock \u00fanico, una gesti\u00f3n especifica para cada distribuidor\u00bf Que es un Channel manager ?El channel manager de Reservit es una sencilla\" \/>\n<meta name=\"robots\" content=\"index, follow, max-snippet:-1, max-image-preview:large, max-video-preview:-1\" \/>\n<link rel=\"canonical\" href=\"https:\/\/reservit.wagaia.com\/es\/alojamiento-channel-manager\/\" \/>\n<meta property=\"og:locale\" content=\"es_ES\" \/>\n<meta property=\"og:type\" content=\"article\" \/>\n<meta property=\"og:title\" content=\"Alojamiento | Channel manager\" \/>\n<meta property=\"og:description\" content=\"Channel ManagerUn stock \u00fanico, una gesti\u00f3n especifica para cada distribuidor\u00bf Que es un Channel manager ?El channel manager de Reservit es una sencilla\" \/>\n<meta property=\"og:url\" content=\"https:\/\/reservit.wagaia.com\/es\/alojamiento-channel-manager\/\" \/>\n<meta property=\"og:site_name\" content=\"Reservit\" \/>\n<meta property=\"article:modified_time\" content=\"2021-08-10T12:03:20+00:00\" \/>\n<meta property=\"og:image\" content=\"https:\/\/www.reservit.com\/wp-content\/uploads\/2021\/01\/picto3.png\" \/>\n<meta name=\"twitter:card\" content=\"summary_large_image\" \/>\n<meta name=\"twitter:label1\" content=\"Tiempo de lectura\" \/>\n\t<meta name=\"twitter:data1\" content=\"2 minutos\" \/>\n<script type=\"application\/ld+json\" class=\"yoast-schema-graph\">{\"@context\":\"https:\/\/schema.org\",\"@graph\":[{\"@type\":\"WebPage\",\"@id\":\"https:\/\/reservit.wagaia.com\/es\/alojamiento-channel-manager\/\",\"url\":\"https:\/\/reservit.wagaia.com\/es\/alojamiento-channel-manager\/\",\"name\":\"Alojamiento | Channel manager\",\"isPartOf\":{\"@id\":\"https:\/\/reservit.wagaia.com\/es\/#website\"},\"primaryImageOfPage\":{\"@id\":\"https:\/\/reservit.wagaia.com\/es\/alojamiento-channel-manager\/#primaryimage\"},\"image\":{\"@id\":\"https:\/\/reservit.wagaia.com\/es\/alojamiento-channel-manager\/#primaryimage\"},\"thumbnailUrl\":\"https:\/\/www.reservit.com\/wp-content\/uploads\/2021\/01\/picto3.png\",\"datePublished\":\"2021-01-14T14:48:17+00:00\",\"dateModified\":\"2021-08-10T12:03:20+00:00\",\"description\":\"Channel ManagerUn stock \u00fanico, una gesti\u00f3n especifica para cada distribuidor\u00bf Que es un Channel manager ?El channel manager de Reservit es una sencilla\",\"breadcrumb\":{\"@id\":\"https:\/\/reservit.wagaia.com\/es\/alojamiento-channel-manager\/#breadcrumb\"},\"inLanguage\":\"es\",\"potentialAction\":[{\"@type\":\"ReadAction\",\"target\":[\"https:\/\/reservit.wagaia.com\/es\/alojamiento-channel-manager\/\"]}]},{\"@type\":\"ImageObject\",\"inLanguage\":\"es\",\"@id\":\"https:\/\/reservit.wagaia.com\/es\/alojamiento-channel-manager\/#primaryimage\",\"url\":\"https:\/\/www.reservit.com\/wp-content\/uploads\/2021\/01\/picto3.png\",\"contentUrl\":\"https:\/\/www.reservit.com\/wp-content\/uploads\/2021\/01\/picto3.png\"},{\"@type\":\"BreadcrumbList\",\"@id\":\"https:\/\/reservit.wagaia.com\/es\/alojamiento-channel-manager\/#breadcrumb\",\"itemListElement\":[{\"@type\":\"ListItem\",\"position\":1,\"name\":\"Accueil\",\"item\":\"https:\/\/reservit.wagaia.com\/es\/\"},{\"@type\":\"ListItem\",\"position\":2,\"name\":\"Alojamiento | Channel manager\"}]},{\"@type\":\"WebSite\",\"@id\":\"https:\/\/reservit.wagaia.com\/es\/#website\",\"url\":\"https:\/\/reservit.wagaia.com\/es\/\",\"name\":\"Reservit\",\"description\":\"Un site utilisant WordPress\",\"potentialAction\":[{\"@type\":\"SearchAction\",\"target\":{\"@type\":\"EntryPoint\",\"urlTemplate\":\"https:\/\/reservit.wagaia.com\/es\/?s={search_term_string}\"},\"query-input\":{\"@type\":\"PropertyValueSpecification\",\"valueRequired\":true,\"valueName\":\"search_term_string\"}}],\"inLanguage\":\"es\"}]}<\/script>\n<!-- \/ Yoast SEO plugin. -->","yoast_head_json":{"title":"Alojamiento | Channel manager","description":"Channel ManagerUn stock \u00fanico, una gesti\u00f3n especifica para cada distribuidor\u00bf Que es un Channel manager ?El channel manager de Reservit es una sencilla","robots":{"index":"index","follow":"follow","max-snippet":"max-snippet:-1","max-image-preview":"max-image-preview:large","max-video-preview":"max-video-preview:-1"},"canonical":"https:\/\/reservit.wagaia.com\/es\/alojamiento-channel-manager\/","og_locale":"es_ES","og_type":"article","og_title":"Alojamiento | Channel manager","og_description":"Channel ManagerUn stock \u00fanico, una gesti\u00f3n especifica para cada distribuidor\u00bf Que es un Channel manager ?El channel manager de Reservit es una sencilla","og_url":"https:\/\/reservit.wagaia.com\/es\/alojamiento-channel-manager\/","og_site_name":"Reservit","article_modified_time":"2021-08-10T12:03:20+00:00","og_image":[{"url":"https:\/\/www.reservit.com\/wp-content\/uploads\/2021\/01\/picto3.png","type":"","width":"","height":""}],"twitter_card":"summary_large_image","twitter_misc":{"Tiempo de lectura":"2 minutos"},"schema":{"@context":"https:\/\/schema.org","@graph":[{"@type":"WebPage","@id":"https:\/\/reservit.wagaia.com\/es\/alojamiento-channel-manager\/","url":"https:\/\/reservit.wagaia.com\/es\/alojamiento-channel-manager\/","name":"Alojamiento | Channel manager","isPartOf":{"@id":"https:\/\/reservit.wagaia.com\/es\/#website"},"primaryImageOfPage":{"@id":"https:\/\/reservit.wagaia.com\/es\/alojamiento-channel-manager\/#primaryimage"},"image":{"@id":"https:\/\/reservit.wagaia.com\/es\/alojamiento-channel-manager\/#primaryimage"},"thumbnailUrl":"https:\/\/www.reservit.com\/wp-content\/uploads\/2021\/01\/picto3.png","datePublished":"2021-01-14T14:48:17+00:00","dateModified":"2021-08-10T12:03:20+00:00","description":"Channel ManagerUn stock \u00fanico, una gesti\u00f3n especifica para cada distribuidor\u00bf Que es un Channel manager ?El channel manager de Reservit es una sencilla","breadcrumb":{"@id":"https:\/\/reservit.wagaia.com\/es\/alojamiento-channel-manager\/#breadcrumb"},"inLanguage":"es","potentialAction":[{"@type":"ReadAction","target":["https:\/\/reservit.wagaia.com\/es\/alojamiento-channel-manager\/"]}]},{"@type":"ImageObject","inLanguage":"es","@id":"https:\/\/reservit.wagaia.com\/es\/alojamiento-channel-manager\/#primaryimage","url":"https:\/\/www.reservit.com\/wp-content\/uploads\/2021\/01\/picto3.png","contentUrl":"https:\/\/www.reservit.com\/wp-content\/uploads\/2021\/01\/picto3.png"},{"@type":"BreadcrumbList","@id":"https:\/\/reservit.wagaia.com\/es\/alojamiento-channel-manager\/#breadcrumb","itemListElement":[{"@type":"ListItem","position":1,"name":"Accueil","item":"https:\/\/reservit.wagaia.com\/es\/"},{"@type":"ListItem","position":2,"name":"Alojamiento | Channel manager"}]},{"@type":"WebSite","@id":"https:\/\/reservit.wagaia.com\/es\/#website","url":"https:\/\/reservit.wagaia.com\/es\/","name":"Reservit","description":"Un site utilisant WordPress","potentialAction":[{"@type":"SearchAction","target":{"@type":"EntryPoint","urlTemplate":"https:\/\/reservit.wagaia.com\/es\/?s={search_term_string}"},"query-input":{"@type":"PropertyValueSpecification","valueRequired":true,"valueName":"search_term_string"}}],"inLanguage":"es"}]}},"_links":{"self":[{"href":"https:\/\/reservit.wagaia.com\/es\/wp-json\/wp\/v2\/pages\/2776","targetHints":{"allow":["GET"]}}],"collection":[{"href":"https:\/\/reservit.wagaia.com\/es\/wp-json\/wp\/v2\/pages"}],"about":[{"href":"https:\/\/reservit.wagaia.com\/es\/wp-json\/wp\/v2\/types\/page"}],"author":[{"embeddable":true,"href":"https:\/\/reservit.wagaia.com\/es\/wp-json\/wp\/v2\/users\/5"}],"replies":[{"embeddable":true,"href":"https:\/\/reservit.wagaia.com\/es\/wp-json\/wp\/v2\/comments?post=2776"}],"version-history":[{"count":0,"href":"https:\/\/reservit.wagaia.com\/es\/wp-json\/wp\/v2\/pages\/2776\/revisions"}],"wp:attachment":[{"href":"https:\/\/reservit.wagaia.com\/es\/wp-json\/wp\/v2\/media?parent=2776"}],"curies":[{"name":"wp","href":"https:\/\/api.w.org\/{rel}","templated":true}]}}